{"id":94,"date":"2024-04-15T10:23:00","date_gmt":"2024-04-15T10:23:00","guid":{"rendered":"https:\/\/inboundcph.dk\/?page_id=94"},"modified":"2024-11-23T11:16:43","modified_gmt":"2024-11-23T10:16:43","slug":"cookiepolicy","status":"publish","type":"page","link":"https:\/\/inboundcph.dk\/sv\/cookiepolitik\/","title":{"rendered":"Policy f\u00f6r cookies"},"content":{"rendered":"<div data-elementor-type=\"wp-page\" data-elementor-id=\"94\" class=\"elementor elementor-94\" data-elementor-post-type=\"page\">\n\t\t\t\t<div class=\"elementor-element elementor-element-22dad8bd e-con-full inbound-vertical-line elementor-hidden-tablet_extra elementor-hidden-tablet elementor-hidden-mobile e-flex e-con e-parent\" data-id=\"22dad8bd\" data-element_type=\"container\" data-e-type=\"container\" data-settings=\"{&quot;position&quot;:&quot;absolute&quot;}\">\n\t\t\t\t<div class=\"elementor-element elementor-element-38b82acd elementor-widget__width-auto elementor-widget-divider--view-line elementor-widget elementor-widget-divider\" data-id=\"38b82acd\" data-element_type=\"widget\" data-e-type=\"widget\" data-widget_type=\"divider.default\">\n\t\t\t\t<div class=\"elementor-widget-container\">\n\t\t\t\t\t\t\t<div class=\"elementor-divider\">\n\t\t\t<span class=\"elementor-divider-separator\">\n\t\t\t\t\t\t<\/span>\n\t\t<\/div>\n\t\t\t\t\t\t<\/div>\n\t\t\t\t<\/div>\n\t\t\t\t<\/div>\n\t\t<div class=\"elementor-element elementor-element-176c9446 e-flex e-con-boxed e-con e-parent\" data-id=\"176c9446\" data-element_type=\"container\" data-e-type=\"container\" data-settings=\"{&quot;background_background&quot;:&quot;classic&quot;}\">\n\t\t\t\t\t<div class=\"e-con-inner\">\n\t\t<div class=\"elementor-element elementor-element-76190c3e e-con-full e-flex e-con e-child\" data-id=\"76190c3e\" data-element_type=\"container\" data-e-type=\"container\">\n\t\t\t\t<div class=\"elementor-element elementor-element-1ff0fe4 elementor-widget elementor-widget-heading\" data-id=\"1ff0fe4\" data-element_type=\"widget\" data-e-type=\"widget\" data-widget_type=\"heading.default\">\n\t\t\t\t<div class=\"elementor-widget-container\">\n\t\t\t\t\t<span class=\"elementor-heading-title elementor-size-default\"> \nV\u00c5R ANV\u00c4NDNING AV COOKIES<\/span>\t\t\t\t<\/div>\n\t\t\t\t<\/div>\n\t\t\t\t<div class=\"elementor-element elementor-element-4c368535 elementor-widget elementor-widget-heading\" data-id=\"4c368535\" data-element_type=\"widget\" data-e-type=\"widget\" data-widget_type=\"heading.default\">\n\t\t\t\t<div class=\"elementor-widget-container\">\n\t\t\t\t\t<h1 class=\"elementor-heading-title elementor-size-default\">Policy f\u00f6r cookies<\/h1>\t\t\t\t<\/div>\n\t\t\t\t<\/div>\n\t\t\t\t<\/div>\n\t\t<div class=\"elementor-element elementor-element-9e1bfab e-con-full elementor-hidden-tablet elementor-hidden-mobile e-flex e-con e-child\" data-id=\"9e1bfab\" data-element_type=\"container\" data-e-type=\"container\">\n\t\t\t\t<\/div>\n\t\t\t\t\t<\/div>\n\t\t\t\t<\/div>\n\t\t<div class=\"elementor-element elementor-element-388cd67f e-flex e-con-boxed e-con e-parent\" data-id=\"388cd67f\" data-element_type=\"container\" data-e-type=\"container\">\n\t\t\t\t\t<div class=\"e-con-inner\">\n\t\t\t\t<div class=\"elementor-element elementor-element-471b735 inbound-text elementor-widget elementor-widget-text-editor\" data-id=\"471b735\" data-element_type=\"widget\" data-e-type=\"widget\" data-widget_type=\"text-editor.default\">\n\t\t\t\t<div class=\"elementor-widget-container\">\n\t\t\t\t\t\t\t\t\t<h2>Om cookies<\/h2><div id=\"panel-7482-1-0-0\" class=\"so-panel widget widget_mtt-text-sections panel-first-child\" data-index=\"1\"><div class=\"so-widget-mtt-text-sections so-widget-mtt-text-sections-base\"><section class=\"mtt-text-sections margin-top-60 margin-bottom-60 margin-classes-added\"><div class=\"page_container text-sections-inner\"><div class=\"text-sections\"><div class=\"text-section inline-styled-text\"><p>En cookie \u00e4r en liten textfil som lagras p\u00e5 din dator, surfplatta eller mobiltelefon. En cookie \u00e4r inte ett program och en cookie kan inte inneh\u00e5lla skadlig kod eller virus.<\/p><\/div><\/div><\/div><\/section><\/div><\/div><div id=\"panel-7482-1-0-1\" class=\"so-panel widget widget_mtt-text-sections\" data-index=\"2\"><div class=\"so-widget-mtt-text-sections so-widget-mtt-text-sections-base\"><section class=\"mtt-text-sections margin-bottom-60 margin-classes-added\"><div class=\"page_container text-sections-inner\"><h2 class=\"title\">V\u00e5r anv\u00e4ndning av cookies<\/h2><div class=\"text-sections\"><div class=\"text-section inline-styled-text\"><p>Cookies \u00e4r n\u00f6dv\u00e4ndiga f\u00f6r att webbplatsen ska fungera. Cookies hj\u00e4lper oss ocks\u00e5 att f\u00e5 en \u00f6verblick \u00f6ver ditt bes\u00f6k p\u00e5 webbplatsen s\u00e5 att vi kontinuerligt kan optimera webbplatsen efter dina behov och intressen. Vi anv\u00e4nder ocks\u00e5 cookies f\u00f6r att rikta v\u00e5ra annonser till dig p\u00e5 andra webbplatser. Sammantaget anv\u00e4nder vi cookies som en del av v\u00e5r tj\u00e4nst f\u00f6r att visa inneh\u00e5ll som \u00e4r s\u00e5 relevant som m\u00f6jligt f\u00f6r dig.<\/p><p>Du kan se vilka tj\u00e4nster som s\u00e4tter cookies, f\u00f6r vilka \u00e4ndam\u00e5l de anv\u00e4nds och hur l\u00e4nge de lagras genom att klicka p\u00e5\u00a0<a>h\u00e4r<\/a>. Klicka sedan p\u00e5 \"Visa detaljer\" och v\u00e4lj en av de olika kategorierna av cookies (N\u00f6dv\u00e4ndiga, Funktionella, Statistiska, Marknadsf\u00f6ring).<\/p><\/div><\/div><\/div><\/section><\/div><\/div><div id=\"panel-7482-1-0-2\" class=\"so-panel widget widget_mtt-text-sections\" data-index=\"3\"><div class=\"so-widget-mtt-text-sections so-widget-mtt-text-sections-base\"><section class=\"mtt-text-sections margin-bottom-60 margin-classes-added\"><div class=\"page_container text-sections-inner\"><h2 class=\"title\">Lagring av cookies<\/h2><div class=\"text-sections\"><div class=\"text-section inline-styled-text\"><p>Det varierar hur l\u00e4nge en viss cookie lagras p\u00e5 dina enheter och webbl\u00e4sare. Livsl\u00e4ngden f\u00f6r en cookie ber\u00e4knas utifr\u00e5n ditt senaste bes\u00f6k p\u00e5 webbplatsen. N\u00e4r cookiens livstid l\u00f6per ut raderas den automatiskt.<\/p><p>Du kan se hur l\u00e4nge vi lagrar v\u00e5ra cookies genom att klicka p\u00e5\u00a0<a>h\u00e4r<\/a>. Klicka sedan p\u00e5 \"Visa detaljer\" och v\u00e4lj en av de olika kategorierna av cookies (N\u00f6dv\u00e4ndiga, Funktionella, Statistiska, Marknadsf\u00f6ring).<\/p><\/div><\/div><\/div><\/section><\/div><\/div><div id=\"panel-7482-1-0-3\" class=\"so-panel widget widget_mtt-text-sections\" data-index=\"4\"><div class=\"so-widget-mtt-text-sections so-widget-mtt-text-sections-base\"><section class=\"mtt-text-sections margin-bottom-60 margin-classes-added\"><div class=\"page_container text-sections-inner\"><h2 class=\"title\">Dina r\u00e4ttigheter<\/h2><div class=\"text-sections\"><div class=\"text-section inline-styled-text\"><p>Du kan alltid avvisa alla cookies helt genom att \u00e4ndra inst\u00e4llningarna i din webbl\u00e4sare p\u00e5 din dator, surfplatta eller telefon. Var du hittar inst\u00e4llningarna beror p\u00e5 vilken webbl\u00e4sare du anv\u00e4nder.<\/p><p>T\u00e4nk p\u00e5 att om du avvisar alla cookies kommer det att finnas funktioner och tj\u00e4nster som du inte kan anv\u00e4nda p\u00e5 webbplatsen eftersom de \u00e4r beroende av cookies. Du kan v\u00e4lja bort cookies fr\u00e5n Google Analytics\u00a0<a href=\"https:\/\/tools.google.com\/dlpage\/gaoptout\" target=\"_blank\" rel=\"noopener\">h\u00e4r<\/a>.<\/p><\/div><\/div><\/div><\/section><\/div><\/div><div id=\"panel-7482-1-0-4\" class=\"so-panel widget widget_mtt-text-sections\" data-index=\"5\"><div class=\"so-widget-mtt-text-sections so-widget-mtt-text-sections-base\"><section class=\"mtt-text-sections margin-bottom-60 margin-classes-added\"><div class=\"page_container text-sections-inner\"><h2 class=\"title\">Radering av cookies<\/h2><div class=\"text-sections\"><div class=\"text-section inline-styled-text\"><p>Cookies som du tidigare har accepterat kan du enkelt radera. Hur du tar bort dem beror p\u00e5 vilken webbl\u00e4sare (Chrome, Firefox, Safari, Edge etc.) och enhet (mobil, surfplatta, PC eller Mac) du anv\u00e4nder.<\/p><\/div><\/div><\/div><\/section><\/div><\/div><div id=\"panel-7482-1-0-5\" class=\"so-panel widget widget_mtt-text-sections\" data-index=\"6\"><div class=\"so-widget-mtt-text-sections so-widget-mtt-text-sections-base\"><section class=\"mtt-text-sections margin-bottom-60 margin-classes-added\"><div class=\"page_container text-sections-inner\"><h2 class=\"title\">\u00c4ndring av ditt samtycke<\/h2><div class=\"text-sections\"><div class=\"text-section inline-styled-text\"><p>Du \u00e4ndrar ditt samtycke genom att antingen ta bort cookies fr\u00e5n webbl\u00e4saren eller genom att \u00e4ndra ditt ursprungliga val genom att klicka p\u00e5\u00a0<a>h\u00e4r<\/a>.<\/p><\/div><\/div><\/div><\/section><\/div><\/div><div id=\"panel-7482-1-0-6\" class=\"so-panel widget widget_mtt-text-sections panel-last-child\" data-index=\"7\"><div class=\"so-widget-mtt-text-sections so-widget-mtt-text-sections-base\"><section class=\"mtt-text-sections margin-bottom-60 margin-classes-added\"><div class=\"page_container text-sections-inner\"><h2 class=\"title\">Fr\u00e5gor och svar<\/h2><div class=\"text-sections\"><div class=\"text-section inline-styled-text\"><p>Om du har n\u00e5gra synpunkter eller fr\u00e5gor ang\u00e5ende v\u00e5r information och\/eller behandling av personuppgifter \u00e4r du v\u00e4lkommen att kontakta\u00a0<a href=\"\/sv\/kontakt\/\">Kontakta oss<\/a>.<\/p><\/div><\/div><\/div><\/section><\/div><\/div>\t\t\t\t\t\t\t\t<\/div>\n\t\t\t\t<\/div>\n\t\t\t\t\t<\/div>\n\t\t\t\t<\/div>\n\t\t\t\t<\/div>","protected":false},"excerpt":{"rendered":"<p>VORES BRUG AF COOKIES Om cookies En cookie er en lille tekstfil, som bliver gemt p\u00e5 din computer, tablet eller mobiltelefon. En cookie er ikke et program, og en cookie kan ikke indeholde skadelige programmer eller virus. Vores brug af cookies Cookies er n\u00f8dvendige for, at websitet kan fungere. Cookies hj\u00e6lper os desuden med at [&hellip;]<\/p>\n","protected":false},"author":2,"featured_media":18154,"parent":0,"menu_order":0,"comment_status":"closed","ping_status":"closed","template":"elementor_header_footer","meta":{"_acf_changed":false,"footnotes":""},"class_list":["post-94","page","type-page","status-publish","has-post-thumbnail","hentry"],"acf":[],"yoast_head":"<!-- This site is optimized with the Yoast SEO Premium plugin v27.2 (Yoast SEO v27.3) - https:\/\/yoast.com\/product\/yoast-seo-premium-wordpress\/ -->\n<title>Cookiepolitik | S\u00e5dan bruger vi cookies \u2013 InboundCPH<\/title>\n<meta name=\"description\" content=\"En cookie er en lille tekstfil, som bliver gemt p\u00e5 din computer, tablet eller mobiltelefon. En cookie er ikke et program og kan ikke indeholde virus.\" \/>\n<meta name=\"robots\" content=\"index, follow, max-snippet:-1, max-image-preview:large, max-video-preview:-1\" \/>\n<link rel=\"canonical\" href=\"https:\/\/inboundcph.dk\/sv\/cookiepolicy\/\" \/>\n<meta property=\"og:locale\" content=\"sv_SE\" \/>\n<meta property=\"og:type\" content=\"article\" \/>\n<meta property=\"og:title\" content=\"Cookiepolitik\" \/>\n<meta property=\"og:description\" content=\"En cookie er en lille tekstfil, som bliver gemt p\u00e5 din computer, tablet eller mobiltelefon. En cookie er ikke et program og kan ikke indeholde virus.\" \/>\n<meta property=\"og:url\" content=\"https:\/\/inboundcph.dk\/sv\/cookiepolicy\/\" \/>\n<meta property=\"og:site_name\" content=\"InboundCPH\" \/>\n<meta property=\"article:publisher\" content=\"https:\/\/www.facebook.com\/inboundcph\" \/>\n<meta property=\"article:modified_time\" content=\"2024-11-23T10:16:43+00:00\" \/>\n<meta property=\"og:image\" content=\"https:\/\/inboundcph.dk\/wp-content\/uploads\/2024\/04\/Top_5-2.jpg\" \/>\n\t<meta property=\"og:image:width\" content=\"1713\" \/>\n\t<meta property=\"og:image:height\" content=\"748\" \/>\n\t<meta property=\"og:image:type\" content=\"image\/jpeg\" \/>\n<meta name=\"twitter:card\" content=\"summary_large_image\" \/>\n<meta name=\"twitter:label1\" content=\"Ber\u00e4knad l\u00e4stid\" \/>\n\t<meta name=\"twitter:data1\" content=\"3 minuter\" \/>\n<script type=\"application\/ld+json\" class=\"yoast-schema-graph\">{\"@context\":\"https:\\\/\\\/schema.org\",\"@graph\":[{\"@type\":\"WebPage\",\"@id\":\"https:\\\/\\\/inboundcph.dk\\\/cookiepolitik\\\/\",\"url\":\"https:\\\/\\\/inboundcph.dk\\\/cookiepolitik\\\/\",\"name\":\"Cookiepolitik | S\u00e5dan bruger vi cookies \u2013 InboundCPH\",\"isPartOf\":{\"@id\":\"https:\\\/\\\/inboundcph.dk\\\/#website\"},\"primaryImageOfPage\":{\"@id\":\"https:\\\/\\\/inboundcph.dk\\\/cookiepolitik\\\/#primaryimage\"},\"image\":{\"@id\":\"https:\\\/\\\/inboundcph.dk\\\/cookiepolitik\\\/#primaryimage\"},\"thumbnailUrl\":\"https:\\\/\\\/inboundcph.dk\\\/wp-content\\\/uploads\\\/2024\\\/04\\\/Top_5-2.jpg\",\"datePublished\":\"2024-04-15T10:23:00+00:00\",\"dateModified\":\"2024-11-23T10:16:43+00:00\",\"description\":\"En cookie er en lille tekstfil, som bliver gemt p\u00e5 din computer, tablet eller mobiltelefon. En cookie er ikke et program og kan ikke indeholde virus.\",\"breadcrumb\":{\"@id\":\"https:\\\/\\\/inboundcph.dk\\\/cookiepolitik\\\/#breadcrumb\"},\"inLanguage\":\"sv-SE\",\"potentialAction\":[{\"@type\":\"ReadAction\",\"target\":[\"https:\\\/\\\/inboundcph.dk\\\/cookiepolitik\\\/\"]}]},{\"@type\":\"ImageObject\",\"inLanguage\":\"sv-SE\",\"@id\":\"https:\\\/\\\/inboundcph.dk\\\/cookiepolitik\\\/#primaryimage\",\"url\":\"https:\\\/\\\/inboundcph.dk\\\/wp-content\\\/uploads\\\/2024\\\/04\\\/Top_5-2.jpg\",\"contentUrl\":\"https:\\\/\\\/inboundcph.dk\\\/wp-content\\\/uploads\\\/2024\\\/04\\\/Top_5-2.jpg\",\"width\":1713,\"height\":748},{\"@type\":\"BreadcrumbList\",\"@id\":\"https:\\\/\\\/inboundcph.dk\\\/cookiepolitik\\\/#breadcrumb\",\"itemListElement\":[{\"@type\":\"ListItem\",\"position\":1,\"name\":\"Home\",\"item\":\"https:\\\/\\\/inboundcph.dk\\\/\"},{\"@type\":\"ListItem\",\"position\":2,\"name\":\"Cookiepolitik\"}]},{\"@type\":\"WebSite\",\"@id\":\"https:\\\/\\\/inboundcph.dk\\\/#website\",\"url\":\"https:\\\/\\\/inboundcph.dk\\\/\",\"name\":\"InboundCPH\",\"description\":\"Specialister i digital marketing\",\"publisher\":{\"@id\":\"https:\\\/\\\/inboundcph.dk\\\/#organization\"},\"potentialAction\":[{\"@type\":\"SearchAction\",\"target\":{\"@type\":\"EntryPoint\",\"urlTemplate\":\"https:\\\/\\\/inboundcph.dk\\\/?s={search_term_string}\"},\"query-input\":{\"@type\":\"PropertyValueSpecification\",\"valueRequired\":true,\"valueName\":\"search_term_string\"}}],\"inLanguage\":\"sv-SE\"},{\"@type\":\"Organization\",\"@id\":\"https:\\\/\\\/inboundcph.dk\\\/#organization\",\"name\":\"InboundCPH A\\\/S\",\"alternateName\":\"InboundCPH\",\"url\":\"https:\\\/\\\/inboundcph.dk\\\/\",\"logo\":{\"@type\":\"ImageObject\",\"inLanguage\":\"sv-SE\",\"@id\":\"https:\\\/\\\/inboundcph.dk\\\/#\\\/schema\\\/logo\\\/image\\\/\",\"url\":\"https:\\\/\\\/inboundcph.dk\\\/wp-content\\\/uploads\\\/2024\\\/04\\\/logo-dark-med-ikon_20211_new.webp\",\"contentUrl\":\"https:\\\/\\\/inboundcph.dk\\\/wp-content\\\/uploads\\\/2024\\\/04\\\/logo-dark-med-ikon_20211_new.webp\",\"width\":550,\"height\":109,\"caption\":\"InboundCPH A\\\/S\"},\"image\":{\"@id\":\"https:\\\/\\\/inboundcph.dk\\\/#\\\/schema\\\/logo\\\/image\\\/\"},\"sameAs\":[\"https:\\\/\\\/www.facebook.com\\\/inboundcph\",\"https:\\\/\\\/dk.linkedin.com\\\/company\\\/inbound-cph\"],\"email\":\"ir@inboundcph.dk\",\"telephone\":\"27297720\",\"legalName\":\"InboundCPH A\\\/S\",\"foundingDate\":\"2013-02-03\",\"vatID\":\"DK39607255\",\"numberOfEmployees\":{\"@type\":\"QuantitativeValue\",\"value\":\"30\"}}]}<\/script>\n<!-- \/ Yoast SEO Premium plugin. -->","yoast_head_json":{"title":"Cookiepolicy | Hur vi anv\u00e4nder cookies - InboundCPH","description":"En cookie \u00e4r en liten textfil som lagras p\u00e5 din dator, surfplatta eller mobiltelefon. En cookie \u00e4r inte ett program och kan inte inneh\u00e5lla virus.","robots":{"index":"index","follow":"follow","max-snippet":"max-snippet:-1","max-image-preview":"max-image-preview:large","max-video-preview":"max-video-preview:-1"},"canonical":"https:\/\/inboundcph.dk\/sv\/cookiepolicy\/","og_locale":"sv_SE","og_type":"article","og_title":"Cookiepolitik","og_description":"En cookie er en lille tekstfil, som bliver gemt p\u00e5 din computer, tablet eller mobiltelefon. En cookie er ikke et program og kan ikke indeholde virus.","og_url":"https:\/\/inboundcph.dk\/sv\/cookiepolicy\/","og_site_name":"InboundCPH","article_publisher":"https:\/\/www.facebook.com\/inboundcph","article_modified_time":"2024-11-23T10:16:43+00:00","og_image":[{"width":1713,"height":748,"url":"https:\/\/inboundcph.dk\/wp-content\/uploads\/2024\/04\/Top_5-2.jpg","type":"image\/jpeg"}],"twitter_card":"summary_large_image","twitter_misc":{"Ber\u00e4knad l\u00e4stid":"3 minuter"},"schema":{"@context":"https:\/\/schema.org","@graph":[{"@type":"WebPage","@id":"https:\/\/inboundcph.dk\/cookiepolitik\/","url":"https:\/\/inboundcph.dk\/cookiepolitik\/","name":"Cookiepolicy | Hur vi anv\u00e4nder cookies - InboundCPH","isPartOf":{"@id":"https:\/\/inboundcph.dk\/#website"},"primaryImageOfPage":{"@id":"https:\/\/inboundcph.dk\/cookiepolitik\/#primaryimage"},"image":{"@id":"https:\/\/inboundcph.dk\/cookiepolitik\/#primaryimage"},"thumbnailUrl":"https:\/\/inboundcph.dk\/wp-content\/uploads\/2024\/04\/Top_5-2.jpg","datePublished":"2024-04-15T10:23:00+00:00","dateModified":"2024-11-23T10:16:43+00:00","description":"En cookie \u00e4r en liten textfil som lagras p\u00e5 din dator, surfplatta eller mobiltelefon. En cookie \u00e4r inte ett program och kan inte inneh\u00e5lla virus.","breadcrumb":{"@id":"https:\/\/inboundcph.dk\/cookiepolitik\/#breadcrumb"},"inLanguage":"sv-SE","potentialAction":[{"@type":"ReadAction","target":["https:\/\/inboundcph.dk\/cookiepolitik\/"]}]},{"@type":"ImageObject","inLanguage":"sv-SE","@id":"https:\/\/inboundcph.dk\/cookiepolitik\/#primaryimage","url":"https:\/\/inboundcph.dk\/wp-content\/uploads\/2024\/04\/Top_5-2.jpg","contentUrl":"https:\/\/inboundcph.dk\/wp-content\/uploads\/2024\/04\/Top_5-2.jpg","width":1713,"height":748},{"@type":"BreadcrumbList","@id":"https:\/\/inboundcph.dk\/cookiepolitik\/#breadcrumb","itemListElement":[{"@type":"ListItem","position":1,"name":"Home","item":"https:\/\/inboundcph.dk\/"},{"@type":"ListItem","position":2,"name":"Cookiepolitik"}]},{"@type":"WebSite","@id":"https:\/\/inboundcph.dk\/#website","url":"https:\/\/inboundcph.dk\/","name":"InboundCPH","description":"Specialister inom digital marknadsf\u00f6ring","publisher":{"@id":"https:\/\/inboundcph.dk\/#organization"},"potentialAction":[{"@type":"SearchAction","target":{"@type":"EntryPoint","urlTemplate":"https:\/\/inboundcph.dk\/?s={search_term_string}"},"query-input":{"@type":"PropertyValueSpecification","valueRequired":true,"valueName":"search_term_string"}}],"inLanguage":"sv-SE"},{"@type":"Organization","@id":"https:\/\/inboundcph.dk\/#organization","name":"InkommandeCPH A\/S","alternateName":"InboundCPH","url":"https:\/\/inboundcph.dk\/","logo":{"@type":"ImageObject","inLanguage":"sv-SE","@id":"https:\/\/inboundcph.dk\/#\/schema\/logo\/image\/","url":"https:\/\/inboundcph.dk\/wp-content\/uploads\/2024\/04\/logo-dark-med-ikon_20211_new.webp","contentUrl":"https:\/\/inboundcph.dk\/wp-content\/uploads\/2024\/04\/logo-dark-med-ikon_20211_new.webp","width":550,"height":109,"caption":"InboundCPH A\/S"},"image":{"@id":"https:\/\/inboundcph.dk\/#\/schema\/logo\/image\/"},"sameAs":["https:\/\/www.facebook.com\/inboundcph","https:\/\/dk.linkedin.com\/company\/inbound-cph"],"email":"ir@inboundcph.dk","telephone":"27297720","legalName":"InboundCPH A\/S","foundingDate":"2013-02-03","vatID":"DK39607255","numberOfEmployees":{"@type":"QuantitativeValue","value":"30"}}]}},"_links":{"self":[{"href":"https:\/\/inboundcph.dk\/sv\/wp-json\/wp\/v2\/pages\/94","targetHints":{"allow":["GET"]}}],"collection":[{"href":"https:\/\/inboundcph.dk\/sv\/wp-json\/wp\/v2\/pages"}],"about":[{"href":"https:\/\/inboundcph.dk\/sv\/wp-json\/wp\/v2\/types\/page"}],"author":[{"embeddable":true,"href":"https:\/\/inboundcph.dk\/sv\/wp-json\/wp\/v2\/users\/2"}],"replies":[{"embeddable":true,"href":"https:\/\/inboundcph.dk\/sv\/wp-json\/wp\/v2\/comments?post=94"}],"version-history":[{"count":0,"href":"https:\/\/inboundcph.dk\/sv\/wp-json\/wp\/v2\/pages\/94\/revisions"}],"wp:featuredmedia":[{"embeddable":true,"href":"https:\/\/inboundcph.dk\/sv\/wp-json\/wp\/v2\/media\/18154"}],"wp:attachment":[{"href":"https:\/\/inboundcph.dk\/sv\/wp-json\/wp\/v2\/media?parent=94"}],"curies":[{"name":"wp","href":"https:\/\/api.w.org\/{rel}","templated":true}]}}