{"id":92,"date":"2024-04-15T10:22:45","date_gmt":"2024-04-15T10:22:45","guid":{"rendered":"https:\/\/inboundcph.dk\/?page_id=92"},"modified":"2024-07-16T11:08:51","modified_gmt":"2024-07-16T10:08:51","slug":"integritetspolicy","status":"publish","type":"page","link":"https:\/\/inboundcph.dk\/sv\/privatlivspolitik\/","title":{"rendered":"Integritetspolicy"},"content":{"rendered":"<div data-elementor-type=\"wp-page\" data-elementor-id=\"92\" class=\"elementor elementor-92\" data-elementor-post-type=\"page\">\n\t\t\t\t<div class=\"elementor-element elementor-element-8473629 e-con-full inbound-vertical-line elementor-hidden-tablet_extra elementor-hidden-tablet elementor-hidden-mobile e-flex e-con e-parent\" data-id=\"8473629\" data-element_type=\"container\" data-e-type=\"container\" data-settings=\"{&quot;position&quot;:&quot;absolute&quot;}\">\n\t\t\t\t<div class=\"elementor-element elementor-element-daf75df elementor-widget__width-auto elementor-widget-divider--view-line elementor-widget elementor-widget-divider\" data-id=\"daf75df\" data-element_type=\"widget\" data-e-type=\"widget\" data-widget_type=\"divider.default\">\n\t\t\t\t<div class=\"elementor-widget-container\">\n\t\t\t\t\t\t\t<div class=\"elementor-divider\">\n\t\t\t<span class=\"elementor-divider-separator\">\n\t\t\t\t\t\t<\/span>\n\t\t<\/div>\n\t\t\t\t\t\t<\/div>\n\t\t\t\t<\/div>\n\t\t\t\t<\/div>\n\t\t<div class=\"elementor-element elementor-element-ad2b4df e-flex e-con-boxed e-con e-parent\" data-id=\"ad2b4df\" data-element_type=\"container\" data-e-type=\"container\" data-settings=\"{&quot;background_background&quot;:&quot;classic&quot;}\">\n\t\t\t\t\t<div class=\"e-con-inner\">\n\t\t<div class=\"elementor-element elementor-element-8756627 e-con-full e-flex e-con e-child\" data-id=\"8756627\" data-element_type=\"container\" data-e-type=\"container\">\n\t\t\t\t<div class=\"elementor-element elementor-element-e851d58 elementor-widget elementor-widget-heading\" data-id=\"e851d58\" data-element_type=\"widget\" data-e-type=\"widget\" data-widget_type=\"heading.default\">\n\t\t\t\t<div class=\"elementor-widget-container\">\n\t\t\t\t\t<span class=\"elementor-heading-title elementor-size-default\"> \nVI TAR V\u00c4L HAND OM DINA UPPGIFTER<\/span>\t\t\t\t<\/div>\n\t\t\t\t<\/div>\n\t\t\t\t<div class=\"elementor-element elementor-element-78943c2 elementor-widget elementor-widget-heading\" data-id=\"78943c2\" data-element_type=\"widget\" data-e-type=\"widget\" data-widget_type=\"heading.default\">\n\t\t\t\t<div class=\"elementor-widget-container\">\n\t\t\t\t\t<h1 class=\"elementor-heading-title elementor-size-default\">Integritetspolicy<\/h1>\t\t\t\t<\/div>\n\t\t\t\t<\/div>\n\t\t\t\t<\/div>\n\t\t<div class=\"elementor-element elementor-element-f16ac0c e-con-full elementor-hidden-tablet elementor-hidden-mobile e-flex e-con e-child\" data-id=\"f16ac0c\" data-element_type=\"container\" data-e-type=\"container\">\n\t\t\t\t<\/div>\n\t\t\t\t\t<\/div>\n\t\t\t\t<\/div>\n\t\t<div class=\"elementor-element elementor-element-c349aec e-flex e-con-boxed e-con e-parent\" data-id=\"c349aec\" data-element_type=\"container\" data-e-type=\"container\">\n\t\t\t\t\t<div class=\"e-con-inner\">\n\t\t\t\t<div class=\"elementor-element elementor-element-93d3716 inbound-text elementor-widget elementor-widget-text-editor\" data-id=\"93d3716\" data-element_type=\"widget\" data-e-type=\"widget\" data-widget_type=\"text-editor.default\">\n\t\t\t\t<div class=\"elementor-widget-container\">\n\t\t\t\t\t\t\t\t\t<h2><img decoding=\"async\" class=\"hideme\" src=\"\/i4k1kgkxormprvxuq4bc.png\" alt=\" \" width=\"0px\" height=\"0px\" \/>Inledning<\/h2><div id=\"panel-7593-1-0-0\" class=\"so-panel widget widget_mtt-text-sections panel-first-child\" data-index=\"1\"><div class=\"so-widget-mtt-text-sections so-widget-mtt-text-sections-base\"><section id=\"om\" class=\"mtt-text-sections margin-top-80 margin-classes-added\" data-offset=\"100\"><div class=\"page_container text-sections-inner\"><div class=\"text-sections\"><div class=\"text-section inline-styled-text\"><p>N\u00e4r du bes\u00f6ker v\u00e5r hemsida och n\u00e4r du aktivt fyller i ett formul\u00e4r p\u00e5 hemsidan samlar vi in en rad olika uppgifter om dig och ditt beteende p\u00e5 hemsidan. Vi anv\u00e4nder informationen f\u00f6r att behandla din f\u00f6rfr\u00e5gan och f\u00f6r statistiska \u00e4ndam\u00e5l, t.ex. f\u00f6r att se hur m\u00e5nga bes\u00f6kare vi har p\u00e5 webbplatsen. Vi \u00e4r medvetna om att din information m\u00e5ste behandlas med respekt f\u00f6r informationens konfidentialitet och f\u00f6r din integritet.<\/p><p>Nedan har vi utvecklat vilken information vi samlar in och syftet med insamlingen. Vi beh\u00e5ller dina uppgifter s\u00e5 l\u00e4nge som vi antingen har en r\u00e4ttslig skyldighet att g\u00f6ra det eller s\u00e5 l\u00e4nge som det \u00e4r relevant f\u00f6r det syfte f\u00f6r vilket uppgifterna samlades in.<\/p><p><em>Denna integritetspolicy uppdaterades senast den 14 augusti 2020.<\/em><\/p><\/div><\/div><\/div><\/section><\/div><\/div><div id=\"panel-7593-1-0-1\" class=\"so-panel widget widget_mtt-text-sections\" data-index=\"2\"><div class=\"so-widget-mtt-text-sections so-widget-mtt-text-sections-base\"><section id=\"om\" class=\"mtt-text-sections margin-top-60 margin-classes-added\" data-offset=\"100\"><div class=\"page_container text-sections-inner\"><h2 class=\"title\">Utgivare<\/h2><div class=\"text-sections\"><div class=\"text-section inline-styled-text\"><p>Webbplatsen \u00e4gs och publiceras av:<\/p><p>InboundCPH ApS<br \/>Rosenv\u00e6ngets All\u00e9 11, st. th.<br \/>2100 K\u00f6penhamn \u00d8, Danmark<\/p><p>CVR: 39607255<\/p><p>Telefon: 70 23 35 35<br \/>E-post: info@inboundcph.dk<\/p><p>Kontaktpersoner:\u00a0<a href=\"\/sv\/anstalld\/lasse-grubbe\/\">Lasse Grubbe<\/a><\/p><\/div><\/div><\/div><\/section><\/div><\/div><div id=\"panel-7593-1-0-2\" class=\"so-panel widget widget_mtt-text-sections\" data-index=\"3\"><div class=\"so-widget-mtt-text-sections so-widget-mtt-text-sections-base\"><section id=\"om\" class=\"mtt-text-sections margin-top-60 margin-classes-added\" data-offset=\"100\"><div class=\"page_container text-sections-inner\"><h2 class=\"title\">Kakor<\/h2><div class=\"text-sections\"><div class=\"text-section inline-styled-text\"><p>Webbplatsen anv\u00e4nder\u00a0<em>Kakor<\/em>Cookies \u00e4r en textfil som lagras p\u00e5 din dator, surfplatta eller mobila enhet i syfte att k\u00e4nna igen din enhet, komma ih\u00e5g dina inst\u00e4llningar och utf\u00f6ra anonymiserad bes\u00f6ksstatistik. Cookies kan inte inneh\u00e5lla skadliga filer som t.ex. virus. Det \u00e4r m\u00f6jligt att radera och blockera cookies.<\/p><p>I v\u00e5r\u00a0<a href=\"\/sv\/cookiepolicy\/\">Cookiepolicy<\/a>\u00a0kan du se en beskrivning av den datalagring vi anv\u00e4nder i v\u00e5ra cookies och l\u00e4sa om hur du n\u00e4r som helst kan \u00e4ndra dina cookieinst\u00e4llningar. Om du raderar cookies kan du riskera att webbplatsen inte fungerar optimalt och att det finns inneh\u00e5ll som du inte l\u00e4ngre kan komma \u00e5t.<\/p><\/div><\/div><\/div><\/section><\/div><\/div><div id=\"panel-7593-1-0-3\" class=\"so-panel widget widget_mtt-text-sections\" data-index=\"4\"><div class=\"so-widget-mtt-text-sections so-widget-mtt-text-sections-base\"><section id=\"om\" class=\"mtt-text-sections margin-top-60 margin-classes-added\" data-offset=\"100\"><div class=\"page_container text-sections-inner\"><h2 class=\"title\">Insamling av data<\/h2><div class=\"text-sections\"><div class=\"text-section inline-styled-text\"><p><strong>Personuppgifter<\/strong><\/p><p>Personuppgifter \u00e4r all information som kan h\u00e4nf\u00f6ras till en enskild person. N\u00e4r du anv\u00e4nder v\u00e5r webbplats samlar vi in och behandlar en del av denna information. Vi samlar ocks\u00e5 in information n\u00e4r du fyller i ett kontaktformul\u00e4r, ett registreringsformul\u00e4r eller ett nedladdningsformul\u00e4r.<\/p><p><strong>Kontaktformul\u00e4r<\/strong><\/p><p>N\u00e4r du anv\u00e4nder ett kontaktformul\u00e4r p\u00e5 webbplatsen lagras den information du har angett och skickas till v\u00e5rt e-postsystem s\u00e5 att vi kan svara p\u00e5 din f\u00f6rfr\u00e5gan. Kontaktformul\u00e4r anv\u00e4nds inte f\u00f6r marknadsf\u00f6ring, anm\u00e4lan till nyhetsbrev eller liknande utan din beg\u00e4ran, och dina uppgifter vidarebefordras inte utanf\u00f6r organisationen om det inte \u00e4r n\u00f6dv\u00e4ndigt och har ditt godk\u00e4nnande.<\/p><p><strong>Registreringsformul\u00e4r<\/strong><\/p><p>N\u00e4r du anm\u00e4ler dig till ett nyhetsbrev, seminarium, webinar, konsultation, business case eller liknande lagras den information du har angett och skickas till v\u00e5rt mailsystem och CRM-system f\u00f6r att vi ska kunna behandla din anm\u00e4lan. Dina uppgifter kommer inte att vidarebefordras utanf\u00f6r organisationen utan ditt samtycke och godk\u00e4nnande.<\/p><p><strong>Ladda ner formul\u00e4r<\/strong><\/p><p>N\u00e4r du laddar ner n\u00e5got - till exempel v\u00e5r SEO-bok - lagras den information du har angett och skickas till v\u00e5rt mailsystem och CRM-system s\u00e5 att vi kan behandla din nedladdning. Om ett nedladdningsformul\u00e4r ocks\u00e5 anv\u00e4nds f\u00f6r att registrera sig f\u00f6r ett nyhetsbrev anges detta tydligt i samband med nedladdningsformul\u00e4ret.<\/p><p><strong>Analysverktyg<\/strong><\/p><p>F\u00f6r att ge oss insikt i hur bes\u00f6kare p\u00e5 v\u00e5r webbplats beter sig anv\u00e4nder vi f\u00f6ljande analysverktyg: Google Analytics, Google Tag Manager, LinkedIn Insights och Leadfeeder. Vi samlar vanligtvis in och behandlar f\u00f6ljande information: Teknisk information om din dator, surfplatta eller telefon, IP-adress, geografisk plats (land och stadsomr\u00e5de), bes\u00f6kets varaktighet och vilka sidor du klickar p\u00e5. Insamlingen sker endast s\u00e5 l\u00e4nge du befinner dig p\u00e5 v\u00e5r webbplats.<\/p><\/div><\/div><\/div><\/section><\/div><\/div><div id=\"panel-7593-1-0-4\" class=\"so-panel widget widget_mtt-text-sections\" data-index=\"5\"><div class=\"so-widget-mtt-text-sections so-widget-mtt-text-sections-base\"><section id=\"om\" class=\"mtt-text-sections margin-top-60 margin-classes-added\" data-offset=\"100\"><div class=\"page_container text-sections-inner\"><h2 class=\"title\">Personuppgiftsbitr\u00e4den<\/h2><div class=\"text-sections\"><div class=\"text-section inline-styled-text\"><p>Vi anv\u00e4nder ett antal tredje parter f\u00f6r att lagra och bearbeta data. De behandlar endast uppgifter f\u00f6r v\u00e5r r\u00e4kning och f\u00e5r inte anv\u00e4nda dem f\u00f6r egna syften. Vi anv\u00e4nder endast personuppgiftsbitr\u00e4den inom EU och i l\u00e4nder som kan erbjuda ett adekvat skydd f\u00f6r dina uppgifter.<\/p><div class=\"table\"><table width=\"100%\"><thead><tr><td><strong>Handl\u00e4ggare<\/strong><\/td><td><strong>Funktionalitet<\/strong><\/td><td><strong>Delning av data<\/strong><\/td><\/tr><\/thead><tbody><tr><td>Google Analytics<\/td><td>Webbstatistik<\/td><td>anonymiserad bes\u00f6ksstatistik f\u00f6r inboundcph.dk<\/td><\/tr><tr><td>LinkedIn-insikter<\/td><td>Webbstatistik<\/td><td>anonymiserad bes\u00f6ksstatistik f\u00f6r inboundcph.dk<\/td><\/tr><tr><td>Huvudmatare<\/td><td>Webbstatistik<\/td><td>IP-adress och bes\u00f6ksstatistik f\u00f6r inboundcph.dk<\/td><\/tr><tr><td>Gmail f\u00f6r f\u00f6retag<\/td><td>Posthantering<\/td><td>Namn, e-post och e-postinneh\u00e5ll<\/td><\/tr><tr><td>Aktiv kampanj<\/td><td>S\u00e4ndning av nyhetsbrev<\/td><td>Namn, e-post och eventuellt jobbtitel, f\u00f6retag och telefonnummer<\/td><\/tr><tr><td>Koppar<\/td><td>Hantering av kundrelationer<\/td><td>Namn, e-post, kontakthistorik och eventuellt jobbtitel, f\u00f6retag och telefonnummer<\/td><\/tr><tr><td>Tjugotre<\/td><td>Webinarium inst\u00e4llt<\/td><td>Namn och e-post<\/td><\/tr><\/tbody><\/table><\/div><\/div><\/div><\/div><\/section><\/div><\/div><div id=\"panel-7593-1-0-5\" class=\"so-panel widget widget_mtt-text-sections\" data-index=\"6\"><div class=\"so-widget-mtt-text-sections so-widget-mtt-text-sections-base\"><section id=\"om\" class=\"mtt-text-sections margin-top-60 margin-classes-added\" data-offset=\"100\"><div class=\"page_container text-sections-inner\"><h2 class=\"title\">Lagring av uppgifter<\/h2><div class=\"text-sections\"><div class=\"text-section inline-styled-text\"><p><strong>Trygghet och s\u00e4kerhet<\/strong><\/p><p>Vi behandlar dina personuppgifter p\u00e5 ett s\u00e4kert och konfidentiellt s\u00e4tt i enlighet med till\u00e4mplig lagstiftning, inklusive den allm\u00e4nna dataskyddsf\u00f6rordningen. Dina uppgifter kommer endast att anv\u00e4ndas f\u00f6r det syfte f\u00f6r vilket de samlades in och kommer att raderas n\u00e4r detta syfte \u00e4r uppfyllt.<\/p><p>Vi har vidtagit tekniska och organisatoriska \u00e5tg\u00e4rder f\u00f6r att f\u00f6rhindra att dina uppgifter oavsiktligt eller olagligt raderas, publiceras, f\u00f6rloras, f\u00f6rs\u00e4mras eller l\u00e4mnas ut till obeh\u00f6riga personer, missbrukas eller p\u00e5 annat s\u00e4tt behandlas i strid med lagen.<\/p><p><strong>Datalagringens l\u00e4ngd<\/strong><\/p><p>Uppgifterna lagras under den tid som till\u00e5ts enligt lag och vi raderar dem n\u00e4r de inte l\u00e4ngre beh\u00f6vs. Perioden beror p\u00e5 uppgifternas art och sk\u00e4let till att de lagras. Det \u00e4r d\u00e4rf\u00f6r inte m\u00f6jligt att ange en generell tidsram f\u00f6r n\u00e4r information raderas.<\/p><p>Analytiska data arkiveras p\u00e5 obest\u00e4md tid f\u00f6r att se och f\u00f6lja v\u00e5r tillv\u00e4xt online och f\u00f6rb\u00e4ttra v\u00e5r webbplats och v\u00e5ra marknadsf\u00f6ringsinsatser.<\/p><p><strong>Rutiner f\u00f6r dataintr\u00e5ng<\/strong><\/p><p>I h\u00e4ndelse av ett dataintr\u00e5ng kommer alla ber\u00f6rda parter att kontaktas inom 72 timmar med information om vilka uppgifter som har g\u00e5tt f\u00f6rlorade och instruktioner om vad de ska g\u00f6ra \u00e5t det. V\u00e5r f\u00f6rsta prioritet i en s\u00e5dan situation \u00e4r att t\u00e4ppa till s\u00e4kerhetsh\u00e5let f\u00f6r att minimera dataf\u00f6rlusten f\u00f6r de drabbade.<\/p><\/div><\/div><\/div><\/section><\/div><\/div><div id=\"panel-7593-1-0-6\" class=\"so-panel widget widget_mtt-text-sections panel-last-child\" data-index=\"7\"><div class=\"so-widget-mtt-text-sections so-widget-mtt-text-sections-base\"><section id=\"om\" class=\"mtt-text-sections margin-top-60 margin-bottom-120 margin-classes-added\" data-offset=\"100\"><div class=\"page_container text-sections-inner\"><h2 class=\"title\">R\u00e4ttigheter till data<\/h2><div class=\"text-sections\"><div class=\"text-section inline-styled-text\"><p><strong>Exportera och radera data<\/strong><\/p><p>Du har r\u00e4tt att f\u00e5 tillg\u00e5ng till de uppgifter vi har om dig. Du kan beg\u00e4ra en fil som inneh\u00e5ller de personligt identifierbara uppgifter vi har om dig. Du kan ocks\u00e5 beg\u00e4ra att vi raderar alla personuppgifter, med undantag f\u00f6r uppgifter som vi \u00e4r skyldiga att lagra av administrativa, juridiska eller s\u00e4kerhetsm\u00e4ssiga sk\u00e4l. Kontakta den personuppgiftsansvarige via den e-postadress som anges h\u00f6gst upp p\u00e5 denna sida.<\/p><p><strong>Alternativ f\u00f6r reklamation<\/strong><\/p><p>Du kan klaga till\u00a0<a href=\"http:\/\/www.datatilsynet.dk\/\" target=\"_blank\" rel=\"noopener\">Dataskyddsmyndigheten<\/a>\u00a0om v\u00e5r behandling av dina uppgifter om du anser att behandlingen strider mot den allm\u00e4nna dataskyddsf\u00f6rordningen.<\/p><\/div><\/div><\/div><\/section><\/div><\/div>\t\t\t\t\t\t\t\t<\/div>\n\t\t\t\t<\/div>\n\t\t\t\t\t<\/div>\n\t\t\t\t<\/div>\n\t\t\t\t<\/div>","protected":false},"excerpt":{"rendered":"<p>VI PASSER GODT P\u00c5 DINE DATA Introduktion N\u00e5r du bes\u00f8ger vores website, og n\u00e5r du aktivt udfylder en formular p\u00e5 websitet, indsamler vi en r\u00e6kke oplysninger om dig og din adf\u00e6rd p\u00e5 websitet. Vi bruger oplysningerne til at behandle din foresp\u00f8rgsel og til statistiske form\u00e5l for blandt andet at se, hvor mange bes\u00f8gende vi har [&hellip;]<\/p>\n","protected":false},"author":2,"featured_media":0,"parent":0,"menu_order":0,"comment_status":"closed","ping_status":"closed","template":"elementor_header_footer","meta":{"_acf_changed":false,"footnotes":""},"class_list":["post-92","page","type-page","status-publish","hentry"],"acf":[],"yoast_head":"<!-- This site is optimized with the Yoast SEO Premium plugin v27.2 (Yoast SEO v27.3) - https:\/\/yoast.com\/product\/yoast-seo-premium-wordpress\/ -->\n<title>Privatlivspolitik | Vi passer godt p\u00e5 dine data \u2013 InboundCPH<\/title>\n<meta name=\"description\" content=\"Find oplysninger om vores indsamling og behandling af din data, n\u00e5r du bes\u00f8ger inboundcph1stg.wpenginepowered.com. L\u00e6s vores privatlivspolitik her.\" \/>\n<meta name=\"robots\" content=\"index, follow, max-snippet:-1, max-image-preview:large, max-video-preview:-1\" \/>\n<link rel=\"canonical\" href=\"https:\/\/inboundcph.dk\/sv\/integritetspolicy\/\" \/>\n<meta property=\"og:locale\" content=\"sv_SE\" \/>\n<meta property=\"og:type\" content=\"article\" \/>\n<meta property=\"og:title\" content=\"Privatlivspolitik\" \/>\n<meta property=\"og:description\" content=\"Find oplysninger om vores indsamling og behandling af din data, n\u00e5r du bes\u00f8ger inboundcph1stg.wpenginepowered.com. L\u00e6s vores privatlivspolitik her.\" \/>\n<meta property=\"og:url\" content=\"https:\/\/inboundcph.dk\/sv\/integritetspolicy\/\" \/>\n<meta property=\"og:site_name\" content=\"InboundCPH\" \/>\n<meta property=\"article:publisher\" content=\"https:\/\/www.facebook.com\/inboundcph\" \/>\n<meta property=\"article:modified_time\" content=\"2024-07-16T10:08:51+00:00\" \/>\n<meta property=\"og:image\" content=\"https:\/\/inboundcph.dk\/wp-content\/uploads\/2024\/05\/Kontakt-os.jpg\" \/>\n\t<meta property=\"og:image:width\" content=\"1200\" \/>\n\t<meta property=\"og:image:height\" content=\"628\" \/>\n\t<meta property=\"og:image:type\" content=\"image\/jpeg\" \/>\n<meta name=\"twitter:card\" content=\"summary_large_image\" \/>\n<meta name=\"twitter:label1\" content=\"Ber\u00e4knad l\u00e4stid\" \/>\n\t<meta name=\"twitter:data1\" content=\"5 minuter\" \/>\n<script type=\"application\/ld+json\" class=\"yoast-schema-graph\">{\"@context\":\"https:\\\/\\\/schema.org\",\"@graph\":[{\"@type\":\"WebPage\",\"@id\":\"https:\\\/\\\/inboundcph.dk\\\/privatlivspolitik\\\/\",\"url\":\"https:\\\/\\\/inboundcph.dk\\\/privatlivspolitik\\\/\",\"name\":\"Privatlivspolitik | Vi passer godt p\u00e5 dine data \u2013 InboundCPH\",\"isPartOf\":{\"@id\":\"https:\\\/\\\/inboundcph.dk\\\/#website\"},\"datePublished\":\"2024-04-15T10:22:45+00:00\",\"dateModified\":\"2024-07-16T10:08:51+00:00\",\"description\":\"Find oplysninger om vores indsamling og behandling af din data, n\u00e5r du bes\u00f8ger inboundcph1stg.wpenginepowered.com. L\u00e6s vores privatlivspolitik her.\",\"breadcrumb\":{\"@id\":\"https:\\\/\\\/inboundcph.dk\\\/privatlivspolitik\\\/#breadcrumb\"},\"inLanguage\":\"sv-SE\",\"potentialAction\":[{\"@type\":\"ReadAction\",\"target\":[\"https:\\\/\\\/inboundcph.dk\\\/privatlivspolitik\\\/\"]}]},{\"@type\":\"BreadcrumbList\",\"@id\":\"https:\\\/\\\/inboundcph.dk\\\/privatlivspolitik\\\/#breadcrumb\",\"itemListElement\":[{\"@type\":\"ListItem\",\"position\":1,\"name\":\"Home\",\"item\":\"https:\\\/\\\/inboundcph.dk\\\/\"},{\"@type\":\"ListItem\",\"position\":2,\"name\":\"Privatlivspolitik\"}]},{\"@type\":\"WebSite\",\"@id\":\"https:\\\/\\\/inboundcph.dk\\\/#website\",\"url\":\"https:\\\/\\\/inboundcph.dk\\\/\",\"name\":\"InboundCPH\",\"description\":\"Specialister i digital marketing\",\"publisher\":{\"@id\":\"https:\\\/\\\/inboundcph.dk\\\/#organization\"},\"potentialAction\":[{\"@type\":\"SearchAction\",\"target\":{\"@type\":\"EntryPoint\",\"urlTemplate\":\"https:\\\/\\\/inboundcph.dk\\\/?s={search_term_string}\"},\"query-input\":{\"@type\":\"PropertyValueSpecification\",\"valueRequired\":true,\"valueName\":\"search_term_string\"}}],\"inLanguage\":\"sv-SE\"},{\"@type\":\"Organization\",\"@id\":\"https:\\\/\\\/inboundcph.dk\\\/#organization\",\"name\":\"InboundCPH A\\\/S\",\"alternateName\":\"InboundCPH\",\"url\":\"https:\\\/\\\/inboundcph.dk\\\/\",\"logo\":{\"@type\":\"ImageObject\",\"inLanguage\":\"sv-SE\",\"@id\":\"https:\\\/\\\/inboundcph.dk\\\/#\\\/schema\\\/logo\\\/image\\\/\",\"url\":\"https:\\\/\\\/inboundcph.dk\\\/wp-content\\\/uploads\\\/2024\\\/04\\\/logo-dark-med-ikon_20211_new.webp\",\"contentUrl\":\"https:\\\/\\\/inboundcph.dk\\\/wp-content\\\/uploads\\\/2024\\\/04\\\/logo-dark-med-ikon_20211_new.webp\",\"width\":550,\"height\":109,\"caption\":\"InboundCPH A\\\/S\"},\"image\":{\"@id\":\"https:\\\/\\\/inboundcph.dk\\\/#\\\/schema\\\/logo\\\/image\\\/\"},\"sameAs\":[\"https:\\\/\\\/www.facebook.com\\\/inboundcph\",\"https:\\\/\\\/dk.linkedin.com\\\/company\\\/inbound-cph\"],\"email\":\"ir@inboundcph.dk\",\"telephone\":\"27297720\",\"legalName\":\"InboundCPH A\\\/S\",\"foundingDate\":\"2013-02-03\",\"vatID\":\"DK39607255\",\"numberOfEmployees\":{\"@type\":\"QuantitativeValue\",\"value\":\"30\"}}]}<\/script>\n<!-- \/ Yoast SEO Premium plugin. -->","yoast_head_json":{"title":"Integritetspolicy | Vi tar v\u00e4l hand om dina uppgifter - InboundCPH","description":"Hitta information om v\u00e5r insamling och behandling av dina uppgifter n\u00e4r du bes\u00f6ker inboundcph1stg.wpenginepowered.com. L\u00e4s v\u00e5r integritetspolicy h\u00e4r.","robots":{"index":"index","follow":"follow","max-snippet":"max-snippet:-1","max-image-preview":"max-image-preview:large","max-video-preview":"max-video-preview:-1"},"canonical":"https:\/\/inboundcph.dk\/sv\/integritetspolicy\/","og_locale":"sv_SE","og_type":"article","og_title":"Privatlivspolitik","og_description":"Find oplysninger om vores indsamling og behandling af din data, n\u00e5r du bes\u00f8ger inboundcph1stg.wpenginepowered.com. L\u00e6s vores privatlivspolitik her.","og_url":"https:\/\/inboundcph.dk\/sv\/integritetspolicy\/","og_site_name":"InboundCPH","article_publisher":"https:\/\/www.facebook.com\/inboundcph","article_modified_time":"2024-07-16T10:08:51+00:00","og_image":[{"width":1200,"height":628,"url":"https:\/\/inboundcph.dk\/wp-content\/uploads\/2024\/05\/Kontakt-os.jpg","type":"image\/jpeg"}],"twitter_card":"summary_large_image","twitter_misc":{"Ber\u00e4knad l\u00e4stid":"5 minuter"},"schema":{"@context":"https:\/\/schema.org","@graph":[{"@type":"WebPage","@id":"https:\/\/inboundcph.dk\/privatlivspolitik\/","url":"https:\/\/inboundcph.dk\/privatlivspolitik\/","name":"Integritetspolicy | Vi tar v\u00e4l hand om dina uppgifter - InboundCPH","isPartOf":{"@id":"https:\/\/inboundcph.dk\/#website"},"datePublished":"2024-04-15T10:22:45+00:00","dateModified":"2024-07-16T10:08:51+00:00","description":"Hitta information om v\u00e5r insamling och behandling av dina uppgifter n\u00e4r du bes\u00f6ker inboundcph1stg.wpenginepowered.com. L\u00e4s v\u00e5r integritetspolicy h\u00e4r.","breadcrumb":{"@id":"https:\/\/inboundcph.dk\/privatlivspolitik\/#breadcrumb"},"inLanguage":"sv-SE","potentialAction":[{"@type":"ReadAction","target":["https:\/\/inboundcph.dk\/privatlivspolitik\/"]}]},{"@type":"BreadcrumbList","@id":"https:\/\/inboundcph.dk\/privatlivspolitik\/#breadcrumb","itemListElement":[{"@type":"ListItem","position":1,"name":"Home","item":"https:\/\/inboundcph.dk\/"},{"@type":"ListItem","position":2,"name":"Privatlivspolitik"}]},{"@type":"WebSite","@id":"https:\/\/inboundcph.dk\/#website","url":"https:\/\/inboundcph.dk\/","name":"InboundCPH","description":"Specialister inom digital marknadsf\u00f6ring","publisher":{"@id":"https:\/\/inboundcph.dk\/#organization"},"potentialAction":[{"@type":"SearchAction","target":{"@type":"EntryPoint","urlTemplate":"https:\/\/inboundcph.dk\/?s={search_term_string}"},"query-input":{"@type":"PropertyValueSpecification","valueRequired":true,"valueName":"search_term_string"}}],"inLanguage":"sv-SE"},{"@type":"Organization","@id":"https:\/\/inboundcph.dk\/#organization","name":"InkommandeCPH A\/S","alternateName":"InboundCPH","url":"https:\/\/inboundcph.dk\/","logo":{"@type":"ImageObject","inLanguage":"sv-SE","@id":"https:\/\/inboundcph.dk\/#\/schema\/logo\/image\/","url":"https:\/\/inboundcph.dk\/wp-content\/uploads\/2024\/04\/logo-dark-med-ikon_20211_new.webp","contentUrl":"https:\/\/inboundcph.dk\/wp-content\/uploads\/2024\/04\/logo-dark-med-ikon_20211_new.webp","width":550,"height":109,"caption":"InboundCPH A\/S"},"image":{"@id":"https:\/\/inboundcph.dk\/#\/schema\/logo\/image\/"},"sameAs":["https:\/\/www.facebook.com\/inboundcph","https:\/\/dk.linkedin.com\/company\/inbound-cph"],"email":"ir@inboundcph.dk","telephone":"27297720","legalName":"InboundCPH A\/S","foundingDate":"2013-02-03","vatID":"DK39607255","numberOfEmployees":{"@type":"QuantitativeValue","value":"30"}}]}},"_links":{"self":[{"href":"https:\/\/inboundcph.dk\/sv\/wp-json\/wp\/v2\/pages\/92","targetHints":{"allow":["GET"]}}],"collection":[{"href":"https:\/\/inboundcph.dk\/sv\/wp-json\/wp\/v2\/pages"}],"about":[{"href":"https:\/\/inboundcph.dk\/sv\/wp-json\/wp\/v2\/types\/page"}],"author":[{"embeddable":true,"href":"https:\/\/inboundcph.dk\/sv\/wp-json\/wp\/v2\/users\/2"}],"replies":[{"embeddable":true,"href":"https:\/\/inboundcph.dk\/sv\/wp-json\/wp\/v2\/comments?post=92"}],"version-history":[{"count":0,"href":"https:\/\/inboundcph.dk\/sv\/wp-json\/wp\/v2\/pages\/92\/revisions"}],"wp:attachment":[{"href":"https:\/\/inboundcph.dk\/sv\/wp-json\/wp\/v2\/media?parent=92"}],"curies":[{"name":"wp","href":"https:\/\/api.w.org\/{rel}","templated":true}]}}