{"id":21729,"date":"2025-09-11T13:06:01","date_gmt":"2025-09-11T12:06:01","guid":{"rendered":"https:\/\/inboundcph.dk\/?page_id=21729"},"modified":"2025-09-11T13:11:20","modified_gmt":"2025-09-11T12:11:20","slug":"tack-for-din-ansokan","status":"publish","type":"page","link":"https:\/\/inboundcph.dk\/sv\/tak\/tak-ansoegning\/","title":{"rendered":"Tack s\u00e5 mycket: Ans\u00f6kan"},"content":{"rendered":"<div data-elementor-type=\"wp-page\" data-elementor-id=\"21729\" class=\"elementor elementor-21729\" data-elementor-post-type=\"page\">\n\t\t\t\t<div class=\"elementor-element elementor-element-78c7db79 e-flex e-con-boxed e-con e-parent\" data-id=\"78c7db79\" data-element_type=\"container\" data-e-type=\"container\" data-settings=\"{&quot;background_background&quot;:&quot;classic&quot;}\">\n\t\t\t\t\t<div class=\"e-con-inner\">\n\t\t<div class=\"elementor-element elementor-element-5f65daa0 e-con-full e-flex e-con e-child\" data-id=\"5f65daa0\" data-element_type=\"container\" data-e-type=\"container\">\n\t\t\t\t<div class=\"elementor-element elementor-element-5f3fcd50 elementor-widget elementor-widget-heading\" data-id=\"5f3fcd50\" data-element_type=\"widget\" data-e-type=\"widget\" data-widget_type=\"heading.default\">\n\t\t\t\t<div class=\"elementor-widget-container\">\n\t\t\t\t\t<span class=\"elementor-heading-title elementor-size-default\">Tack f\u00f6r din ANS\u00d6KAN!<\/span>\t\t\t\t<\/div>\n\t\t\t\t<\/div>\n\t\t\t\t<div class=\"elementor-element elementor-element-80ef5fe elementor-widget elementor-widget-heading\" data-id=\"80ef5fe\" data-element_type=\"widget\" data-e-type=\"widget\" data-widget_type=\"heading.default\">\n\t\t\t\t<div class=\"elementor-widget-container\">\n\t\t\t\t\t<h1 class=\"elementor-heading-title elementor-size-default\"> Vi kommer att kontakta dig s\u00e5 snart som m\u00f6jligt<\/h1>\t\t\t\t<\/div>\n\t\t\t\t<\/div>\n\t\t\t\t<div class=\"elementor-element elementor-element-e101de1 inbound-text elementor-widget elementor-widget-text-editor\" data-id=\"e101de1\" data-element_type=\"widget\" data-e-type=\"widget\" data-widget_type=\"text-editor.default\">\n\t\t\t\t<div class=\"elementor-widget-container\">\n\t\t\t\t\t\t\t\t\t<p>Vi f\u00e5r in m\u00e5nga ans\u00f6kningar, s\u00e5 det kan ta lite tid f\u00f6r oss att g\u00e5 igenom din. Vi \u00e5terkommer till dig s\u00e5 snart vi har haft m\u00f6jlighet att g\u00e5 igenom den.<\/p>\t\t\t\t\t\t\t\t<\/div>\n\t\t\t\t<\/div>\n\t\t\t\t<\/div>\n\t\t<div class=\"elementor-element elementor-element-5edc9a83 e-con-full elementor-hidden-tablet elementor-hidden-mobile e-flex e-con e-child\" data-id=\"5edc9a83\" data-element_type=\"container\" data-e-type=\"container\">\n\t\t\t\t<\/div>\n\t\t\t\t\t<\/div>\n\t\t\t\t<\/div>\n\t\t\t\t<\/div>","protected":false},"excerpt":{"rendered":"<p>Tack f\u00f6r din ANS\u00d6KAN! Vi kontaktar dig s\u00e5 snart som m\u00f6jligt Vi f\u00e5r m\u00e5nga ans\u00f6kningar, s\u00e5 det kan ta lite tid f\u00f6r oss att granska din. Vi \u00e5terkommer till dig s\u00e5 snart vi har haft m\u00f6jlighet att g\u00e5 igenom den.<\/p>","protected":false},"author":4,"featured_media":0,"parent":18729,"menu_order":0,"comment_status":"closed","ping_status":"closed","template":"elementor_header_footer","meta":{"_acf_changed":false,"footnotes":""},"class_list":["post-21729","page","type-page","status-publish","hentry"],"acf":[],"_links":{"self":[{"href":"https:\/\/inboundcph.dk\/sv\/wp-json\/wp\/v2\/pages\/21729","targetHints":{"allow":["GET"]}}],"collection":[{"href":"https:\/\/inboundcph.dk\/sv\/wp-json\/wp\/v2\/pages"}],"about":[{"href":"https:\/\/inboundcph.dk\/sv\/wp-json\/wp\/v2\/types\/page"}],"author":[{"embeddable":true,"href":"https:\/\/inboundcph.dk\/sv\/wp-json\/wp\/v2\/users\/4"}],"replies":[{"embeddable":true,"href":"https:\/\/inboundcph.dk\/sv\/wp-json\/wp\/v2\/comments?post=21729"}],"version-history":[{"count":0,"href":"https:\/\/inboundcph.dk\/sv\/wp-json\/wp\/v2\/pages\/21729\/revisions"}],"up":[{"embeddable":true,"href":"https:\/\/inboundcph.dk\/sv\/wp-json\/wp\/v2\/pages\/18729"}],"wp:attachment":[{"href":"https:\/\/inboundcph.dk\/sv\/wp-json\/wp\/v2\/media?parent=21729"}],"curies":[{"name":"wp","href":"https:\/\/api.w.org\/{rel}","templated":true}]}}