{"id":19147,"date":"2024-06-19T20:27:45","date_gmt":"2024-06-19T19:27:45","guid":{"rendered":"https:\/\/inboundcph.dk\/?page_id=19147"},"modified":"2024-06-19T20:34:58","modified_gmt":"2024-06-19T19:34:58","slug":"widgetar","status":"publish","type":"page","link":"https:\/\/inboundcph.dk\/sv\/widgets\/","title":{"rendered":"Widgetar"},"content":{"rendered":"<div data-elementor-type=\"wp-page\" data-elementor-id=\"19147\" class=\"elementor elementor-19147\" data-elementor-post-type=\"page\">\n\t\t\t\t<div class=\"elementor-element elementor-element-51c7f08e e-con-full inbound-vertical-line elementor-hidden-tablet_extra elementor-hidden-tablet elementor-hidden-mobile e-flex e-con e-parent\" data-id=\"51c7f08e\" data-element_type=\"container\" data-e-type=\"container\" data-settings=\"{&quot;position&quot;:&quot;absolute&quot;}\">\n\t\t\t\t<div class=\"elementor-element elementor-element-13b34c5f elementor-widget__width-auto elementor-widget-divider--view-line elementor-widget elementor-widget-divider\" data-id=\"13b34c5f\" data-element_type=\"widget\" data-e-type=\"widget\" data-widget_type=\"divider.default\">\n\t\t\t\t<div class=\"elementor-widget-container\">\n\t\t\t\t\t\t\t<div class=\"elementor-divider\">\n\t\t\t<span class=\"elementor-divider-separator\">\n\t\t\t\t\t\t<\/span>\n\t\t<\/div>\n\t\t\t\t\t\t<\/div>\n\t\t\t\t<\/div>\n\t\t\t\t<\/div>\n\t\t<div class=\"elementor-element elementor-element-364af01b e-flex e-con-boxed e-con e-parent\" data-id=\"364af01b\" data-element_type=\"container\" data-e-type=\"container\" data-settings=\"{&quot;background_background&quot;:&quot;classic&quot;}\">\n\t\t\t\t\t<div class=\"e-con-inner\">\n\t\t<div class=\"elementor-element elementor-element-1c9b726f e-con-full e-flex e-con e-child\" data-id=\"1c9b726f\" data-element_type=\"container\" data-e-type=\"container\">\n\t\t\t\t<div class=\"elementor-element elementor-element-2982828a elementor-widget elementor-widget-heading\" data-id=\"2982828a\" data-element_type=\"widget\" data-e-type=\"widget\" data-widget_type=\"heading.default\">\n\t\t\t\t<div class=\"elementor-widget-container\">\n\t\t\t\t\t<h1 class=\"elementor-heading-title elementor-size-default\"> Digital marknadsf\u00f6ring - drivs av passionerade experter<\/h1>\t\t\t\t<\/div>\n\t\t\t\t<\/div>\n\t\t\t\t<div class=\"elementor-element elementor-element-2d3062df inbound-text elementor-widget elementor-widget-text-editor\" data-id=\"2d3062df\" data-element_type=\"widget\" data-e-type=\"widget\" data-widget_type=\"text-editor.default\">\n\t\t\t\t<div class=\"elementor-widget-container\">\n\t\t\t\t\t\t\t\t\t<p><img decoding=\"async\" class=\"hideme\" src=\"\/m8beywhubde868k41f8n.png\" alt=\" \" width=\"0px\" height=\"0px\" \/>Vi \u00e4r en digital marknadsf\u00f6ringsbyr\u00e5 som kombinerar djup erfarenhet av SEO, Google Ads, marketing automation och sociala medier med avancerad AI, grafisk design och djupg\u00e5ende analyser f\u00f6r att leverera innovativa l\u00f6sningar.<br \/><br \/>V\u00e5rt team, som best\u00e5r av en dynamisk blandning av m\u00e5nga seniora specialister och talangfulla nykomlingar, \u00e4r specialiserat p\u00e5 att f\u00f6rst\u00e5 och l\u00f6sa dina aff\u00e4rsutmaningar, oavsett om du \u00e4r verksam inom B2C, B2B eller den offentliga sektorn. Vi ser till att du f\u00e5r tillg\u00e5ng till skr\u00e4ddarsydda strategier och djupa insikter, allt f\u00f6r att skapa konkreta resultat och p\u00e5skynda din digitala tillv\u00e4xt.<\/p>\t\t\t\t\t\t\t\t<\/div>\n\t\t\t\t<\/div>\n\t\t\t\t<\/div>\n\t\t<div class=\"elementor-element elementor-element-1f6d6cb9 e-con-full elementor-hidden-tablet elementor-hidden-mobile e-flex e-con e-child\" data-id=\"1f6d6cb9\" data-element_type=\"container\" data-e-type=\"container\">\n\t\t\t\t<\/div>\n\t\t\t\t\t<\/div>\n\t\t\t\t<\/div>\n\t\t<div class=\"elementor-element elementor-element-3eff10da e-flex e-con-boxed e-con e-parent\" data-id=\"3eff10da\" data-element_type=\"container\" data-e-type=\"container\">\n\t\t\t\t\t<div class=\"e-con-inner\">\n\t\t<div class=\"elementor-element elementor-element-32b0a461 e-flex e-con-boxed e-con e-child\" data-id=\"32b0a461\" data-element_type=\"container\" data-e-type=\"container\">\n\t\t\t\t\t<div class=\"e-con-inner\">\n\t\t\t\t<div class=\"elementor-element elementor-element-27595b2e elementor-widget elementor-widget-image\" data-id=\"27595b2e\" data-element_type=\"widget\" data-e-type=\"widget\" data-widget_type=\"image.default\">\n\t\t\t\t<div class=\"elementor-widget-container\">\n\t\t\t\t\t\t\t\t\t\t\t\t\t\t\t<img decoding=\"async\" width=\"140\" height=\"40\" src=\"https:\/\/inboundcph.dk\/wp-content\/uploads\/2024\/04\/Jem-Fix-logo-2-new.webp\" class=\"attachment-full size-full wp-image-12259\" alt=\"\" \/>\t\t\t\t\t\t\t\t\t\t\t\t\t\t\t<\/div>\n\t\t\t\t<\/div>\n\t\t\t\t<div class=\"elementor-element elementor-element-246dd928 elementor-widget elementor-widget-image\" data-id=\"246dd928\" data-element_type=\"widget\" data-e-type=\"widget\" data-widget_type=\"image.default\">\n\t\t\t\t<div class=\"elementor-widget-container\">\n\t\t\t\t\t\t\t\t\t\t\t\t\t\t\t<img decoding=\"async\" width=\"138\" height=\"40\" src=\"https:\/\/inboundcph.dk\/wp-content\/uploads\/2024\/04\/Apopro-logo-1-1-new.webp\" class=\"attachment-full size-full wp-image-12260\" alt=\"\" \/>\t\t\t\t\t\t\t\t\t\t\t\t\t\t\t<\/div>\n\t\t\t\t<\/div>\n\t\t\t\t\t<\/div>\n\t\t\t\t<\/div>\n\t\t\t\t\t<\/div>\n\t\t\t\t<\/div>\n\t\t\t\t<\/div>","protected":false},"excerpt":{"rendered":"<p>Digital marketing \u2013 drevet af passionerede eksperter Vi er et digitalt marketingbureau, som forener dyb erfaring inden for SEO, Google Ads, marketing automation og sociale medier med avanceret AI, grafisk design og dybdeg\u00e5ende analyse for at levere innovative l\u00f8sninger. Vores team, som er en dynamisk blanding af mange seniorspecialister og talentfulde nyankomne, specialiserer sig i [&hellip;]<\/p>\n","protected":false},"author":2,"featured_media":0,"parent":0,"menu_order":0,"comment_status":"closed","ping_status":"closed","template":"elementor_header_footer","meta":{"_acf_changed":false,"footnotes":""},"class_list":["post-19147","page","type-page","status-publish","hentry"],"acf":[],"_links":{"self":[{"href":"https:\/\/inboundcph.dk\/sv\/wp-json\/wp\/v2\/pages\/19147","targetHints":{"allow":["GET"]}}],"collection":[{"href":"https:\/\/inboundcph.dk\/sv\/wp-json\/wp\/v2\/pages"}],"about":[{"href":"https:\/\/inboundcph.dk\/sv\/wp-json\/wp\/v2\/types\/page"}],"author":[{"embeddable":true,"href":"https:\/\/inboundcph.dk\/sv\/wp-json\/wp\/v2\/users\/2"}],"replies":[{"embeddable":true,"href":"https:\/\/inboundcph.dk\/sv\/wp-json\/wp\/v2\/comments?post=19147"}],"version-history":[{"count":0,"href":"https:\/\/inboundcph.dk\/sv\/wp-json\/wp\/v2\/pages\/19147\/revisions"}],"wp:attachment":[{"href":"https:\/\/inboundcph.dk\/sv\/wp-json\/wp\/v2\/media?parent=19147"}],"curies":[{"name":"wp","href":"https:\/\/api.w.org\/{rel}","templated":true}]}}