{"id":18783,"date":"2024-05-28T14:16:26","date_gmt":"2024-05-28T13:16:26","guid":{"rendered":"https:\/\/inboundcph.dk\/?page_id=18783"},"modified":"2024-09-10T04:45:30","modified_gmt":"2024-09-10T03:45:30","slug":"seminarium-for-registrering-av-e-post","status":"publish","type":"page","link":"https:\/\/inboundcph.dk\/sv\/tak\/signup-email-seminar\/","title":{"rendered":"Tack: E-postkampanj (seminarium)"},"content":{"rendered":"<div data-elementor-type=\"wp-page\" data-elementor-id=\"18783\" class=\"elementor elementor-18783\" data-elementor-post-type=\"page\">\n\t\t\t\t<div class=\"elementor-element elementor-element-9b792b0 e-flex e-con-boxed e-con e-parent\" data-id=\"9b792b0\" data-element_type=\"container\" data-e-type=\"container\" data-settings=\"{&quot;background_background&quot;:&quot;classic&quot;}\">\n\t\t\t\t\t<div class=\"e-con-inner\">\n\t\t<div class=\"elementor-element elementor-element-9b961ff e-con-full e-flex e-con e-child\" data-id=\"9b961ff\" data-element_type=\"container\" data-e-type=\"container\">\n\t\t\t\t<div class=\"elementor-element elementor-element-8057bf0 elementor-widget elementor-widget-heading\" data-id=\"8057bf0\" data-element_type=\"widget\" data-e-type=\"widget\" data-widget_type=\"heading.default\">\n\t\t\t\t<div class=\"elementor-widget-container\">\n\t\t\t\t\t<span class=\"elementor-heading-title elementor-size-default\"> Vi h\u00f6r av oss till dig<\/span>\t\t\t\t<\/div>\n\t\t\t\t<\/div>\n\t\t\t\t<div class=\"elementor-element elementor-element-44cb4cb elementor-widget elementor-widget-heading\" data-id=\"44cb4cb\" data-element_type=\"widget\" data-e-type=\"widget\" data-widget_type=\"heading.default\">\n\t\t\t\t<div class=\"elementor-widget-container\">\n\t\t\t\t\t<h1 class=\"elementor-heading-title elementor-size-default\"> H\u00e5ll ett \u00f6ga p\u00e5 din inkorg. Vi skickar ett e-postmeddelande till dig n\u00e4r du kan registrera dig f\u00f6r evenemanget.<\/h1>\t\t\t\t<\/div>\n\t\t\t\t<\/div>\n\t\t\t\t<div class=\"elementor-element elementor-element-fcdc1aa elementor-mobile-align-justify elementor-widget-mobile__width-inherit btn sm-text-left e-transform elementor-widget elementor-widget-button\" data-id=\"fcdc1aa\" data-element_type=\"widget\" data-e-type=\"widget\" data-settings=\"{&quot;_transform_translateY_effect_hover&quot;:{&quot;unit&quot;:&quot;px&quot;,&quot;size&quot;:-1,&quot;sizes&quot;:[]},&quot;_transform_translateX_effect_hover&quot;:{&quot;unit&quot;:&quot;px&quot;,&quot;size&quot;:&quot;&quot;,&quot;sizes&quot;:[]},&quot;_transform_translateX_effect_hover_tablet_extra&quot;:{&quot;unit&quot;:&quot;px&quot;,&quot;size&quot;:&quot;&quot;,&quot;sizes&quot;:[]},&quot;_transform_translateX_effect_hover_tablet&quot;:{&quot;unit&quot;:&quot;px&quot;,&quot;size&quot;:&quot;&quot;,&quot;sizes&quot;:[]},&quot;_transform_translateX_effect_hover_mobile&quot;:{&quot;unit&quot;:&quot;px&quot;,&quot;size&quot;:&quot;&quot;,&quot;sizes&quot;:[]},&quot;_transform_translateY_effect_hover_tablet_extra&quot;:{&quot;unit&quot;:&quot;px&quot;,&quot;size&quot;:&quot;&quot;,&quot;sizes&quot;:[]},&quot;_transform_translateY_effect_hover_tablet&quot;:{&quot;unit&quot;:&quot;px&quot;,&quot;size&quot;:&quot;&quot;,&quot;sizes&quot;:[]},&quot;_transform_translateY_effect_hover_mobile&quot;:{&quot;unit&quot;:&quot;px&quot;,&quot;size&quot;:&quot;&quot;,&quot;sizes&quot;:[]}}\" data-widget_type=\"button.default\">\n\t\t\t\t<div class=\"elementor-widget-container\">\n\t\t\t\t\t\t\t\t\t<div class=\"elementor-button-wrapper\">\n\t\t\t\t\t<a class=\"elementor-button elementor-button-link elementor-size-sm\" href=\"https:\/\/inboundcph.dk\/sv\/kunskapsbank\/\">\n\t\t\t\t\t\t<span class=\"elementor-button-content-wrapper\">\n\t\t\t\t\t\t\t\t\t<span class=\"elementor-button-text\">Kunskapsbank<\/span>\n\t\t\t\t\t<\/span>\n\t\t\t\t\t<\/a>\n\t\t\t\t<\/div>\n\t\t\t\t\t\t\t\t<\/div>\n\t\t\t\t<\/div>\n\t\t\t\t<\/div>\n\t\t<div class=\"elementor-element elementor-element-99b4111 e-con-full elementor-hidden-tablet elementor-hidden-mobile e-flex e-con e-child\" data-id=\"99b4111\" data-element_type=\"container\" data-e-type=\"container\">\n\t\t\t\t<\/div>\n\t\t\t\t\t<\/div>\n\t\t\t\t<\/div>\n\t\t<div class=\"elementor-element elementor-element-6dfdf3a e-flex e-con-boxed e-con e-parent\" data-id=\"6dfdf3a\" data-element_type=\"container\" data-e-type=\"container\">\n\t\t\t\t\t<div class=\"e-con-inner\">\n\t\t<div class=\"elementor-element elementor-element-d984f72 e-flex e-con-boxed e-con e-child\" data-id=\"d984f72\" data-element_type=\"container\" data-e-type=\"container\">\n\t\t\t\t\t<div class=\"e-con-inner\">\n\t\t\t\t<div class=\"elementor-element elementor-element-d0ca3ec elementor-widget elementor-widget-image\" data-id=\"d0ca3ec\" data-element_type=\"widget\" data-e-type=\"widget\" data-widget_type=\"image.default\">\n\t\t\t\t<div class=\"elementor-widget-container\">\n\t\t\t\t\t\t\t\t\t\t\t\t\t\t\t<img decoding=\"async\" width=\"90\" height=\"26\" src=\"https:\/\/inboundcph.dk\/wp-content\/uploads\/2024\/04\/nets-logo.webp\" class=\"attachment-full size-full wp-image-18242\" alt=\"\" \/>\t\t\t\t\t\t\t\t\t\t\t\t\t\t\t<\/div>\n\t\t\t\t<\/div>\n\t\t\t\t<div class=\"elementor-element elementor-element-52d8a4b elementor-widget elementor-widget-image\" data-id=\"52d8a4b\" data-element_type=\"widget\" data-e-type=\"widget\" data-widget_type=\"image.default\">\n\t\t\t\t<div class=\"elementor-widget-container\">\n\t\t\t\t\t\t\t\t\t\t\t\t\t\t\t<img decoding=\"async\" width=\"120\" height=\"24\" src=\"https:\/\/inboundcph.dk\/wp-content\/uploads\/2024\/05\/all-office-logo-1.png\" class=\"attachment-full size-full wp-image-18257\" alt=\"\" srcset=\"https:\/\/inboundcph.dk\/wp-content\/uploads\/2024\/05\/all-office-logo-1.png 120w, https:\/\/inboundcph.dk\/wp-content\/uploads\/2024\/05\/all-office-logo-1-18x4.png 18w\" sizes=\"(max-width: 120px) 100vw, 120px\" \/>\t\t\t\t\t\t\t\t\t\t\t\t\t\t\t<\/div>\n\t\t\t\t<\/div>\n\t\t\t\t<div class=\"elementor-element elementor-element-cd5a5e9 elementor-widget elementor-widget-image\" data-id=\"cd5a5e9\" data-element_type=\"widget\" data-e-type=\"widget\" data-widget_type=\"image.default\">\n\t\t\t\t<div class=\"elementor-widget-container\">\n\t\t\t\t\t\t\t\t\t\t\t\t\t\t\t<img decoding=\"async\" width=\"143\" height=\"40\" src=\"https:\/\/inboundcph.dk\/wp-content\/uploads\/2024\/04\/Dantaxi-logo.png\" class=\"attachment-full size-full wp-image-17983\" alt=\"\" srcset=\"https:\/\/inboundcph.dk\/wp-content\/uploads\/2024\/04\/Dantaxi-logo.png 143w, https:\/\/inboundcph.dk\/wp-content\/uploads\/2024\/04\/Dantaxi-logo-18x5.png 18w\" sizes=\"(max-width: 143px) 100vw, 143px\" \/>\t\t\t\t\t\t\t\t\t\t\t\t\t\t\t<\/div>\n\t\t\t\t<\/div>\n\t\t\t\t<div class=\"elementor-element elementor-element-f52064d elementor-widget elementor-widget-image\" data-id=\"f52064d\" data-element_type=\"widget\" data-e-type=\"widget\" data-widget_type=\"image.default\">\n\t\t\t\t<div class=\"elementor-widget-container\">\n\t\t\t\t\t\t\t\t\t\t\t\t\t\t\t<img loading=\"lazy\" decoding=\"async\" width=\"130\" height=\"25\" src=\"https:\/\/inboundcph.dk\/wp-content\/uploads\/2024\/04\/berlingske-media-logo-1.png\" class=\"attachment-full size-full wp-image-18183\" alt=\"\" srcset=\"https:\/\/inboundcph.dk\/wp-content\/uploads\/2024\/04\/berlingske-media-logo-1.png 130w, https:\/\/inboundcph.dk\/wp-content\/uploads\/2024\/04\/berlingske-media-logo-1-18x3.png 18w\" sizes=\"(max-width: 130px) 100vw, 130px\" \/>\t\t\t\t\t\t\t\t\t\t\t\t\t\t\t<\/div>\n\t\t\t\t<\/div>\n\t\t\t\t<div class=\"elementor-element elementor-element-58e16cc elementor-widget elementor-widget-image\" data-id=\"58e16cc\" data-element_type=\"widget\" data-e-type=\"widget\" data-widget_type=\"image.default\">\n\t\t\t\t<div class=\"elementor-widget-container\">\n\t\t\t\t\t\t\t\t\t\t\t\t\t\t\t<img loading=\"lazy\" decoding=\"async\" width=\"116\" height=\"40\" src=\"https:\/\/inboundcph.dk\/wp-content\/uploads\/2024\/04\/DFDS-logo.png\" class=\"attachment-full size-full wp-image-17989\" alt=\"\" srcset=\"https:\/\/inboundcph.dk\/wp-content\/uploads\/2024\/04\/DFDS-logo.png 116w, https:\/\/inboundcph.dk\/wp-content\/uploads\/2024\/04\/DFDS-logo-18x6.png 18w\" sizes=\"(max-width: 116px) 100vw, 116px\" \/>\t\t\t\t\t\t\t\t\t\t\t\t\t\t\t<\/div>\n\t\t\t\t<\/div>\n\t\t\t\t<div class=\"elementor-element elementor-element-8e05104 elementor-widget elementor-widget-image\" data-id=\"8e05104\" data-element_type=\"widget\" data-e-type=\"widget\" data-widget_type=\"image.default\">\n\t\t\t\t<div class=\"elementor-widget-container\">\n\t\t\t\t\t\t\t\t\t\t\t\t\t\t\t<img loading=\"lazy\" decoding=\"async\" width=\"160\" height=\"40\" src=\"https:\/\/inboundcph.dk\/wp-content\/uploads\/2024\/04\/Ilva-logo.png\" class=\"attachment-full size-full wp-image-17978\" alt=\"\" srcset=\"https:\/\/inboundcph.dk\/wp-content\/uploads\/2024\/04\/Ilva-logo.png 160w, https:\/\/inboundcph.dk\/wp-content\/uploads\/2024\/04\/Ilva-logo-18x5.png 18w\" sizes=\"(max-width: 160px) 100vw, 160px\" \/>\t\t\t\t\t\t\t\t\t\t\t\t\t\t\t<\/div>\n\t\t\t\t<\/div>\n\t\t\t\t\t<\/div>\n\t\t\t\t<\/div>\n\t\t\t\t\t<\/div>\n\t\t\t\t<\/div>\n\t\t<div class=\"elementor-element elementor-element-d3a2ef2 inbound-cta-footer e-flex e-con-boxed e-con e-parent\" data-id=\"d3a2ef2\" data-element_type=\"container\" data-e-type=\"container\" data-settings=\"{&quot;background_background&quot;:&quot;classic&quot;}\">\n\t\t\t\t\t<div class=\"e-con-inner\">\n\t\t<div class=\"elementor-element elementor-element-23eb579 e-flex e-con-boxed e-con e-child\" data-id=\"23eb579\" data-element_type=\"container\" data-e-type=\"container\">\n\t\t\t\t\t<div class=\"e-con-inner\">\n\t\t<div class=\"elementor-element elementor-element-6d5b303 e-flex e-con-boxed e-con e-child\" data-id=\"6d5b303\" data-element_type=\"container\" data-e-type=\"container\">\n\t\t\t\t\t<div class=\"e-con-inner\">\n\t\t\t\t<div class=\"elementor-element elementor-element-4be8620 elementor-widget elementor-widget-heading\" data-id=\"4be8620\" data-element_type=\"widget\" data-e-type=\"widget\" data-widget_type=\"heading.default\">\n\t\t\t\t<div class=\"elementor-widget-container\">\n\t\t\t\t\t<h2 class=\"elementor-heading-title elementor-size-default\"> \nKom i dialog med oss<\/h2>\t\t\t\t<\/div>\n\t\t\t\t<\/div>\n\t\t\t\t<div class=\"elementor-element elementor-element-4a54d2d elementor-widget elementor-widget-heading\" data-id=\"4a54d2d\" data-element_type=\"widget\" data-e-type=\"widget\" data-widget_type=\"heading.default\">\n\t\t\t\t<div class=\"elementor-widget-container\">\n\t\t\t\t\t<p class=\"elementor-heading-title elementor-size-default\"> \nBeh\u00f6ver du hj\u00e4lp med att lyckas med din digitala marknadsf\u00f6ringsstrategi? Vi \u00e4r experter p\u00e5 inbound marketing och kan hj\u00e4lpa dig med allt inom Lead Generation, Tracking, SEO, SEM och SoMe.<\/p>\t\t\t\t<\/div>\n\t\t\t\t<\/div>\n\t\t<div class=\"elementor-element elementor-element-77ba1ce e-flex e-con-boxed e-con e-child\" data-id=\"77ba1ce\" data-element_type=\"container\" data-e-type=\"container\">\n\t\t\t\t\t<div class=\"e-con-inner\">\n\t\t\t\t<div class=\"elementor-element elementor-element-7baf9da e-transform elementor-widget elementor-widget-button\" data-id=\"7baf9da\" data-element_type=\"widget\" data-e-type=\"widget\" data-settings=\"{&quot;_transform_translateY_effect_hover&quot;:{&quot;unit&quot;:&quot;px&quot;,&quot;size&quot;:-1,&quot;sizes&quot;:[]},&quot;_transform_translateX_effect_hover&quot;:{&quot;unit&quot;:&quot;px&quot;,&quot;size&quot;:&quot;&quot;,&quot;sizes&quot;:[]},&quot;_transform_translateX_effect_hover_tablet_extra&quot;:{&quot;unit&quot;:&quot;px&quot;,&quot;size&quot;:&quot;&quot;,&quot;sizes&quot;:[]},&quot;_transform_translateX_effect_hover_tablet&quot;:{&quot;unit&quot;:&quot;px&quot;,&quot;size&quot;:&quot;&quot;,&quot;sizes&quot;:[]},&quot;_transform_translateX_effect_hover_mobile&quot;:{&quot;unit&quot;:&quot;px&quot;,&quot;size&quot;:&quot;&quot;,&quot;sizes&quot;:[]},&quot;_transform_translateY_effect_hover_tablet_extra&quot;:{&quot;unit&quot;:&quot;px&quot;,&quot;size&quot;:&quot;&quot;,&quot;sizes&quot;:[]},&quot;_transform_translateY_effect_hover_tablet&quot;:{&quot;unit&quot;:&quot;px&quot;,&quot;size&quot;:&quot;&quot;,&quot;sizes&quot;:[]},&quot;_transform_translateY_effect_hover_mobile&quot;:{&quot;unit&quot;:&quot;px&quot;,&quot;size&quot;:&quot;&quot;,&quot;sizes&quot;:[]}}\" data-widget_type=\"button.default\">\n\t\t\t\t<div class=\"elementor-widget-container\">\n\t\t\t\t\t\t\t\t\t<div class=\"elementor-button-wrapper\">\n\t\t\t\t\t<a class=\"elementor-button elementor-button-link elementor-size-sm\" href=\"#elementor-action%3Aaction%3Dpopup%3Aopen%26settings%3DeyJpZCI6IjE4MTIzIiwidG9nZ2xlIjpmYWxzZX0%3D\">\n\t\t\t\t\t\t<span class=\"elementor-button-content-wrapper\">\n\t\t\t\t\t\t\t\t\t<span class=\"elementor-button-text\">Uppskatta projekt<\/span>\n\t\t\t\t\t<\/span>\n\t\t\t\t\t<\/a>\n\t\t\t\t<\/div>\n\t\t\t\t\t\t\t\t<\/div>\n\t\t\t\t<\/div>\n\t\t\t\t\t<\/div>\n\t\t\t\t<\/div>\n\t\t\t\t\t<\/div>\n\t\t\t\t<\/div>\n\t\t\t\t\t<\/div>\n\t\t\t\t<\/div>\n\t\t\t\t\t<\/div>\n\t\t\t\t<\/div>\n\t\t\t\t<\/div>","protected":false},"excerpt":{"rendered":"<p>Vi giver besked Hold \u00f8je med din indbakke. Vi sender dig en mail n\u00e5r du kan tilmelde dig eventet. Vidensbank Kom i dialog med os Har du brug for assistance til at lykkedes med din digitale marketingsstrategi? Vi er eksperter indenfor inbound marketing og kan hj\u00e6lpe dig med alt indenfor Lead Generering, Tracking, SEO, SEM [&hellip;]<\/p>\n","protected":false},"author":2,"featured_media":0,"parent":18729,"menu_order":0,"comment_status":"closed","ping_status":"closed","template":"elementor_header_footer","meta":{"_acf_changed":false,"footnotes":""},"class_list":["post-18783","page","type-page","status-publish","hentry"],"acf":[],"yoast_head":"<!-- This site is optimized with the Yoast SEO Premium plugin v27.3 (Yoast SEO v27.4) - https:\/\/yoast.com\/product\/yoast-seo-premium-wordpress\/ -->\n<title>Tak for din interesse i vores event \u2013 InboundCPH<\/title>\n<meta name=\"robots\" content=\"index, follow, max-snippet:-1, max-image-preview:large, max-video-preview:-1\" \/>\n<link rel=\"canonical\" href=\"https:\/\/inboundcph.dk\/sv\/gren\/seminarium-for-registrering-av-e-post\/\" \/>\n<meta property=\"og:locale\" content=\"sv_SE\" \/>\n<meta property=\"og:type\" content=\"article\" \/>\n<meta property=\"og:title\" content=\"Tak: E-mail Kampagne (seminar)\" \/>\n<meta property=\"og:description\" content=\"Vi giver besked Hold \u00f8je med din indbakke. Vi sender dig en mail n\u00e5r du kan tilmelde dig eventet. Vidensbank Kom i dialog med os Har du brug for assistance til at lykkedes med din digitale marketingsstrategi? Vi er eksperter indenfor inbound marketing og kan hj\u00e6lpe dig med alt indenfor Lead Generering, Tracking, SEO, SEM [&hellip;]\" \/>\n<meta property=\"og:url\" content=\"https:\/\/inboundcph.dk\/sv\/gren\/seminarium-for-registrering-av-e-post\/\" \/>\n<meta property=\"og:site_name\" content=\"InboundCPH\" \/>\n<meta property=\"article:publisher\" content=\"https:\/\/www.facebook.com\/inboundcph\" \/>\n<meta property=\"article:modified_time\" content=\"2024-09-10T03:45:30+00:00\" \/>\n<meta property=\"og:image\" content=\"https:\/\/inboundcph.dk\/wp-content\/uploads\/2024\/04\/nets-logo.webp\" \/>\n<meta name=\"twitter:card\" content=\"summary_large_image\" \/>\n<meta name=\"twitter:label1\" content=\"Ber\u00e4knad l\u00e4stid\" \/>\n\t<meta name=\"twitter:data1\" content=\"2 minuter\" \/>\n<script type=\"application\/ld+json\" class=\"yoast-schema-graph\">{\"@context\":\"https:\\\/\\\/schema.org\",\"@graph\":[{\"@type\":\"WebPage\",\"@id\":\"https:\\\/\\\/inboundcph.dk\\\/tak\\\/signup-email-seminar\\\/\",\"url\":\"https:\\\/\\\/inboundcph.dk\\\/tak\\\/signup-email-seminar\\\/\",\"name\":\"Tak for din interesse i vores event \u2013 InboundCPH\",\"isPartOf\":{\"@id\":\"https:\\\/\\\/inboundcph.dk\\\/#website\"},\"primaryImageOfPage\":{\"@id\":\"https:\\\/\\\/inboundcph.dk\\\/tak\\\/signup-email-seminar\\\/#primaryimage\"},\"image\":{\"@id\":\"https:\\\/\\\/inboundcph.dk\\\/tak\\\/signup-email-seminar\\\/#primaryimage\"},\"thumbnailUrl\":\"https:\\\/\\\/inboundcph.dk\\\/wp-content\\\/uploads\\\/2024\\\/04\\\/nets-logo.webp\",\"datePublished\":\"2024-05-28T13:16:26+00:00\",\"dateModified\":\"2024-09-10T03:45:30+00:00\",\"breadcrumb\":{\"@id\":\"https:\\\/\\\/inboundcph.dk\\\/tak\\\/signup-email-seminar\\\/#breadcrumb\"},\"inLanguage\":\"sv-SE\",\"potentialAction\":[{\"@type\":\"ReadAction\",\"target\":[\"https:\\\/\\\/inboundcph.dk\\\/tak\\\/signup-email-seminar\\\/\"]}]},{\"@type\":\"ImageObject\",\"inLanguage\":\"sv-SE\",\"@id\":\"https:\\\/\\\/inboundcph.dk\\\/tak\\\/signup-email-seminar\\\/#primaryimage\",\"url\":\"https:\\\/\\\/inboundcph.dk\\\/wp-content\\\/uploads\\\/2024\\\/04\\\/nets-logo.webp\",\"contentUrl\":\"https:\\\/\\\/inboundcph.dk\\\/wp-content\\\/uploads\\\/2024\\\/04\\\/nets-logo.webp\"},{\"@type\":\"BreadcrumbList\",\"@id\":\"https:\\\/\\\/inboundcph.dk\\\/tak\\\/signup-email-seminar\\\/#breadcrumb\",\"itemListElement\":[{\"@type\":\"ListItem\",\"position\":1,\"name\":\"Home\",\"item\":\"https:\\\/\\\/inboundcph.dk\\\/\"},{\"@type\":\"ListItem\",\"position\":2,\"name\":\"Tak\",\"item\":\"https:\\\/\\\/inboundcph.dk\\\/tak\\\/\"},{\"@type\":\"ListItem\",\"position\":3,\"name\":\"Tak: E-mail Kampagne (seminar)\"}]},{\"@type\":\"WebSite\",\"@id\":\"https:\\\/\\\/inboundcph.dk\\\/#website\",\"url\":\"https:\\\/\\\/inboundcph.dk\\\/\",\"name\":\"InboundCPH\",\"description\":\"Specialister i digital marketing\",\"publisher\":{\"@id\":\"https:\\\/\\\/inboundcph.dk\\\/#organization\"},\"potentialAction\":[{\"@type\":\"SearchAction\",\"target\":{\"@type\":\"EntryPoint\",\"urlTemplate\":\"https:\\\/\\\/inboundcph.dk\\\/?s={search_term_string}\"},\"query-input\":{\"@type\":\"PropertyValueSpecification\",\"valueRequired\":true,\"valueName\":\"search_term_string\"}}],\"inLanguage\":\"sv-SE\"},{\"@type\":\"Organization\",\"@id\":\"https:\\\/\\\/inboundcph.dk\\\/#organization\",\"name\":\"InboundCPH A\\\/S\",\"alternateName\":\"InboundCPH\",\"url\":\"https:\\\/\\\/inboundcph.dk\\\/\",\"logo\":{\"@type\":\"ImageObject\",\"inLanguage\":\"sv-SE\",\"@id\":\"https:\\\/\\\/inboundcph.dk\\\/#\\\/schema\\\/logo\\\/image\\\/\",\"url\":\"https:\\\/\\\/inboundcph.dk\\\/wp-content\\\/uploads\\\/2024\\\/04\\\/logo-dark-med-ikon_20211_new.webp\",\"contentUrl\":\"https:\\\/\\\/inboundcph.dk\\\/wp-content\\\/uploads\\\/2024\\\/04\\\/logo-dark-med-ikon_20211_new.webp\",\"width\":550,\"height\":109,\"caption\":\"InboundCPH A\\\/S\"},\"image\":{\"@id\":\"https:\\\/\\\/inboundcph.dk\\\/#\\\/schema\\\/logo\\\/image\\\/\"},\"sameAs\":[\"https:\\\/\\\/www.facebook.com\\\/inboundcph\",\"https:\\\/\\\/dk.linkedin.com\\\/company\\\/inbound-cph\"],\"email\":\"ir@inboundcph.dk\",\"telephone\":\"27297720\",\"legalName\":\"InboundCPH A\\\/S\",\"foundingDate\":\"2013-02-03\",\"vatID\":\"DK39607255\",\"numberOfEmployees\":{\"@type\":\"QuantitativeValue\",\"value\":\"30\"}}]}<\/script>\n<!-- \/ Yoast SEO Premium plugin. -->","yoast_head_json":{"title":"Tack f\u00f6r ditt intresse f\u00f6r v\u00e5rt evenemang - InboundCPH","robots":{"index":"index","follow":"follow","max-snippet":"max-snippet:-1","max-image-preview":"max-image-preview:large","max-video-preview":"max-video-preview:-1"},"canonical":"https:\/\/inboundcph.dk\/sv\/gren\/seminarium-for-registrering-av-e-post\/","og_locale":"sv_SE","og_type":"article","og_title":"Tak: E-mail Kampagne (seminar)","og_description":"Vi giver besked Hold \u00f8je med din indbakke. Vi sender dig en mail n\u00e5r du kan tilmelde dig eventet. Vidensbank Kom i dialog med os Har du brug for assistance til at lykkedes med din digitale marketingsstrategi? Vi er eksperter indenfor inbound marketing og kan hj\u00e6lpe dig med alt indenfor Lead Generering, Tracking, SEO, SEM [&hellip;]","og_url":"https:\/\/inboundcph.dk\/sv\/gren\/seminarium-for-registrering-av-e-post\/","og_site_name":"InboundCPH","article_publisher":"https:\/\/www.facebook.com\/inboundcph","article_modified_time":"2024-09-10T03:45:30+00:00","og_image":[{"url":"https:\/\/inboundcph.dk\/wp-content\/uploads\/2024\/04\/nets-logo.webp","type":"","width":"","height":""}],"twitter_card":"summary_large_image","twitter_misc":{"Ber\u00e4knad l\u00e4stid":"2 minuter"},"schema":{"@context":"https:\/\/schema.org","@graph":[{"@type":"WebPage","@id":"https:\/\/inboundcph.dk\/tak\/signup-email-seminar\/","url":"https:\/\/inboundcph.dk\/tak\/signup-email-seminar\/","name":"Tack f\u00f6r ditt intresse f\u00f6r v\u00e5rt evenemang - InboundCPH","isPartOf":{"@id":"https:\/\/inboundcph.dk\/#website"},"primaryImageOfPage":{"@id":"https:\/\/inboundcph.dk\/tak\/signup-email-seminar\/#primaryimage"},"image":{"@id":"https:\/\/inboundcph.dk\/tak\/signup-email-seminar\/#primaryimage"},"thumbnailUrl":"https:\/\/inboundcph.dk\/wp-content\/uploads\/2024\/04\/nets-logo.webp","datePublished":"2024-05-28T13:16:26+00:00","dateModified":"2024-09-10T03:45:30+00:00","breadcrumb":{"@id":"https:\/\/inboundcph.dk\/tak\/signup-email-seminar\/#breadcrumb"},"inLanguage":"sv-SE","potentialAction":[{"@type":"ReadAction","target":["https:\/\/inboundcph.dk\/tak\/signup-email-seminar\/"]}]},{"@type":"ImageObject","inLanguage":"sv-SE","@id":"https:\/\/inboundcph.dk\/tak\/signup-email-seminar\/#primaryimage","url":"https:\/\/inboundcph.dk\/wp-content\/uploads\/2024\/04\/nets-logo.webp","contentUrl":"https:\/\/inboundcph.dk\/wp-content\/uploads\/2024\/04\/nets-logo.webp"},{"@type":"BreadcrumbList","@id":"https:\/\/inboundcph.dk\/tak\/signup-email-seminar\/#breadcrumb","itemListElement":[{"@type":"ListItem","position":1,"name":"Home","item":"https:\/\/inboundcph.dk\/"},{"@type":"ListItem","position":2,"name":"Tak","item":"https:\/\/inboundcph.dk\/tak\/"},{"@type":"ListItem","position":3,"name":"Tak: E-mail Kampagne (seminar)"}]},{"@type":"WebSite","@id":"https:\/\/inboundcph.dk\/#website","url":"https:\/\/inboundcph.dk\/","name":"InboundCPH","description":"Specialister inom digital marknadsf\u00f6ring","publisher":{"@id":"https:\/\/inboundcph.dk\/#organization"},"potentialAction":[{"@type":"SearchAction","target":{"@type":"EntryPoint","urlTemplate":"https:\/\/inboundcph.dk\/?s={search_term_string}"},"query-input":{"@type":"PropertyValueSpecification","valueRequired":true,"valueName":"search_term_string"}}],"inLanguage":"sv-SE"},{"@type":"Organization","@id":"https:\/\/inboundcph.dk\/#organization","name":"InkommandeCPH A\/S","alternateName":"InboundCPH","url":"https:\/\/inboundcph.dk\/","logo":{"@type":"ImageObject","inLanguage":"sv-SE","@id":"https:\/\/inboundcph.dk\/#\/schema\/logo\/image\/","url":"https:\/\/inboundcph.dk\/wp-content\/uploads\/2024\/04\/logo-dark-med-ikon_20211_new.webp","contentUrl":"https:\/\/inboundcph.dk\/wp-content\/uploads\/2024\/04\/logo-dark-med-ikon_20211_new.webp","width":550,"height":109,"caption":"InboundCPH A\/S"},"image":{"@id":"https:\/\/inboundcph.dk\/#\/schema\/logo\/image\/"},"sameAs":["https:\/\/www.facebook.com\/inboundcph","https:\/\/dk.linkedin.com\/company\/inbound-cph"],"email":"ir@inboundcph.dk","telephone":"27297720","legalName":"InboundCPH A\/S","foundingDate":"2013-02-03","vatID":"DK39607255","numberOfEmployees":{"@type":"QuantitativeValue","value":"30"}}]}},"_links":{"self":[{"href":"https:\/\/inboundcph.dk\/sv\/wp-json\/wp\/v2\/pages\/18783","targetHints":{"allow":["GET"]}}],"collection":[{"href":"https:\/\/inboundcph.dk\/sv\/wp-json\/wp\/v2\/pages"}],"about":[{"href":"https:\/\/inboundcph.dk\/sv\/wp-json\/wp\/v2\/types\/page"}],"author":[{"embeddable":true,"href":"https:\/\/inboundcph.dk\/sv\/wp-json\/wp\/v2\/users\/2"}],"replies":[{"embeddable":true,"href":"https:\/\/inboundcph.dk\/sv\/wp-json\/wp\/v2\/comments?post=18783"}],"version-history":[{"count":0,"href":"https:\/\/inboundcph.dk\/sv\/wp-json\/wp\/v2\/pages\/18783\/revisions"}],"up":[{"embeddable":true,"href":"https:\/\/inboundcph.dk\/sv\/wp-json\/wp\/v2\/pages\/18729"}],"wp:attachment":[{"href":"https:\/\/inboundcph.dk\/sv\/wp-json\/wp\/v2\/media?parent=18783"}],"curies":[{"name":"wp","href":"https:\/\/api.w.org\/{rel}","templated":true}]}}