{"id":18254,"date":"2024-05-02T13:27:33","date_gmt":"2024-05-02T12:27:33","guid":{"rendered":"https:\/\/inboundcph.dk\/?page_id=18254"},"modified":"2024-06-25T17:34:29","modified_gmt":"2024-06-25T16:34:29","slug":"ladda-ner-migrationsbok","status":"publish","type":"page","link":"https:\/\/inboundcph.dk\/sv\/giveaways\/download-migreringsbog\/","title":{"rendered":"Migrationsbok (blankett)"},"content":{"rendered":"<div data-elementor-type=\"wp-page\" data-elementor-id=\"18254\" class=\"elementor elementor-18254\" data-elementor-post-type=\"page\">\n\t\t\t\t<div class=\"elementor-element elementor-element-44d3b776 e-con-full inbound-vertical-line elementor-hidden-tablet_extra elementor-hidden-tablet elementor-hidden-mobile e-flex e-con e-parent\" data-id=\"44d3b776\" data-element_type=\"container\" data-e-type=\"container\" data-settings=\"{&quot;position&quot;:&quot;absolute&quot;}\">\n\t\t\t\t<div class=\"elementor-element elementor-element-41ccdd88 elementor-widget__width-auto elementor-widget-divider--view-line elementor-widget elementor-widget-divider\" data-id=\"41ccdd88\" data-element_type=\"widget\" data-e-type=\"widget\" data-widget_type=\"divider.default\">\n\t\t\t\t<div class=\"elementor-widget-container\">\n\t\t\t\t\t\t\t<div class=\"elementor-divider\">\n\t\t\t<span class=\"elementor-divider-separator\">\n\t\t\t\t\t\t<\/span>\n\t\t<\/div>\n\t\t\t\t\t\t<\/div>\n\t\t\t\t<\/div>\n\t\t\t\t<\/div>\n\t\t<div class=\"elementor-element elementor-element-b3d0578 e-flex e-con-boxed e-con e-parent\" data-id=\"b3d0578\" data-element_type=\"container\" data-e-type=\"container\" data-settings=\"{&quot;background_background&quot;:&quot;classic&quot;}\">\n\t\t\t\t\t<div class=\"e-con-inner\">\n\t\t<div class=\"elementor-element elementor-element-756c643 e-con-full e-flex e-con e-child\" data-id=\"756c643\" data-element_type=\"container\" data-e-type=\"container\">\n\t\t\t\t<div class=\"elementor-element elementor-element-275aefc elementor-widget elementor-widget-heading\" data-id=\"275aefc\" data-element_type=\"widget\" data-e-type=\"widget\" data-widget_type=\"heading.default\">\n\t\t\t\t<div class=\"elementor-widget-container\">\n\t\t\t\t\t<span class=\"elementor-heading-title elementor-size-default\"> Ny bok om migration<\/span>\t\t\t\t<\/div>\n\t\t\t\t<\/div>\n\t\t\t\t<div class=\"elementor-element elementor-element-d73f4b0 elementor-widget elementor-widget-heading\" data-id=\"d73f4b0\" data-element_type=\"widget\" data-e-type=\"widget\" data-widget_type=\"heading.default\">\n\t\t\t\t<div class=\"elementor-widget-container\">\n\t\t\t\t\t<h1 class=\"elementor-heading-title elementor-size-default\"> Skaffa migrationsboken<\/h1>\t\t\t\t<\/div>\n\t\t\t\t<\/div>\n\t\t\t\t<\/div>\n\t\t<div class=\"elementor-element elementor-element-f11ae96 e-con-full elementor-hidden-tablet elementor-hidden-mobile e-flex e-con e-child\" data-id=\"f11ae96\" data-element_type=\"container\" data-e-type=\"container\">\n\t\t\t\t<\/div>\n\t\t\t\t\t<\/div>\n\t\t\t\t<\/div>\n\t\t<div class=\"elementor-element elementor-element-7c5044d5 e-flex e-con-boxed e-con e-parent\" data-id=\"7c5044d5\" data-element_type=\"container\" data-e-type=\"container\">\n\t\t\t\t\t<div class=\"e-con-inner\">\n\t\t<div class=\"elementor-element elementor-element-52c21617 e-flex e-con-boxed e-con e-child\" data-id=\"52c21617\" data-element_type=\"container\" data-e-type=\"container\">\n\t\t\t\t\t<div class=\"e-con-inner\">\n\t\t\t\t<div class=\"elementor-element elementor-element-78eb2058 elementor-widget elementor-widget-image\" data-id=\"78eb2058\" data-element_type=\"widget\" data-e-type=\"widget\" data-widget_type=\"image.default\">\n\t\t\t\t<div class=\"elementor-widget-container\">\n\t\t\t\t\t\t\t\t\t\t\t\t\t\t\t<img decoding=\"async\" width=\"90\" height=\"26\" src=\"https:\/\/inboundcph.dk\/wp-content\/uploads\/2024\/04\/nets-logo.webp\" class=\"attachment-full size-full wp-image-18242\" alt=\"\" \/>\t\t\t\t\t\t\t\t\t\t\t\t\t\t\t<\/div>\n\t\t\t\t<\/div>\n\t\t\t\t<div class=\"elementor-element elementor-element-5bb37031 elementor-widget elementor-widget-image\" data-id=\"5bb37031\" data-element_type=\"widget\" data-e-type=\"widget\" data-widget_type=\"image.default\">\n\t\t\t\t<div class=\"elementor-widget-container\">\n\t\t\t\t\t\t\t\t\t\t\t\t\t\t\t<img decoding=\"async\" width=\"130\" height=\"25\" src=\"https:\/\/inboundcph.dk\/wp-content\/uploads\/2024\/04\/berlingske-media-logo-1.png\" class=\"attachment-full size-full wp-image-18183\" alt=\"\" srcset=\"https:\/\/inboundcph.dk\/wp-content\/uploads\/2024\/04\/berlingske-media-logo-1.png 130w, https:\/\/inboundcph.dk\/wp-content\/uploads\/2024\/04\/berlingske-media-logo-1-18x3.png 18w\" sizes=\"(max-width: 130px) 100vw, 130px\" \/>\t\t\t\t\t\t\t\t\t\t\t\t\t\t\t<\/div>\n\t\t\t\t<\/div>\n\t\t\t\t<div class=\"elementor-element elementor-element-1e85cc5 elementor-widget elementor-widget-image\" data-id=\"1e85cc5\" data-element_type=\"widget\" data-e-type=\"widget\" data-widget_type=\"image.default\">\n\t\t\t\t<div class=\"elementor-widget-container\">\n\t\t\t\t\t\t\t\t\t\t\t\t\t\t\t<img decoding=\"async\" width=\"92\" height=\"24\" src=\"https:\/\/inboundcph.dk\/wp-content\/uploads\/2024\/04\/atea-logo.webp\" class=\"attachment-full size-full wp-image-18181\" alt=\"\" \/>\t\t\t\t\t\t\t\t\t\t\t\t\t\t\t<\/div>\n\t\t\t\t<\/div>\n\t\t\t\t<div class=\"elementor-element elementor-element-2431ec7d elementor-widget elementor-widget-image\" data-id=\"2431ec7d\" data-element_type=\"widget\" data-e-type=\"widget\" data-widget_type=\"image.default\">\n\t\t\t\t<div class=\"elementor-widget-container\">\n\t\t\t\t\t\t\t\t\t\t\t\t\t\t\t<img loading=\"lazy\" decoding=\"async\" width=\"108\" height=\"30\" src=\"https:\/\/inboundcph.dk\/wp-content\/uploads\/2024\/04\/dantaxi-logo.webp\" class=\"attachment-full size-full wp-image-18236\" alt=\"\" \/>\t\t\t\t\t\t\t\t\t\t\t\t\t\t\t<\/div>\n\t\t\t\t<\/div>\n\t\t\t\t<div class=\"elementor-element elementor-element-7870c9d4 elementor-widget elementor-widget-image\" data-id=\"7870c9d4\" data-element_type=\"widget\" data-e-type=\"widget\" data-widget_type=\"image.default\">\n\t\t\t\t<div class=\"elementor-widget-container\">\n\t\t\t\t\t\t\t\t\t\t\t\t\t\t\t<img loading=\"lazy\" decoding=\"async\" width=\"87\" height=\"24\" src=\"https:\/\/inboundcph.dk\/wp-content\/uploads\/2024\/04\/ilva-logo-1.png\" class=\"attachment-full size-full wp-image-18203\" alt=\"\" srcset=\"https:\/\/inboundcph.dk\/wp-content\/uploads\/2024\/04\/ilva-logo-1.png 87w, https:\/\/inboundcph.dk\/wp-content\/uploads\/2024\/04\/ilva-logo-1-18x5.png 18w\" sizes=\"(max-width: 87px) 100vw, 87px\" \/>\t\t\t\t\t\t\t\t\t\t\t\t\t\t\t<\/div>\n\t\t\t\t<\/div>\n\t\t\t\t<div class=\"elementor-element elementor-element-5045325a elementor-widget elementor-widget-image\" data-id=\"5045325a\" data-element_type=\"widget\" data-e-type=\"widget\" data-widget_type=\"image.default\">\n\t\t\t\t<div class=\"elementor-widget-container\">\n\t\t\t\t\t\t\t\t\t\t\t\t\t\t\t<img loading=\"lazy\" decoding=\"async\" width=\"100\" height=\"28\" src=\"https:\/\/inboundcph.dk\/wp-content\/uploads\/2024\/04\/spies-logo.webp\" class=\"attachment-full size-full wp-image-18239\" alt=\"\" \/>\t\t\t\t\t\t\t\t\t\t\t\t\t\t\t<\/div>\n\t\t\t\t<\/div>\n\t\t\t\t\t<\/div>\n\t\t\t\t<\/div>\n\t\t\t\t\t<\/div>\n\t\t\t\t<\/div>\n\t\t<div class=\"elementor-element elementor-element-fa385d6 e-flex e-con-boxed e-con e-parent\" data-id=\"fa385d6\" data-element_type=\"container\" data-e-type=\"container\" data-settings=\"{&quot;background_background&quot;:&quot;classic&quot;}\">\n\t\t\t\t\t<div class=\"e-con-inner\">\n\t\t<div class=\"elementor-element elementor-element-f69cb7c e-con-full e-flex e-con e-child\" data-id=\"f69cb7c\" data-element_type=\"container\" data-e-type=\"container\">\n\t\t\t\t<div class=\"elementor-element elementor-element-b1108b7 elementor-widget elementor-widget-heading\" data-id=\"b1108b7\" data-element_type=\"widget\" data-e-type=\"widget\" data-widget_type=\"heading.default\">\n\t\t\t\t<div class=\"elementor-widget-container\">\n\t\t\t\t\t<span class=\"elementor-heading-title elementor-size-default\"> MIGRATION 2020<\/span>\t\t\t\t<\/div>\n\t\t\t\t<\/div>\n\t\t\t\t<div class=\"elementor-element elementor-element-aebbd3d elementor-widget elementor-widget-heading\" data-id=\"aebbd3d\" data-element_type=\"widget\" data-e-type=\"widget\" data-widget_type=\"heading.default\">\n\t\t\t\t<div class=\"elementor-widget-container\">\n\t\t\t\t\t<h2 class=\"elementor-heading-title elementor-size-default\"> Ladda ner broschyren om migration<\/h2>\t\t\t\t<\/div>\n\t\t\t\t<\/div>\n\t\t\t\t<div class=\"elementor-element elementor-element-f34653d elementor-widget elementor-widget-text-editor\" data-id=\"f34653d\" data-element_type=\"widget\" data-e-type=\"widget\" data-widget_type=\"text-editor.default\">\n\t\t\t\t<div class=\"elementor-widget-container\">\n\t\t\t\t\t\t\t\t\t<p><img decoding=\"async\" class=\"hideme\" src=\"\/p881fanw9qutq5t5i6.png\" alt=\" \" width=\"0px\" height=\"0px\" \/>Fyll i formul\u00e4ret h\u00e4r f\u00f6r att ladda ner v\u00e5r migrationsbok. N\u00e4r du laddar ner boken prenumererar du ocks\u00e5 p\u00e5 v\u00e5rt nyhetsbrev (kan avbrytas n\u00e4r som helst).<\/p><p>Information om boken:<\/p><ul><li>Sidnummer: 43<\/li><li>Publicerad: 2020<\/li><li>Spr\u00e5k: danska<\/li><li>Format: PDF<\/li><li>Pris: Kostnadsfritt<\/li><\/ul>\t\t\t\t\t\t\t\t<\/div>\n\t\t\t\t<\/div>\n\t\t\t\t<\/div>\n\t\t<div class=\"elementor-element elementor-element-3126ded e-con-full e-flex e-con e-child\" data-id=\"3126ded\" data-element_type=\"container\" data-e-type=\"container\">\n\t\t\t\t<div class=\"elementor-element elementor-element-f4d4cc6 mtt-contact-form elementor-widget elementor-widget-shortcode\" data-id=\"f4d4cc6\" data-element_type=\"widget\" data-e-type=\"widget\" data-widget_type=\"shortcode.default\">\n\t\t\t\t<div class=\"elementor-widget-container\">\n\t\t\t\t\t\t\t<div class=\"elementor-shortcode\">\n<div class=\"wpcf7 no-js\" id=\"wpcf7-f7665-o1\" lang=\"en-US\" dir=\"ltr\" data-wpcf7-id=\"7665\">\n<div class=\"screen-reader-response\"><p role=\"status\" aria-live=\"polite\" aria-atomic=\"true\"><\/p> <ul><\/ul><\/div>\n<form action=\"\/sv\/wp-json\/wp\/v2\/pages\/18254#wpcf7-f7665-o1\" method=\"post\" class=\"wpcf7-form init\" aria-label=\"Kontaktformul\u00e4r\" novalidate=\"novalidate\" data-status=\"init\" data-trp-original-action=\"\/sv\/wp-json\/wp\/v2\/pages\/18254#wpcf7-f7665-o1\">\n<fieldset class=\"hidden-fields-container\"><input type=\"hidden\" name=\"_wpcf7\" value=\"7665\" \/><input type=\"hidden\" name=\"_wpcf7_version\" value=\"6.1.5\" \/><input type=\"hidden\" name=\"_wpcf7_locale\" value=\"en_US\" \/><input type=\"hidden\" name=\"_wpcf7_unit_tag\" value=\"wpcf7-f7665-o1\" \/><input type=\"hidden\" name=\"_wpcf7_container_post\" value=\"0\" \/><input type=\"hidden\" name=\"_wpcf7_posted_data_hash\" value=\"\" \/>\n<\/fieldset>\n<input class=\"wpcf7-form-control wpcf7-hidden\" value=\"Download\" type=\"hidden\" name=\"event-cat\" \/>\n<input class=\"wpcf7-form-control wpcf7-hidden\" value=\"Migreringsbog\" type=\"hidden\" name=\"event-name\" \/>\n<p><label>Namn <span class=\"wpcf7-form-control-wrap\" data-name=\"your-name\"><input size=\"40\" maxlength=\"400\" class=\"wpcf7-form-control wpcf7-text wpcf7-validates-as-required\" aria-required=\"true\" aria-invalid=\"false\" value=\"\" type=\"text\" name=\"your-name\" \/><\/span><\/label><br \/>\n<label>Titel <span class=\"wpcf7-form-control-wrap\" data-name=\"Titel\"><input size=\"40\" maxlength=\"400\" class=\"wpcf7-form-control wpcf7-text wpcf7-validates-as-required\" aria-required=\"true\" aria-invalid=\"false\" value=\"\" type=\"text\" name=\"Titel\" \/><\/span><\/label><br \/>\n<label>F\u00f6retaget <span class=\"wpcf7-form-control-wrap\" data-name=\"Virksomhed\"><input size=\"40\" maxlength=\"400\" class=\"wpcf7-form-control wpcf7-text wpcf7-validates-as-required\" aria-required=\"true\" aria-invalid=\"false\" value=\"\" type=\"text\" name=\"Virksomhed\" \/><\/span><\/label><br \/>\n<label>E-post <span class=\"wpcf7-form-control-wrap\" data-name=\"your-email\"><input size=\"40\" maxlength=\"400\" class=\"wpcf7-form-control wpcf7-email wpcf7-validates-as-required wpcf7-text wpcf7-validates-as-email\" aria-required=\"true\" aria-invalid=\"false\" value=\"\" type=\"email\" name=\"your-email\" \/><\/span><\/label>\n<\/p>\n<p><span class=\"wpcf7-form-control-wrap\" data-name=\"acceptance-954\"><span class=\"wpcf7-form-control wpcf7-acceptance\"><span class=\"wpcf7-list-item\"><label><input type=\"checkbox\" name=\"acceptance-954\" value=\"1\" aria-invalid=\"false\" \/><span class=\"wpcf7-list-item-label\">H\u00e5ll mig uppdaterad med ny kunskap om SEO.<\/span><\/label><\/span><\/span><\/span>\n<\/p>\n<input class=\"wpcf7-form-control wpcf7-hidden\" value=\"3. Migrering\" type=\"hidden\" name=\"mailing-list\" \/>\n<input class=\"wpcf7-form-control wpcf7-hidden\" value=\"\" type=\"hidden\" name=\"source\" \/>\n<input class=\"wpcf7-form-control wpcf7-hidden\" value=\"\" type=\"hidden\" name=\"campaign\" \/>\n<div align=\"center\">\n\t<p><input class=\"wpcf7-form-control wpcf7-submit has-spinner\" type=\"submit\" value=\"Skaffa boken\" \/>\n\t<\/p>\n<\/div><div class=\"wpcf7-response-output\" aria-hidden=\"true\"><\/div>\n<input type=\"hidden\" name=\"trp-form-language\" value=\"sv\"\/><\/form>\n<\/div>\n<\/div>\n\t\t\t\t\t\t<\/div>\n\t\t\t\t<\/div>\n\t\t\t\t<\/div>\n\t\t\t\t\t<\/div>\n\t\t\t\t<\/div>\n\t\t\t\t<\/div>","protected":false},"excerpt":{"rendered":"<p>Ny bok om migration Skaffa migrationsboken MIGRATION 2020 Ladda ner migrationsboken Fyll i formul\u00e4ret h\u00e4r f\u00f6r att ladda ner v\u00e5r migrationsbok. Genom att ladda ner boken prenumererar du ocks\u00e5 p\u00e5 v\u00e5rt nyhetsbrev (kan avbrytas n\u00e4r som helst). Bokinformation: Sidnummer: 43 Publicerad: 2020 Spr\u00e5k: Danska Format: PDF Pris: Gratis<\/p>","protected":false},"author":2,"featured_media":0,"parent":18134,"menu_order":0,"comment_status":"closed","ping_status":"closed","template":"elementor_header_footer","meta":{"_acf_changed":false,"footnotes":""},"class_list":["post-18254","page","type-page","status-publish","hentry"],"acf":[],"yoast_head":"<!-- This site is optimized with the Yoast SEO Premium plugin v27.3 (Yoast SEO v27.4) - https:\/\/yoast.com\/product\/yoast-seo-premium-wordpress\/ -->\n<title>Migreringsbogen | Download vores nye bog her \u2013 InboundCPH<\/title>\n<meta name=\"description\" content=\"Download et gratis eksemplar af vores nye migreringbog. En anvendelsesorienteret h\u00e5ndbog til dig der st\u00e5r over for en migrering af websitet.\" \/>\n<meta name=\"robots\" content=\"index, follow, max-snippet:-1, max-image-preview:large, max-video-preview:-1\" \/>\n<link rel=\"canonical\" href=\"https:\/\/inboundcph.dk\/sv\/giveaways\/ladda-ner-migrationsbok\/\" \/>\n<meta property=\"og:locale\" content=\"sv_SE\" \/>\n<meta property=\"og:type\" content=\"article\" \/>\n<meta property=\"og:title\" content=\"Migreringsbog (formular)\" \/>\n<meta property=\"og:description\" content=\"Download et gratis eksemplar af vores nye migreringbog. En anvendelsesorienteret h\u00e5ndbog til dig der st\u00e5r over for en migrering af websitet.\" \/>\n<meta property=\"og:url\" content=\"https:\/\/inboundcph.dk\/sv\/giveaways\/ladda-ner-migrationsbok\/\" \/>\n<meta property=\"og:site_name\" content=\"InboundCPH\" \/>\n<meta property=\"article:publisher\" content=\"https:\/\/www.facebook.com\/inboundcph\" \/>\n<meta property=\"article:modified_time\" content=\"2024-06-25T16:34:29+00:00\" \/>\n<meta property=\"og:image\" content=\"https:\/\/inboundcph.dk\/wp-content\/uploads\/2024\/04\/nets-logo.webp\" \/>\n<meta name=\"twitter:card\" content=\"summary_large_image\" \/>\n<meta name=\"twitter:label1\" content=\"Ber\u00e4knad l\u00e4stid\" \/>\n\t<meta name=\"twitter:data1\" content=\"2 minuter\" \/>\n<script type=\"application\/ld+json\" class=\"yoast-schema-graph\">{\"@context\":\"https:\\\/\\\/schema.org\",\"@graph\":[{\"@type\":\"WebPage\",\"@id\":\"https:\\\/\\\/inboundcph.dk\\\/giveaways\\\/download-migreringsbog\\\/\",\"url\":\"https:\\\/\\\/inboundcph.dk\\\/giveaways\\\/download-migreringsbog\\\/\",\"name\":\"Migreringsbogen | Download vores nye bog her \u2013 InboundCPH\",\"isPartOf\":{\"@id\":\"https:\\\/\\\/inboundcph.dk\\\/#website\"},\"primaryImageOfPage\":{\"@id\":\"https:\\\/\\\/inboundcph.dk\\\/giveaways\\\/download-migreringsbog\\\/#primaryimage\"},\"image\":{\"@id\":\"https:\\\/\\\/inboundcph.dk\\\/giveaways\\\/download-migreringsbog\\\/#primaryimage\"},\"thumbnailUrl\":\"https:\\\/\\\/inboundcph.dk\\\/wp-content\\\/uploads\\\/2024\\\/04\\\/nets-logo.webp\",\"datePublished\":\"2024-05-02T12:27:33+00:00\",\"dateModified\":\"2024-06-25T16:34:29+00:00\",\"description\":\"Download et gratis eksemplar af vores nye migreringbog. En anvendelsesorienteret h\u00e5ndbog til dig der st\u00e5r over for en migrering af websitet.\",\"breadcrumb\":{\"@id\":\"https:\\\/\\\/inboundcph.dk\\\/giveaways\\\/download-migreringsbog\\\/#breadcrumb\"},\"inLanguage\":\"sv-SE\",\"potentialAction\":[{\"@type\":\"ReadAction\",\"target\":[\"https:\\\/\\\/inboundcph.dk\\\/giveaways\\\/download-migreringsbog\\\/\"]}]},{\"@type\":\"ImageObject\",\"inLanguage\":\"sv-SE\",\"@id\":\"https:\\\/\\\/inboundcph.dk\\\/giveaways\\\/download-migreringsbog\\\/#primaryimage\",\"url\":\"https:\\\/\\\/inboundcph.dk\\\/wp-content\\\/uploads\\\/2024\\\/04\\\/nets-logo.webp\",\"contentUrl\":\"https:\\\/\\\/inboundcph.dk\\\/wp-content\\\/uploads\\\/2024\\\/04\\\/nets-logo.webp\"},{\"@type\":\"BreadcrumbList\",\"@id\":\"https:\\\/\\\/inboundcph.dk\\\/giveaways\\\/download-migreringsbog\\\/#breadcrumb\",\"itemListElement\":[{\"@type\":\"ListItem\",\"position\":1,\"name\":\"Home\",\"item\":\"https:\\\/\\\/inboundcph.dk\\\/\"},{\"@type\":\"ListItem\",\"position\":2,\"name\":\"Giveaways\",\"item\":\"https:\\\/\\\/inboundcph.dk\\\/giveaways\\\/\"},{\"@type\":\"ListItem\",\"position\":3,\"name\":\"Migreringsbog (formular)\"}]},{\"@type\":\"WebSite\",\"@id\":\"https:\\\/\\\/inboundcph.dk\\\/#website\",\"url\":\"https:\\\/\\\/inboundcph.dk\\\/\",\"name\":\"InboundCPH\",\"description\":\"Specialister i digital marketing\",\"publisher\":{\"@id\":\"https:\\\/\\\/inboundcph.dk\\\/#organization\"},\"potentialAction\":[{\"@type\":\"SearchAction\",\"target\":{\"@type\":\"EntryPoint\",\"urlTemplate\":\"https:\\\/\\\/inboundcph.dk\\\/?s={search_term_string}\"},\"query-input\":{\"@type\":\"PropertyValueSpecification\",\"valueRequired\":true,\"valueName\":\"search_term_string\"}}],\"inLanguage\":\"sv-SE\"},{\"@type\":\"Organization\",\"@id\":\"https:\\\/\\\/inboundcph.dk\\\/#organization\",\"name\":\"InboundCPH A\\\/S\",\"alternateName\":\"InboundCPH\",\"url\":\"https:\\\/\\\/inboundcph.dk\\\/\",\"logo\":{\"@type\":\"ImageObject\",\"inLanguage\":\"sv-SE\",\"@id\":\"https:\\\/\\\/inboundcph.dk\\\/#\\\/schema\\\/logo\\\/image\\\/\",\"url\":\"https:\\\/\\\/inboundcph.dk\\\/wp-content\\\/uploads\\\/2024\\\/04\\\/logo-dark-med-ikon_20211_new.webp\",\"contentUrl\":\"https:\\\/\\\/inboundcph.dk\\\/wp-content\\\/uploads\\\/2024\\\/04\\\/logo-dark-med-ikon_20211_new.webp\",\"width\":550,\"height\":109,\"caption\":\"InboundCPH A\\\/S\"},\"image\":{\"@id\":\"https:\\\/\\\/inboundcph.dk\\\/#\\\/schema\\\/logo\\\/image\\\/\"},\"sameAs\":[\"https:\\\/\\\/www.facebook.com\\\/inboundcph\",\"https:\\\/\\\/dk.linkedin.com\\\/company\\\/inbound-cph\"],\"email\":\"ir@inboundcph.dk\",\"telephone\":\"27297720\",\"legalName\":\"InboundCPH A\\\/S\",\"foundingDate\":\"2013-02-03\",\"vatID\":\"DK39607255\",\"numberOfEmployees\":{\"@type\":\"QuantitativeValue\",\"value\":\"30\"}}]}<\/script>\n<!-- \/ Yoast SEO Premium plugin. -->","yoast_head_json":{"title":"The Migration Book | Ladda ner v\u00e5r nya bok h\u00e4r - InboundCPH","description":"Ladda ner ett gratis exemplar av v\u00e5r nya migreringsbok. En applikationsorienterad handbok f\u00f6r dig som st\u00e5r inf\u00f6r en migrering av en webbplats.","robots":{"index":"index","follow":"follow","max-snippet":"max-snippet:-1","max-image-preview":"max-image-preview:large","max-video-preview":"max-video-preview:-1"},"canonical":"https:\/\/inboundcph.dk\/sv\/giveaways\/ladda-ner-migrationsbok\/","og_locale":"sv_SE","og_type":"article","og_title":"Migreringsbog (formular)","og_description":"Download et gratis eksemplar af vores nye migreringbog. En anvendelsesorienteret h\u00e5ndbog til dig der st\u00e5r over for en migrering af websitet.","og_url":"https:\/\/inboundcph.dk\/sv\/giveaways\/ladda-ner-migrationsbok\/","og_site_name":"InboundCPH","article_publisher":"https:\/\/www.facebook.com\/inboundcph","article_modified_time":"2024-06-25T16:34:29+00:00","og_image":[{"url":"https:\/\/inboundcph.dk\/wp-content\/uploads\/2024\/04\/nets-logo.webp","type":"","width":"","height":""}],"twitter_card":"summary_large_image","twitter_misc":{"Ber\u00e4knad l\u00e4stid":"2 minuter"},"schema":{"@context":"https:\/\/schema.org","@graph":[{"@type":"WebPage","@id":"https:\/\/inboundcph.dk\/giveaways\/download-migreringsbog\/","url":"https:\/\/inboundcph.dk\/giveaways\/download-migreringsbog\/","name":"The Migration Book | Ladda ner v\u00e5r nya bok h\u00e4r - InboundCPH","isPartOf":{"@id":"https:\/\/inboundcph.dk\/#website"},"primaryImageOfPage":{"@id":"https:\/\/inboundcph.dk\/giveaways\/download-migreringsbog\/#primaryimage"},"image":{"@id":"https:\/\/inboundcph.dk\/giveaways\/download-migreringsbog\/#primaryimage"},"thumbnailUrl":"https:\/\/inboundcph.dk\/wp-content\/uploads\/2024\/04\/nets-logo.webp","datePublished":"2024-05-02T12:27:33+00:00","dateModified":"2024-06-25T16:34:29+00:00","description":"Ladda ner ett gratis exemplar av v\u00e5r nya migreringsbok. En applikationsorienterad handbok f\u00f6r dig som st\u00e5r inf\u00f6r en migrering av en webbplats.","breadcrumb":{"@id":"https:\/\/inboundcph.dk\/giveaways\/download-migreringsbog\/#breadcrumb"},"inLanguage":"sv-SE","potentialAction":[{"@type":"ReadAction","target":["https:\/\/inboundcph.dk\/giveaways\/download-migreringsbog\/"]}]},{"@type":"ImageObject","inLanguage":"sv-SE","@id":"https:\/\/inboundcph.dk\/giveaways\/download-migreringsbog\/#primaryimage","url":"https:\/\/inboundcph.dk\/wp-content\/uploads\/2024\/04\/nets-logo.webp","contentUrl":"https:\/\/inboundcph.dk\/wp-content\/uploads\/2024\/04\/nets-logo.webp"},{"@type":"BreadcrumbList","@id":"https:\/\/inboundcph.dk\/giveaways\/download-migreringsbog\/#breadcrumb","itemListElement":[{"@type":"ListItem","position":1,"name":"Home","item":"https:\/\/inboundcph.dk\/"},{"@type":"ListItem","position":2,"name":"Giveaways","item":"https:\/\/inboundcph.dk\/giveaways\/"},{"@type":"ListItem","position":3,"name":"Migreringsbog (formular)"}]},{"@type":"WebSite","@id":"https:\/\/inboundcph.dk\/#website","url":"https:\/\/inboundcph.dk\/","name":"InboundCPH","description":"Specialister inom digital marknadsf\u00f6ring","publisher":{"@id":"https:\/\/inboundcph.dk\/#organization"},"potentialAction":[{"@type":"SearchAction","target":{"@type":"EntryPoint","urlTemplate":"https:\/\/inboundcph.dk\/?s={search_term_string}"},"query-input":{"@type":"PropertyValueSpecification","valueRequired":true,"valueName":"search_term_string"}}],"inLanguage":"sv-SE"},{"@type":"Organization","@id":"https:\/\/inboundcph.dk\/#organization","name":"InkommandeCPH A\/S","alternateName":"InboundCPH","url":"https:\/\/inboundcph.dk\/","logo":{"@type":"ImageObject","inLanguage":"sv-SE","@id":"https:\/\/inboundcph.dk\/#\/schema\/logo\/image\/","url":"https:\/\/inboundcph.dk\/wp-content\/uploads\/2024\/04\/logo-dark-med-ikon_20211_new.webp","contentUrl":"https:\/\/inboundcph.dk\/wp-content\/uploads\/2024\/04\/logo-dark-med-ikon_20211_new.webp","width":550,"height":109,"caption":"InboundCPH A\/S"},"image":{"@id":"https:\/\/inboundcph.dk\/#\/schema\/logo\/image\/"},"sameAs":["https:\/\/www.facebook.com\/inboundcph","https:\/\/dk.linkedin.com\/company\/inbound-cph"],"email":"ir@inboundcph.dk","telephone":"27297720","legalName":"InboundCPH A\/S","foundingDate":"2013-02-03","vatID":"DK39607255","numberOfEmployees":{"@type":"QuantitativeValue","value":"30"}}]}},"_links":{"self":[{"href":"https:\/\/inboundcph.dk\/sv\/wp-json\/wp\/v2\/pages\/18254","targetHints":{"allow":["GET"]}}],"collection":[{"href":"https:\/\/inboundcph.dk\/sv\/wp-json\/wp\/v2\/pages"}],"about":[{"href":"https:\/\/inboundcph.dk\/sv\/wp-json\/wp\/v2\/types\/page"}],"author":[{"embeddable":true,"href":"https:\/\/inboundcph.dk\/sv\/wp-json\/wp\/v2\/users\/2"}],"replies":[{"embeddable":true,"href":"https:\/\/inboundcph.dk\/sv\/wp-json\/wp\/v2\/comments?post=18254"}],"version-history":[{"count":0,"href":"https:\/\/inboundcph.dk\/sv\/wp-json\/wp\/v2\/pages\/18254\/revisions"}],"up":[{"embeddable":true,"href":"https:\/\/inboundcph.dk\/sv\/wp-json\/wp\/v2\/pages\/18134"}],"wp:attachment":[{"href":"https:\/\/inboundcph.dk\/sv\/wp-json\/wp\/v2\/media?parent=18254"}],"curies":[{"name":"wp","href":"https:\/\/api.w.org\/{rel}","templated":true}]}}