{"id":92,"date":"2024-04-15T10:22:45","date_gmt":"2024-04-15T10:22:45","guid":{"rendered":"https:\/\/inboundcph.dk\/?page_id=92"},"modified":"2024-07-16T11:08:51","modified_gmt":"2024-07-16T10:08:51","slug":"privacy-policy","status":"publish","type":"page","link":"https:\/\/inboundcph.dk\/en\/privatlivspolitik\/","title":{"rendered":"Privacy policy"},"content":{"rendered":"<div data-elementor-type=\"wp-page\" data-elementor-id=\"92\" class=\"elementor elementor-92\" data-elementor-post-type=\"page\">\n\t\t\t\t<div class=\"elementor-element elementor-element-8473629 e-con-full inbound-vertical-line elementor-hidden-tablet_extra elementor-hidden-tablet elementor-hidden-mobile e-flex e-con e-parent\" data-id=\"8473629\" data-element_type=\"container\" data-e-type=\"container\" data-settings=\"{&quot;position&quot;:&quot;absolute&quot;}\">\n\t\t\t\t<div class=\"elementor-element elementor-element-daf75df elementor-widget__width-auto elementor-widget-divider--view-line elementor-widget elementor-widget-divider\" data-id=\"daf75df\" data-element_type=\"widget\" data-e-type=\"widget\" data-widget_type=\"divider.default\">\n\t\t\t\t<div class=\"elementor-widget-container\">\n\t\t\t\t\t\t\t<div class=\"elementor-divider\">\n\t\t\t<span class=\"elementor-divider-separator\">\n\t\t\t\t\t\t<\/span>\n\t\t<\/div>\n\t\t\t\t\t\t<\/div>\n\t\t\t\t<\/div>\n\t\t\t\t<\/div>\n\t\t<div class=\"elementor-element elementor-element-ad2b4df e-flex e-con-boxed e-con e-parent\" data-id=\"ad2b4df\" data-element_type=\"container\" data-e-type=\"container\" data-settings=\"{&quot;background_background&quot;:&quot;classic&quot;}\">\n\t\t\t\t\t<div class=\"e-con-inner\">\n\t\t<div class=\"elementor-element elementor-element-8756627 e-con-full e-flex e-con e-child\" data-id=\"8756627\" data-element_type=\"container\" data-e-type=\"container\">\n\t\t\t\t<div class=\"elementor-element elementor-element-e851d58 elementor-widget elementor-widget-heading\" data-id=\"e851d58\" data-element_type=\"widget\" data-e-type=\"widget\" data-widget_type=\"heading.default\">\n\t\t\t\t<div class=\"elementor-widget-container\">\n\t\t\t\t\t<span class=\"elementor-heading-title elementor-size-default\"> \nWE TAKE GOOD CARE OF YOUR DATA<\/span>\t\t\t\t<\/div>\n\t\t\t\t<\/div>\n\t\t\t\t<div class=\"elementor-element elementor-element-78943c2 elementor-widget elementor-widget-heading\" data-id=\"78943c2\" data-element_type=\"widget\" data-e-type=\"widget\" data-widget_type=\"heading.default\">\n\t\t\t\t<div class=\"elementor-widget-container\">\n\t\t\t\t\t<h1 class=\"elementor-heading-title elementor-size-default\">Privacy policy<\/h1>\t\t\t\t<\/div>\n\t\t\t\t<\/div>\n\t\t\t\t<\/div>\n\t\t<div class=\"elementor-element elementor-element-f16ac0c e-con-full elementor-hidden-tablet elementor-hidden-mobile e-flex e-con e-child\" data-id=\"f16ac0c\" data-element_type=\"container\" data-e-type=\"container\">\n\t\t\t\t<\/div>\n\t\t\t\t\t<\/div>\n\t\t\t\t<\/div>\n\t\t<div class=\"elementor-element elementor-element-c349aec e-flex e-con-boxed e-con e-parent\" data-id=\"c349aec\" data-element_type=\"container\" data-e-type=\"container\">\n\t\t\t\t\t<div class=\"e-con-inner\">\n\t\t\t\t<div class=\"elementor-element elementor-element-93d3716 inbound-text elementor-widget elementor-widget-text-editor\" data-id=\"93d3716\" data-element_type=\"widget\" data-e-type=\"widget\" data-widget_type=\"text-editor.default\">\n\t\t\t\t<div class=\"elementor-widget-container\">\n\t\t\t\t\t\t\t\t\t<h2><img decoding=\"async\" class=\"hideme\" src=\"\/i4k1kgkxormprvxuq4bc.png\" alt=\" \" width=\"0px\" height=\"0px\" \/>Getting started<\/h2><div id=\"panel-7593-1-0-0\" class=\"so-panel widget widget_mtt-text-sections panel-first-child\" data-index=\"1\"><div class=\"so-widget-mtt-text-sections so-widget-mtt-text-sections-base\"><section id=\"om\" class=\"mtt-text-sections margin-top-80 margin-classes-added\" data-offset=\"100\"><div class=\"page_container text-sections-inner\"><div class=\"text-sections\"><div class=\"text-section inline-styled-text\"><p>When you visit our website and when you actively fill in a form on the website, we collect a number of information about you and your behavior on the website. We use the information to process your request and for statistical purposes, for example to see how many visitors we have on the website. We are aware that your information must be treated with respect for the confidentiality of the information and for your privacy.<\/p><p>Below we have elaborated on what information we collect and the purpose of the collection. We will retain your data for as long as we either have a legal obligation to do so or as long as it is relevant to the purpose for which the data was collected.<\/p><p><em>This privacy policy was last updated on August 14, 2020.<\/em><\/p><\/div><\/div><\/div><\/section><\/div><\/div><div id=\"panel-7593-1-0-1\" class=\"so-panel widget widget_mtt-text-sections\" data-index=\"2\"><div class=\"so-widget-mtt-text-sections so-widget-mtt-text-sections-base\"><section id=\"om\" class=\"mtt-text-sections margin-top-60 margin-classes-added\" data-offset=\"100\"><div class=\"page_container text-sections-inner\"><h2 class=\"title\">Publisher<\/h2><div class=\"text-sections\"><div class=\"text-section inline-styled-text\"><p>The website is owned and published by:<\/p><p>InboundCPH ApS<br \/>Rosenv\u00e6ngets All\u00e9 11, st. th.<br \/>2100 Copenhagen \u00d8, Denmark<\/p><p>CVR: 39607255<\/p><p>Phone: 70 23 35 35 35<br \/>Email: info@inboundcph.dk<\/p><p>Contact person:\u00a0<a href=\"\/en\/employee\/lasse-grubbe\/\">Lasse Grubbe<\/a><\/p><\/div><\/div><\/div><\/section><\/div><\/div><div id=\"panel-7593-1-0-2\" class=\"so-panel widget widget_mtt-text-sections\" data-index=\"3\"><div class=\"so-widget-mtt-text-sections so-widget-mtt-text-sections-base\"><section id=\"om\" class=\"mtt-text-sections margin-top-60 margin-classes-added\" data-offset=\"100\"><div class=\"page_container text-sections-inner\"><h2 class=\"title\">Cookies<\/h2><div class=\"text-sections\"><div class=\"text-section inline-styled-text\"><p>The website uses\u00a0<em>cookies<\/em>, which is a text file that is stored on your computer, tablet or mobile device for the purpose of recognizing your device, remembering your settings and performing anonymous visitor statistics. Cookies cannot contain harmful files such as viruses. It is possible to delete and block cookies.<\/p><p>In our\u00a0<a href=\"\/en\/cookie-policy\/\">cookie policy<\/a>\u00a0you can see a description of what data storage we use in our cookies and read how you can change your cookie settings at any time. If you delete cookies, you may risk that the website does not function optimally and that there is content that you can no longer access.<\/p><\/div><\/div><\/div><\/section><\/div><\/div><div id=\"panel-7593-1-0-3\" class=\"so-panel widget widget_mtt-text-sections\" data-index=\"4\"><div class=\"so-widget-mtt-text-sections so-widget-mtt-text-sections-base\"><section id=\"om\" class=\"mtt-text-sections margin-top-60 margin-classes-added\" data-offset=\"100\"><div class=\"page_container text-sections-inner\"><h2 class=\"title\">Data collection<\/h2><div class=\"text-sections\"><div class=\"text-section inline-styled-text\"><p><strong>Personal data<\/strong><\/p><p>Personal data is any information that can be attributed to an individual. When you use our website, we collect and process some of this information. We also collect information when you fill in a contact form, a registration form or a download form.<\/p><p><strong>Contact forms<\/strong><\/p><p>When you use a contact form on the website, the information you have entered is stored and sent to our mail system so that we can respond to your inquiry. Contact forms are not used for marketing, signing up for newsletters or similar without your request, and your data is not forwarded outside the organization unless it is necessary and has your approval.<\/p><p><strong>Registration forms<\/strong><\/p><p>When you sign up for a newsletter, seminar, webinar, consultation, business case or similar, the information you have entered is stored and sent to our mail system and CRM system in order for us to process your registration. Your data will not be forwarded outside the organization without the need and your approval.<\/p><p><strong>Download forms<\/strong><\/p><p>When you download something - for example our SEO book - the information you have entered is stored and sent to our mail system and CRM system so that we can process your download. If a download form is also used to sign up for a newsletter, this is clearly stated in connection with the download form.<\/p><p><strong>Analyzing tools<\/strong><\/p><p>In order to provide us with insights into visitor behavior on our website, we use the following analytics tools: Google Analytics, Google Tag Manager, LinkedIn Insights and Leadfeeder. We typically collect and process the following information: Technical information about your computer, tablet or phone, IP address, geographical location (country and urban area), duration of visit and which pages you click on. The collection only takes place as long as you are on our website.<\/p><\/div><\/div><\/div><\/section><\/div><\/div><div id=\"panel-7593-1-0-4\" class=\"so-panel widget widget_mtt-text-sections\" data-index=\"5\"><div class=\"so-widget-mtt-text-sections so-widget-mtt-text-sections-base\"><section id=\"om\" class=\"mtt-text-sections margin-top-60 margin-classes-added\" data-offset=\"100\"><div class=\"page_container text-sections-inner\"><h2 class=\"title\">Data processors<\/h2><div class=\"text-sections\"><div class=\"text-section inline-styled-text\"><p>We use a number of third parties to store and process data. They only process data on our behalf and may not use it for their own purposes. We only use data processors in the EU and in countries that can provide adequate protection for your data.<\/p><div class=\"table\"><table width=\"100%\"><thead><tr><td><strong>Handler<\/strong><\/td><td><strong>Functionality<\/strong><\/td><td><strong>Data sharing<\/strong><\/td><\/tr><\/thead><tbody><tr><td>Google Analytics<\/td><td>Web statistics<\/td><td>anonymized visitor statistics for inboundcph.dk<\/td><\/tr><tr><td>LinkedIn Insights<\/td><td>Web statistics<\/td><td>anonymized visitor statistics for inboundcph.dk<\/td><\/tr><tr><td>Leadfeeder<\/td><td>Web statistics<\/td><td>IP address and visitor statistics for inboundcph.dk<\/td><\/tr><tr><td>Gmail for Business<\/td><td>Mail handling<\/td><td>Name, email and email content<\/td><\/tr><tr><td>Active Campaign<\/td><td>Newsletter broadcast<\/td><td>Name, email, and possibly job title, company and phone number<\/td><\/tr><tr><td>Copper<\/td><td>Customer relationship management<\/td><td>Name, email, contact history and possibly job title, company and phone number<\/td><\/tr><tr><td>TwentyThree<\/td><td>Webinar delivery<\/td><td>name and email<\/td><\/tr><\/tbody><\/table><\/div><\/div><\/div><\/div><\/section><\/div><\/div><div id=\"panel-7593-1-0-5\" class=\"so-panel widget widget_mtt-text-sections\" data-index=\"6\"><div class=\"so-widget-mtt-text-sections so-widget-mtt-text-sections-base\"><section id=\"om\" class=\"mtt-text-sections margin-top-60 margin-classes-added\" data-offset=\"100\"><div class=\"page_container text-sections-inner\"><h2 class=\"title\">Data retention<\/h2><div class=\"text-sections\"><div class=\"text-section inline-styled-text\"><p><strong>Safety and security<\/strong><\/p><p>We process your personal data securely and confidentially in accordance with applicable legislation, including the General Data Protection Regulation. Your data will only be used for the purpose for which it was collected and will be deleted when that purpose is fulfilled.<\/p><p>We have taken technical and organizational measures to prevent your data from being accidentally or illegally deleted, published, lost, impaired or disclosed to unauthorized persons, misused or otherwise processed in violation of the law.<\/p><p><strong>Data retention length<\/strong><\/p><p>The data is stored for the period permitted by law and we delete it when it is no longer necessary. The period depends on the nature of the data and the reason for storage. It is therefore not possible to specify a general time frame for when information is deleted.<\/p><p>Analytical data is archived indefinitely to see and follow our online growth and improve our website and marketing efforts.<\/p><p><strong>Data breach procedures<\/strong><\/p><p>In the event of a data breach, all affected parties will be contacted within 72 hours with notification of what data has been lost and guidance on what to do about it. Our first priority in such a situation is to close the security hole to minimize data loss for those affected.<\/p><\/div><\/div><\/div><\/section><\/div><\/div><div id=\"panel-7593-1-0-6\" class=\"so-panel widget widget_mtt-text-sections panel-last-child\" data-index=\"7\"><div class=\"so-widget-mtt-text-sections so-widget-mtt-text-sections-base\"><section id=\"om\" class=\"mtt-text-sections margin-top-60 margin-bottom-120 margin-classes-added\" data-offset=\"100\"><div class=\"page_container text-sections-inner\"><h2 class=\"title\">Data rights<\/h2><div class=\"text-sections\"><div class=\"text-section inline-styled-text\"><p><strong>Exporting and deleting data<\/strong><\/p><p>You have the right to access the data we hold about you. You can request a file containing the personally identifiable data we hold about you. You can also request that we delete all personal data, with the exception of any data that we are obliged to retain for administrative, legal or security reasons. Contact the data controller via the email listed at the top of this page.<\/p><p><strong>Complaint options<\/strong><\/p><p>You can complain to\u00a0<a href=\"http:\/\/www.datatilsynet.dk\/\" target=\"_blank\" rel=\"noopener\">Data Protection Authority<\/a>\u00a0about our processing of your data if you believe that the processing is in violation of the General Data Protection Regulation.<\/p><\/div><\/div><\/div><\/section><\/div><\/div>\t\t\t\t\t\t\t\t<\/div>\n\t\t\t\t<\/div>\n\t\t\t\t\t<\/div>\n\t\t\t\t<\/div>\n\t\t\t\t<\/div>","protected":false},"excerpt":{"rendered":"<p>VI PASSER GODT P\u00c5 DINE DATA Introduktion N\u00e5r du bes\u00f8ger vores website, og n\u00e5r du aktivt udfylder en formular p\u00e5 websitet, indsamler vi en r\u00e6kke oplysninger om dig og din adf\u00e6rd p\u00e5 websitet. Vi bruger oplysningerne til at behandle din foresp\u00f8rgsel og til statistiske form\u00e5l for blandt andet at se, hvor mange bes\u00f8gende vi har [&hellip;]<\/p>\n","protected":false},"author":2,"featured_media":0,"parent":0,"menu_order":0,"comment_status":"closed","ping_status":"closed","template":"elementor_header_footer","meta":{"_acf_changed":false,"footnotes":""},"class_list":["post-92","page","type-page","status-publish","hentry"],"acf":[],"_links":{"self":[{"href":"https:\/\/inboundcph.dk\/en\/wp-json\/wp\/v2\/pages\/92","targetHints":{"allow":["GET"]}}],"collection":[{"href":"https:\/\/inboundcph.dk\/en\/wp-json\/wp\/v2\/pages"}],"about":[{"href":"https:\/\/inboundcph.dk\/en\/wp-json\/wp\/v2\/types\/page"}],"author":[{"embeddable":true,"href":"https:\/\/inboundcph.dk\/en\/wp-json\/wp\/v2\/users\/2"}],"replies":[{"embeddable":true,"href":"https:\/\/inboundcph.dk\/en\/wp-json\/wp\/v2\/comments?post=92"}],"version-history":[{"count":0,"href":"https:\/\/inboundcph.dk\/en\/wp-json\/wp\/v2\/pages\/92\/revisions"}],"wp:attachment":[{"href":"https:\/\/inboundcph.dk\/en\/wp-json\/wp\/v2\/media?parent=92"}],"curies":[{"name":"wp","href":"https:\/\/api.w.org\/{rel}","templated":true}]}}