{"id":20749,"date":"2025-05-09T10:19:41","date_gmt":"2025-05-09T09:19:41","guid":{"rendered":"https:\/\/inboundcph.dk\/?page_id=20749"},"modified":"2025-06-12T09:07:50","modified_gmt":"2025-06-12T08:07:50","slug":"game-changing-webinar","status":"publish","type":"page","link":"https:\/\/inboundcph.dk\/en\/webinar-ai-aendrer-gamet\/","title":{"rendered":"Webinar: SEO and AI, Become Visible on AI Search Engines 23.06.25"},"content":{"rendered":"<div data-elementor-type=\"wp-page\" data-elementor-id=\"20749\" class=\"elementor elementor-20749\" data-elementor-post-type=\"page\">\n\t\t\t\t<div class=\"elementor-element elementor-element-2db8620 e-flex e-con-boxed e-con e-parent\" data-id=\"2db8620\" data-element_type=\"container\" data-e-type=\"container\">\n\t\t\t\t\t<div class=\"e-con-inner\">\n\t\t<div class=\"elementor-element elementor-element-9019ef6 e-con-full inbound-single-event-information-box-bg elementor-hidden-tablet elementor-hidden-mobile e-flex e-con e-child\" data-id=\"9019ef6\" data-element_type=\"container\" data-e-type=\"container\" data-settings=\"{&quot;background_background&quot;:&quot;classic&quot;,&quot;position&quot;:&quot;absolute&quot;}\">\n\t\t\t\t<\/div>\n\t\t<div class=\"elementor-element elementor-element-978ed85 e-flex e-con-boxed e-con e-child\" data-id=\"978ed85\" data-element_type=\"container\" data-e-type=\"container\">\n\t\t\t\t\t<div class=\"e-con-inner\">\n\t\t<div class=\"elementor-element elementor-element-8b8a0d1 e-con-full e-flex e-con e-child\" data-id=\"8b8a0d1\" data-element_type=\"container\" data-e-type=\"container\">\n\t\t\t\t<div class=\"elementor-element elementor-element-e61eb3f elementor-widget elementor-widget-heading\" data-id=\"e61eb3f\" data-element_type=\"widget\" data-e-type=\"widget\" data-widget_type=\"heading.default\">\n\t\t\t\t<div class=\"elementor-widget-container\">\n\t\t\t\t\t<span class=\"elementor-heading-title elementor-size-default\">Webinar with leading SEO expert<\/span>\t\t\t\t<\/div>\n\t\t\t\t<\/div>\n\t\t\t\t<div class=\"elementor-element elementor-element-0d1b48c elementor-widget elementor-widget-heading\" data-id=\"0d1b48c\" data-element_type=\"widget\" data-e-type=\"widget\" data-widget_type=\"heading.default\">\n\t\t\t\t<div class=\"elementor-widget-container\">\n\t\t\t\t\t<h1 class=\"elementor-heading-title elementor-size-default\">SEO - how to increase traffic and prepare for the future of user journeys<\/h1>\t\t\t\t<\/div>\n\t\t\t\t<\/div>\n\t\t\t\t<div class=\"elementor-element elementor-element-8b1ca2c inbound-text elementor-widget elementor-widget-text-editor\" data-id=\"8b1ca2c\" data-element_type=\"widget\" data-e-type=\"widget\" data-widget_type=\"text-editor.default\">\n\t\t\t\t<div class=\"elementor-widget-container\">\n\t\t\t\t\t\t\t\t\t<p><b>Is your business visibility under threat? Search behavior is undergoing a dramatic shift - and it's happening RIGHT NOW!<\/b><\/p><p>Did you know that ChatGPT alone handled\u00a0<b>1 BILLION product searches<\/b>\u00a0last week? That equates to over\u00a0<b>99,000 searches per minute<\/b>, or more than\u00a0<b>1,650 searches EVERY SINGLE SECOND!<\/b>\u00a0Google has also just launched AI Overviews in Denmark, which is already expected to mean\u00a0<b>far fewer direct clicks<\/b>\u00a0to your website from traditional search results.<\/p><p>The combination of these two trends is a game changer. Your traditional SEO efforts are no longer enough. If you don't adapt, you risk becoming invisible to an ever-growing portion of your potential customers.<\/p>\t\t\t\t\t\t\t\t<\/div>\n\t\t\t\t<\/div>\n\t\t\t\t<\/div>\n\t\t<div class=\"elementor-element elementor-element-68f299d e-con-full e-flex e-con e-child\" data-id=\"68f299d\" data-element_type=\"container\" data-e-type=\"container\" data-settings=\"{&quot;background_background&quot;:&quot;classic&quot;}\">\n\t\t<div class=\"elementor-element elementor-element-5acab97 e-flex e-con-boxed e-con e-child\" data-id=\"5acab97\" data-element_type=\"container\" data-e-type=\"container\">\n\t\t\t\t\t<div class=\"e-con-inner\">\n\t\t\t\t<div class=\"elementor-element elementor-element-698b04b elementor-widget elementor-widget-heading\" data-id=\"698b04b\" data-element_type=\"widget\" data-e-type=\"widget\" data-widget_type=\"heading.default\">\n\t\t\t\t<div class=\"elementor-widget-container\">\n\t\t\t\t\t<div class=\"elementor-heading-title elementor-size-default\">Sign up here<\/div>\t\t\t\t<\/div>\n\t\t\t\t<\/div>\n\t\t\t\t<div class=\"elementor-element elementor-element-c006af0 elementor-widget elementor-widget-html\" data-id=\"c006af0\" data-element_type=\"widget\" data-e-type=\"widget\" data-widget_type=\"html.default\">\n\t\t\t\t<div class=\"elementor-widget-container\">\n\t\t\t\t\t<script src=\"https:\/\/js-eu1.hsforms.net\/forms\/embed\/25852745.js\" defer><\/script>\n<div class=\"hs-form-frame\" data-region=\"eu1\" data-form-id=\"4ffdc2f1-3d2d-466f-90f9-b83019b560da\" data-portal-id=\"25852745\"><\/div>\t\t\t\t<\/div>\n\t\t\t\t<\/div>\n\t\t\t\t\t<\/div>\n\t\t\t\t<\/div>\n\t\t<div class=\"elementor-element elementor-element-c592a27 e-flex e-con-boxed e-con e-child\" data-id=\"c592a27\" data-element_type=\"container\" data-e-type=\"container\">\n\t\t\t\t\t<div class=\"e-con-inner\">\n\t\t<div class=\"elementor-element elementor-element-2d2c1ed e-con-full e-flex e-con e-child\" data-id=\"2d2c1ed\" data-element_type=\"container\" data-e-type=\"container\">\n\t\t\t\t<div class=\"elementor-element elementor-element-6f93a10 elementor-widget elementor-widget-heading\" data-id=\"6f93a10\" data-element_type=\"widget\" data-e-type=\"widget\" data-widget_type=\"heading.default\">\n\t\t\t\t<div class=\"elementor-widget-container\">\n\t\t\t\t\t<div class=\"elementor-heading-title elementor-size-default\"> Price<\/div>\t\t\t\t<\/div>\n\t\t\t\t<\/div>\n\t\t\t\t<div class=\"elementor-element elementor-element-17b268a elementor-widget elementor-widget-heading\" data-id=\"17b268a\" data-element_type=\"widget\" data-e-type=\"widget\" data-widget_type=\"heading.default\">\n\t\t\t\t<div class=\"elementor-widget-container\">\n\t\t\t\t\t<div class=\"elementor-heading-title elementor-size-default\"> Per participant<\/div>\t\t\t\t<\/div>\n\t\t\t\t<\/div>\n\t\t\t\t<\/div>\n\t\t<div class=\"elementor-element elementor-element-e5430b3 e-con-full e-flex e-con e-child\" data-id=\"e5430b3\" data-element_type=\"container\" data-e-type=\"container\">\n\t\t\t\t<div class=\"elementor-element elementor-element-5146874 elementor-widget elementor-widget-heading\" data-id=\"5146874\" data-element_type=\"widget\" data-e-type=\"widget\" data-widget_type=\"heading.default\">\n\t\t\t\t<div class=\"elementor-widget-container\">\n\t\t\t\t\t<div class=\"elementor-heading-title elementor-size-default\"> 0,00<\/div>\t\t\t\t<\/div>\n\t\t\t\t<\/div>\n\t\t\t\t<\/div>\n\t\t\t\t\t<\/div>\n\t\t\t\t<\/div>\n\t\t\t\t<\/div>\n\t\t\t\t\t<\/div>\n\t\t\t\t<\/div>\n\t\t\t\t\t<\/div>\n\t\t\t\t<\/div>\n\t\t<div class=\"elementor-element elementor-element-351c086 e-flex e-con-boxed e-con e-parent\" data-id=\"351c086\" data-element_type=\"container\" data-e-type=\"container\" data-settings=\"{&quot;background_background&quot;:&quot;classic&quot;}\">\n\t\t\t\t\t<div class=\"e-con-inner\">\n\t\t\t\t\t<\/div>\n\t\t\t\t<\/div>\n\t\t<div class=\"elementor-element elementor-element-6ed3b7a e-flex e-con-boxed e-con e-parent\" data-id=\"6ed3b7a\" data-element_type=\"container\" data-e-type=\"container\" id=\"signup-section\">\n\t\t\t\t\t<div class=\"e-con-inner\">\n\t\t<div class=\"elementor-element elementor-element-bb148ab e-con-full e-flex e-con e-child\" data-id=\"bb148ab\" data-element_type=\"container\" data-e-type=\"container\">\n\t\t\t\t<div class=\"elementor-element elementor-element-39ea9dd elementor-widget elementor-widget-heading\" data-id=\"39ea9dd\" data-element_type=\"widget\" data-e-type=\"widget\" data-widget_type=\"heading.default\">\n\t\t\t\t<div class=\"elementor-widget-container\">\n\t\t\t\t\t<div class=\"elementor-heading-title elementor-size-default\">Webinar<\/div>\t\t\t\t<\/div>\n\t\t\t\t<\/div>\n\t\t\t\t<div class=\"elementor-element elementor-element-3cdbc32 inbound-text elementor-widget elementor-widget-text-editor\" data-id=\"3cdbc32\" data-element_type=\"widget\" data-e-type=\"widget\" data-widget_type=\"text-editor.default\">\n\t\t\t\t<div class=\"elementor-widget-container\">\n\t\t\t\t\t\t\t\t\t<p><strong>Relevance:\u00a0<\/strong><\/p><p><b>In this webinar, you'll gain concrete knowledge and strategies:<\/b><\/p><ul><li><b>Understanding the new AI-powered search landscape:<\/b>\u00a0What does the shift from Google to chatbots really mean for your business?<\/li><li><b>To become visible in ChatGPT:<\/b>\u00a0How do you ensure that your company and products\/services are found when customers search via AI?<\/li><li><b>Navigating Google AI Overviews:<\/b>\u00a0What are the implications for your Google traffic and how can you optimize your presence?<\/li><li><b>Getting SEO and GEO to work together:<\/b>\u00a0Learn how to integrate your local visibility with new AI search strategies so customers can find you - both nationally and right where you are.<\/li><li><b>Avoiding the pitfalls that make you invisible:<\/b>\u00a0What should you absolutely NOT do if you want to be found in the future?<\/li><\/ul><p><b>This webinar is for those who want to:<\/b><\/p><ul><li>Secure your company's future online visibility.<\/li><li>Understand and act on the biggest changes in search behavior in decades.<\/li><li>Know how to optimize for both ChatGPT and Google AI Overviews.<\/li><li>Make your SEO (GEO) work\u00a0<i>with<\/i>\u00a0the new AI trends, not against them.<\/li><\/ul><p><b>Sign up now and stay ahead of the curve!<\/b><\/p><p><b>Date:<\/b> Monday 23. June\u00a0<br \/><b>Timing:<\/b>\u00a010:00 a.m.<\/p>\t\t\t\t\t\t\t\t<\/div>\n\t\t\t\t<\/div>\n\t\t\t\t<\/div>\n\t\t<div class=\"elementor-element elementor-element-233de11 e-con-full e-flex e-con e-child\" data-id=\"233de11\" data-element_type=\"container\" data-e-type=\"container\">\n\t\t\t\t<\/div>\n\t\t\t\t\t<\/div>\n\t\t\t\t<\/div>\n\t\t<div class=\"elementor-element elementor-element-8982239 inbound-cta-footer e-flex e-con-boxed e-con e-parent\" data-id=\"8982239\" data-element_type=\"container\" data-e-type=\"container\" data-settings=\"{&quot;background_background&quot;:&quot;classic&quot;}\">\n\t\t\t\t\t<div class=\"e-con-inner\">\n\t\t<div class=\"elementor-element elementor-element-2df711f e-con-full e-flex e-con e-child\" data-id=\"2df711f\" data-element_type=\"container\" data-e-type=\"container\">\n\t\t\t\t<div class=\"elementor-element elementor-element-552dd1e elementor-widget__width-auto elementor-widget elementor-widget-image\" data-id=\"552dd1e\" data-element_type=\"widget\" data-e-type=\"widget\" data-widget_type=\"image.default\">\n\t\t\t\t<div class=\"elementor-widget-container\">\n\t\t\t\t\t\t\t\t\t\t\t\t\t\t\t<img fetchpriority=\"high\" decoding=\"async\" width=\"667\" height=\"1000\" src=\"https:\/\/inboundcph.dk\/wp-content\/uploads\/2024\/04\/henning-figur-7.png\" class=\"attachment-full size-full wp-image-14328\" alt=\"\" srcset=\"https:\/\/inboundcph.dk\/wp-content\/uploads\/2024\/04\/henning-figur-7.png 667w, https:\/\/inboundcph.dk\/wp-content\/uploads\/2024\/04\/henning-figur-7-200x300.png 200w, https:\/\/inboundcph.dk\/wp-content\/uploads\/2024\/04\/henning-figur-7-8x12.png 8w\" sizes=\"(max-width: 667px) 100vw, 667px\" \/>\t\t\t\t\t\t\t\t\t\t\t\t\t\t\t<\/div>\n\t\t\t\t<\/div>\n\t\t\t\t<\/div>\n\t\t<div class=\"elementor-element elementor-element-e7b46b3 e-con-full e-flex e-con e-child\" data-id=\"e7b46b3\" data-element_type=\"container\" data-e-type=\"container\">\n\t\t<div class=\"elementor-element elementor-element-89d8627 e-con-full e-flex e-con e-child\" data-id=\"89d8627\" data-element_type=\"container\" data-e-type=\"container\">\n\t\t\t\t<div class=\"elementor-element elementor-element-a6c9339 elementor-widget elementor-widget-heading\" data-id=\"a6c9339\" data-element_type=\"widget\" data-e-type=\"widget\" data-widget_type=\"heading.default\">\n\t\t\t\t<div class=\"elementor-widget-container\">\n\t\t\t\t\t<h2 class=\"elementor-heading-title elementor-size-default\"> Questions?<\/h2>\t\t\t\t<\/div>\n\t\t\t\t<\/div>\n\t\t\t\t<div class=\"elementor-element elementor-element-e7207d9 elementor-widget elementor-widget-heading\" data-id=\"e7207d9\" data-element_type=\"widget\" data-e-type=\"widget\" data-widget_type=\"heading.default\">\n\t\t\t\t<div class=\"elementor-widget-container\">\n\t\t\t\t\t<p class=\"elementor-heading-title elementor-size-default\"> Do you have questions about the webinar or are you wondering if it makes sense for you to join? Contact Henning for a dialog about the webinar.<\/p>\t\t\t\t<\/div>\n\t\t\t\t<\/div>\n\t\t<div class=\"elementor-element elementor-element-79c5e47 e-flex e-con-boxed e-con e-child\" data-id=\"79c5e47\" data-element_type=\"container\" data-e-type=\"container\">\n\t\t\t\t\t<div class=\"e-con-inner\">\n\t\t\t\t<div class=\"elementor-element elementor-element-bec1784 e-transform elementor-widget elementor-widget-button\" data-id=\"bec1784\" data-element_type=\"widget\" data-e-type=\"widget\" data-settings=\"{&quot;_transform_translateY_effect_hover&quot;:{&quot;unit&quot;:&quot;px&quot;,&quot;size&quot;:-1,&quot;sizes&quot;:[]},&quot;_transform_translateX_effect_hover&quot;:{&quot;unit&quot;:&quot;px&quot;,&quot;size&quot;:&quot;&quot;,&quot;sizes&quot;:[]},&quot;_transform_translateX_effect_hover_tablet_extra&quot;:{&quot;unit&quot;:&quot;px&quot;,&quot;size&quot;:&quot;&quot;,&quot;sizes&quot;:[]},&quot;_transform_translateX_effect_hover_tablet&quot;:{&quot;unit&quot;:&quot;px&quot;,&quot;size&quot;:&quot;&quot;,&quot;sizes&quot;:[]},&quot;_transform_translateX_effect_hover_mobile&quot;:{&quot;unit&quot;:&quot;px&quot;,&quot;size&quot;:&quot;&quot;,&quot;sizes&quot;:[]},&quot;_transform_translateY_effect_hover_tablet_extra&quot;:{&quot;unit&quot;:&quot;px&quot;,&quot;size&quot;:&quot;&quot;,&quot;sizes&quot;:[]},&quot;_transform_translateY_effect_hover_tablet&quot;:{&quot;unit&quot;:&quot;px&quot;,&quot;size&quot;:&quot;&quot;,&quot;sizes&quot;:[]},&quot;_transform_translateY_effect_hover_mobile&quot;:{&quot;unit&quot;:&quot;px&quot;,&quot;size&quot;:&quot;&quot;,&quot;sizes&quot;:[]}}\" data-widget_type=\"button.default\">\n\t\t\t\t<div class=\"elementor-widget-container\">\n\t\t\t\t\t\t\t\t\t<div class=\"elementor-button-wrapper\">\n\t\t\t\t\t<a class=\"elementor-button elementor-button-link elementor-size-sm\" href=\"mailto:hma@inboundcph.dk\">\n\t\t\t\t\t\t<span class=\"elementor-button-content-wrapper\">\n\t\t\t\t\t\t\t\t\t<span class=\"elementor-button-text\">Contact us<\/span>\n\t\t\t\t\t<\/span>\n\t\t\t\t\t<\/a>\n\t\t\t\t<\/div>\n\t\t\t\t\t\t\t\t<\/div>\n\t\t\t\t<\/div>\n\t\t\t\t<div class=\"elementor-element elementor-element-0e67939 e-transform elementor-widget elementor-widget-button\" data-id=\"0e67939\" data-element_type=\"widget\" data-e-type=\"widget\" data-settings=\"{&quot;_transform_translateY_effect_hover&quot;:{&quot;unit&quot;:&quot;px&quot;,&quot;size&quot;:-1,&quot;sizes&quot;:[]},&quot;_transform_translateX_effect_hover&quot;:{&quot;unit&quot;:&quot;px&quot;,&quot;size&quot;:&quot;&quot;,&quot;sizes&quot;:[]},&quot;_transform_translateX_effect_hover_tablet_extra&quot;:{&quot;unit&quot;:&quot;px&quot;,&quot;size&quot;:&quot;&quot;,&quot;sizes&quot;:[]},&quot;_transform_translateX_effect_hover_tablet&quot;:{&quot;unit&quot;:&quot;px&quot;,&quot;size&quot;:&quot;&quot;,&quot;sizes&quot;:[]},&quot;_transform_translateX_effect_hover_mobile&quot;:{&quot;unit&quot;:&quot;px&quot;,&quot;size&quot;:&quot;&quot;,&quot;sizes&quot;:[]},&quot;_transform_translateY_effect_hover_tablet_extra&quot;:{&quot;unit&quot;:&quot;px&quot;,&quot;size&quot;:&quot;&quot;,&quot;sizes&quot;:[]},&quot;_transform_translateY_effect_hover_tablet&quot;:{&quot;unit&quot;:&quot;px&quot;,&quot;size&quot;:&quot;&quot;,&quot;sizes&quot;:[]},&quot;_transform_translateY_effect_hover_mobile&quot;:{&quot;unit&quot;:&quot;px&quot;,&quot;size&quot;:&quot;&quot;,&quot;sizes&quot;:[]}}\" data-widget_type=\"button.default\">\n\t\t\t\t<div class=\"elementor-widget-container\">\n\t\t\t\t\t\t\t\t\t<div class=\"elementor-button-wrapper\">\n\t\t\t\t\t<a class=\"elementor-button elementor-button-link elementor-size-sm\" href=\"#elementor-action%3Aaction%3Dpopup%3Aopen%26settings%3DeyJpZCI6IjE4MTIzIiwidG9nZ2xlIjpmYWxzZX0%3D\">\n\t\t\t\t\t\t<span class=\"elementor-button-content-wrapper\">\n\t\t\t\t\t\t\t\t\t<span class=\"elementor-button-text\">Estimate project<\/span>\n\t\t\t\t\t<\/span>\n\t\t\t\t\t<\/a>\n\t\t\t\t<\/div>\n\t\t\t\t\t\t\t\t<\/div>\n\t\t\t\t<\/div>\n\t\t\t\t\t<\/div>\n\t\t\t\t<\/div>\n\t\t\t\t<\/div>\n\t\t\t\t<\/div>\n\t\t\t\t\t<\/div>\n\t\t\t\t<\/div>\n\t\t\t\t<\/div>","protected":false},"excerpt":{"rendered":"<p>Webinar med F\u00f8rende SEO ekspert SEO &#8211; hvordan f\u00e5r vi mere trafik og g\u00f8r os klar til fremtidens brugerrejser Er din virksomheds synlighed truet? S\u00f8geadf\u00e6rden er i et dramatisk skifte \u2013 og det sker LIGE NU! Vidste du, at ChatGPT alene h\u00e5ndterede\u00a01 MILLIARD produkts\u00f8gninger\u00a0sidste uge? Det svarer til over\u00a099.000 s\u00f8gninger i minuttet, eller mere end\u00a01.650 [&hellip;]<\/p>\n","protected":false},"author":4,"featured_media":0,"parent":0,"menu_order":0,"comment_status":"closed","ping_status":"closed","template":"elementor_header_footer","meta":{"_acf_changed":false,"footnotes":""},"class_list":["post-20749","page","type-page","status-publish","hentry"],"acf":[],"yoast_head":"<!-- This site is optimized with the Yoast SEO Premium plugin v27.2 (Yoast SEO v27.3) - https:\/\/yoast.com\/product\/yoast-seo-premium-wordpress\/ -->\n<title>Webinar | AI game changer i SEO - Bliv Synlig p\u00e5 GPT og Google<\/title>\n<meta name=\"description\" content=\"AI \u00e6ndrer gamet: Bliv synlig i ChatGPT, Google Overviews &amp; styrk din SEO \/ GEO\" \/>\n<meta name=\"robots\" content=\"index, follow, max-snippet:-1, max-image-preview:large, max-video-preview:-1\" \/>\n<link rel=\"canonical\" href=\"https:\/\/inboundcph.dk\/en\/game-changing-webinar\/\" \/>\n<meta property=\"og:locale\" content=\"en_US\" \/>\n<meta property=\"og:type\" content=\"article\" \/>\n<meta property=\"og:title\" content=\"Webinar: SEO og AI, Bliv Synlig P\u00e5 AI S\u00f8gemaskiner 23.06.25\" \/>\n<meta property=\"og:description\" content=\"AI \u00e6ndrer gamet: Bliv synlig i ChatGPT, Google Overviews &amp; styrk din SEO \/ GEO\" \/>\n<meta property=\"og:url\" content=\"https:\/\/inboundcph.dk\/en\/game-changing-webinar\/\" \/>\n<meta property=\"og:site_name\" content=\"InboundCPH\" \/>\n<meta property=\"article:publisher\" content=\"https:\/\/www.facebook.com\/inboundcph\" \/>\n<meta property=\"article:modified_time\" content=\"2025-06-12T08:07:50+00:00\" \/>\n<meta property=\"og:image\" content=\"http:\/\/inboundcph.dk\/wp-content\/uploads\/2024\/04\/henning-figur-7.png\" \/>\n<meta name=\"twitter:card\" content=\"summary_large_image\" \/>\n<meta name=\"twitter:label1\" content=\"Est. reading time\" \/>\n\t<meta name=\"twitter:data1\" content=\"3 minutes\" \/>\n<script type=\"application\/ld+json\" class=\"yoast-schema-graph\">{\"@context\":\"https:\\\/\\\/schema.org\",\"@graph\":[{\"@type\":\"WebPage\",\"@id\":\"https:\\\/\\\/inboundcph.dk\\\/webinar-ai-aendrer-gamet\\\/\",\"url\":\"https:\\\/\\\/inboundcph.dk\\\/webinar-ai-aendrer-gamet\\\/\",\"name\":\"Webinar | AI game changer i SEO - Bliv Synlig p\u00e5 GPT og Google\",\"isPartOf\":{\"@id\":\"https:\\\/\\\/inboundcph.dk\\\/#website\"},\"primaryImageOfPage\":{\"@id\":\"https:\\\/\\\/inboundcph.dk\\\/webinar-ai-aendrer-gamet\\\/#primaryimage\"},\"image\":{\"@id\":\"https:\\\/\\\/inboundcph.dk\\\/webinar-ai-aendrer-gamet\\\/#primaryimage\"},\"thumbnailUrl\":\"http:\\\/\\\/inboundcph.dk\\\/wp-content\\\/uploads\\\/2024\\\/04\\\/henning-figur-7.png\",\"datePublished\":\"2025-05-09T09:19:41+00:00\",\"dateModified\":\"2025-06-12T08:07:50+00:00\",\"description\":\"AI \u00e6ndrer gamet: Bliv synlig i ChatGPT, Google Overviews & styrk din SEO \\\/ GEO\",\"breadcrumb\":{\"@id\":\"https:\\\/\\\/inboundcph.dk\\\/webinar-ai-aendrer-gamet\\\/#breadcrumb\"},\"inLanguage\":\"en-US\",\"potentialAction\":[{\"@type\":\"ReadAction\",\"target\":[\"https:\\\/\\\/inboundcph.dk\\\/webinar-ai-aendrer-gamet\\\/\"]}]},{\"@type\":\"ImageObject\",\"inLanguage\":\"en-US\",\"@id\":\"https:\\\/\\\/inboundcph.dk\\\/webinar-ai-aendrer-gamet\\\/#primaryimage\",\"url\":\"http:\\\/\\\/inboundcph.dk\\\/wp-content\\\/uploads\\\/2024\\\/04\\\/henning-figur-7.png\",\"contentUrl\":\"http:\\\/\\\/inboundcph.dk\\\/wp-content\\\/uploads\\\/2024\\\/04\\\/henning-figur-7.png\"},{\"@type\":\"BreadcrumbList\",\"@id\":\"https:\\\/\\\/inboundcph.dk\\\/webinar-ai-aendrer-gamet\\\/#breadcrumb\",\"itemListElement\":[{\"@type\":\"ListItem\",\"position\":1,\"name\":\"Home\",\"item\":\"https:\\\/\\\/inboundcph.dk\\\/\"},{\"@type\":\"ListItem\",\"position\":2,\"name\":\"Webinar: SEO og AI, Bliv Synlig P\u00e5 AI S\u00f8gemaskiner 23.06.25\"}]},{\"@type\":\"WebSite\",\"@id\":\"https:\\\/\\\/inboundcph.dk\\\/#website\",\"url\":\"https:\\\/\\\/inboundcph.dk\\\/\",\"name\":\"InboundCPH\",\"description\":\"Specialister i digital marketing\",\"publisher\":{\"@id\":\"https:\\\/\\\/inboundcph.dk\\\/#organization\"},\"potentialAction\":[{\"@type\":\"SearchAction\",\"target\":{\"@type\":\"EntryPoint\",\"urlTemplate\":\"https:\\\/\\\/inboundcph.dk\\\/?s={search_term_string}\"},\"query-input\":{\"@type\":\"PropertyValueSpecification\",\"valueRequired\":true,\"valueName\":\"search_term_string\"}}],\"inLanguage\":\"en-US\"},{\"@type\":\"Organization\",\"@id\":\"https:\\\/\\\/inboundcph.dk\\\/#organization\",\"name\":\"InboundCPH A\\\/S\",\"alternateName\":\"InboundCPH\",\"url\":\"https:\\\/\\\/inboundcph.dk\\\/\",\"logo\":{\"@type\":\"ImageObject\",\"inLanguage\":\"en-US\",\"@id\":\"https:\\\/\\\/inboundcph.dk\\\/#\\\/schema\\\/logo\\\/image\\\/\",\"url\":\"https:\\\/\\\/inboundcph.dk\\\/wp-content\\\/uploads\\\/2024\\\/04\\\/logo-dark-med-ikon_20211_new.webp\",\"contentUrl\":\"https:\\\/\\\/inboundcph.dk\\\/wp-content\\\/uploads\\\/2024\\\/04\\\/logo-dark-med-ikon_20211_new.webp\",\"width\":550,\"height\":109,\"caption\":\"InboundCPH A\\\/S\"},\"image\":{\"@id\":\"https:\\\/\\\/inboundcph.dk\\\/#\\\/schema\\\/logo\\\/image\\\/\"},\"sameAs\":[\"https:\\\/\\\/www.facebook.com\\\/inboundcph\",\"https:\\\/\\\/dk.linkedin.com\\\/company\\\/inbound-cph\"],\"email\":\"ir@inboundcph.dk\",\"telephone\":\"27297720\",\"legalName\":\"InboundCPH A\\\/S\",\"foundingDate\":\"2013-02-03\",\"vatID\":\"DK39607255\",\"numberOfEmployees\":{\"@type\":\"QuantitativeValue\",\"value\":\"30\"}}]}<\/script>\n<!-- \/ Yoast SEO Premium plugin. -->","yoast_head_json":{"title":"Webinar | AI game changer in SEO - Get Visible on GPT and Google","description":"AI changes the game: Get visible in ChatGPT, Google Overviews &amp; boost your SEO \/ GEO","robots":{"index":"index","follow":"follow","max-snippet":"max-snippet:-1","max-image-preview":"max-image-preview:large","max-video-preview":"max-video-preview:-1"},"canonical":"https:\/\/inboundcph.dk\/en\/game-changing-webinar\/","og_locale":"en_US","og_type":"article","og_title":"Webinar: SEO og AI, Bliv Synlig P\u00e5 AI S\u00f8gemaskiner 23.06.25","og_description":"AI \u00e6ndrer gamet: Bliv synlig i ChatGPT, Google Overviews & styrk din SEO \/ GEO","og_url":"https:\/\/inboundcph.dk\/en\/game-changing-webinar\/","og_site_name":"InboundCPH","article_publisher":"https:\/\/www.facebook.com\/inboundcph","article_modified_time":"2025-06-12T08:07:50+00:00","og_image":[{"url":"http:\/\/inboundcph.dk\/wp-content\/uploads\/2024\/04\/henning-figur-7.png","type":"","width":"","height":""}],"twitter_card":"summary_large_image","twitter_misc":{"Est. reading time":"3 minutes"},"schema":{"@context":"https:\/\/schema.org","@graph":[{"@type":"WebPage","@id":"https:\/\/inboundcph.dk\/webinar-ai-aendrer-gamet\/","url":"https:\/\/inboundcph.dk\/webinar-ai-aendrer-gamet\/","name":"Webinar | AI game changer in SEO - Get Visible on GPT and Google","isPartOf":{"@id":"https:\/\/inboundcph.dk\/#website"},"primaryImageOfPage":{"@id":"https:\/\/inboundcph.dk\/webinar-ai-aendrer-gamet\/#primaryimage"},"image":{"@id":"https:\/\/inboundcph.dk\/webinar-ai-aendrer-gamet\/#primaryimage"},"thumbnailUrl":"http:\/\/inboundcph.dk\/wp-content\/uploads\/2024\/04\/henning-figur-7.png","datePublished":"2025-05-09T09:19:41+00:00","dateModified":"2025-06-12T08:07:50+00:00","description":"AI changes the game: Get visible in ChatGPT, Google Overviews &amp; boost your SEO \/ GEO","breadcrumb":{"@id":"https:\/\/inboundcph.dk\/webinar-ai-aendrer-gamet\/#breadcrumb"},"inLanguage":"en-US","potentialAction":[{"@type":"ReadAction","target":["https:\/\/inboundcph.dk\/webinar-ai-aendrer-gamet\/"]}]},{"@type":"ImageObject","inLanguage":"en-US","@id":"https:\/\/inboundcph.dk\/webinar-ai-aendrer-gamet\/#primaryimage","url":"http:\/\/inboundcph.dk\/wp-content\/uploads\/2024\/04\/henning-figur-7.png","contentUrl":"http:\/\/inboundcph.dk\/wp-content\/uploads\/2024\/04\/henning-figur-7.png"},{"@type":"BreadcrumbList","@id":"https:\/\/inboundcph.dk\/webinar-ai-aendrer-gamet\/#breadcrumb","itemListElement":[{"@type":"ListItem","position":1,"name":"Home","item":"https:\/\/inboundcph.dk\/"},{"@type":"ListItem","position":2,"name":"Webinar: SEO og AI, Bliv Synlig P\u00e5 AI S\u00f8gemaskiner 23.06.25"}]},{"@type":"WebSite","@id":"https:\/\/inboundcph.dk\/#website","url":"https:\/\/inboundcph.dk\/","name":"InboundCPH","description":"Digital marketing specialists","publisher":{"@id":"https:\/\/inboundcph.dk\/#organization"},"potentialAction":[{"@type":"SearchAction","target":{"@type":"EntryPoint","urlTemplate":"https:\/\/inboundcph.dk\/?s={search_term_string}"},"query-input":{"@type":"PropertyValueSpecification","valueRequired":true,"valueName":"search_term_string"}}],"inLanguage":"en-US"},{"@type":"Organization","@id":"https:\/\/inboundcph.dk\/#organization","name":"InboundCPH A\/S","alternateName":"InboundCPH","url":"https:\/\/inboundcph.dk\/","logo":{"@type":"ImageObject","inLanguage":"en-US","@id":"https:\/\/inboundcph.dk\/#\/schema\/logo\/image\/","url":"https:\/\/inboundcph.dk\/wp-content\/uploads\/2024\/04\/logo-dark-med-ikon_20211_new.webp","contentUrl":"https:\/\/inboundcph.dk\/wp-content\/uploads\/2024\/04\/logo-dark-med-ikon_20211_new.webp","width":550,"height":109,"caption":"InboundCPH A\/S"},"image":{"@id":"https:\/\/inboundcph.dk\/#\/schema\/logo\/image\/"},"sameAs":["https:\/\/www.facebook.com\/inboundcph","https:\/\/dk.linkedin.com\/company\/inbound-cph"],"email":"ir@inboundcph.dk","telephone":"27297720","legalName":"InboundCPH A\/S","foundingDate":"2013-02-03","vatID":"DK39607255","numberOfEmployees":{"@type":"QuantitativeValue","value":"30"}}]}},"_links":{"self":[{"href":"https:\/\/inboundcph.dk\/en\/wp-json\/wp\/v2\/pages\/20749","targetHints":{"allow":["GET"]}}],"collection":[{"href":"https:\/\/inboundcph.dk\/en\/wp-json\/wp\/v2\/pages"}],"about":[{"href":"https:\/\/inboundcph.dk\/en\/wp-json\/wp\/v2\/types\/page"}],"author":[{"embeddable":true,"href":"https:\/\/inboundcph.dk\/en\/wp-json\/wp\/v2\/users\/4"}],"replies":[{"embeddable":true,"href":"https:\/\/inboundcph.dk\/en\/wp-json\/wp\/v2\/comments?post=20749"}],"version-history":[{"count":0,"href":"https:\/\/inboundcph.dk\/en\/wp-json\/wp\/v2\/pages\/20749\/revisions"}],"wp:attachment":[{"href":"https:\/\/inboundcph.dk\/en\/wp-json\/wp\/v2\/media?parent=20749"}],"curies":[{"name":"wp","href":"https:\/\/api.w.org\/{rel}","templated":true}]}}