{"id":18826,"date":"2024-05-30T14:41:24","date_gmt":"2024-05-30T13:41:24","guid":{"rendered":"https:\/\/inboundcph.dk\/?page_id=18826"},"modified":"2024-07-08T05:05:32","modified_gmt":"2024-07-08T04:05:32","slug":"newsletter-copy","status":"publish","type":"page","link":"https:\/\/inboundcph.dk\/en\/giveaways\/nyhedsbrev-copy\/","title":{"rendered":"Newsletter Copy"},"content":{"rendered":"<div data-elementor-type=\"wp-page\" data-elementor-id=\"18826\" class=\"elementor elementor-18826\" data-elementor-post-type=\"page\">\n\t\t\t\t<div class=\"elementor-element elementor-element-6e4261a8 e-con-full inbound-vertical-line elementor-hidden-tablet_extra elementor-hidden-tablet elementor-hidden-mobile e-flex e-con e-parent\" data-id=\"6e4261a8\" data-element_type=\"container\" data-e-type=\"container\" data-settings=\"{&quot;position&quot;:&quot;absolute&quot;}\">\n\t\t\t\t<div class=\"elementor-element elementor-element-73211835 elementor-widget__width-auto elementor-widget-divider--view-line elementor-widget elementor-widget-divider\" data-id=\"73211835\" data-element_type=\"widget\" data-e-type=\"widget\" data-widget_type=\"divider.default\">\n\t\t\t\t<div class=\"elementor-widget-container\">\n\t\t\t\t\t\t\t<div class=\"elementor-divider\">\n\t\t\t<span class=\"elementor-divider-separator\">\n\t\t\t\t\t\t<\/span>\n\t\t<\/div>\n\t\t\t\t\t\t<\/div>\n\t\t\t\t<\/div>\n\t\t\t\t<\/div>\n\t\t<div class=\"elementor-element elementor-element-904c9d8 e-flex e-con-boxed e-con e-parent\" data-id=\"904c9d8\" data-element_type=\"container\" data-e-type=\"container\" data-settings=\"{&quot;background_background&quot;:&quot;classic&quot;}\">\n\t\t\t\t\t<div class=\"e-con-inner\">\n\t\t<div class=\"elementor-element elementor-element-be365bd e-con-full e-flex e-con e-child\" data-id=\"be365bd\" data-element_type=\"container\" data-e-type=\"container\">\n\t\t\t\t<div class=\"elementor-element elementor-element-00eaec5 elementor-widget elementor-widget-heading\" data-id=\"00eaec5\" data-element_type=\"widget\" data-e-type=\"widget\" data-widget_type=\"heading.default\">\n\t\t\t\t<div class=\"elementor-widget-container\">\n\t\t\t\t\t<span class=\"elementor-heading-title elementor-size-default\"> \nGOOGLE MARKETING<\/span>\t\t\t\t<\/div>\n\t\t\t\t<\/div>\n\t\t\t\t<div class=\"elementor-element elementor-element-159b7f5 elementor-widget elementor-widget-heading\" data-id=\"159b7f5\" data-element_type=\"widget\" data-e-type=\"widget\" data-widget_type=\"heading.default\">\n\t\t\t\t<div class=\"elementor-widget-container\">\n\t\t\t\t\t<h1 class=\"elementor-heading-title elementor-size-default\"> Stay up to date on Google Marketing<\/h1>\t\t\t\t<\/div>\n\t\t\t\t<\/div>\n\t\t\t\t<div class=\"elementor-element elementor-element-af57317 elementor-mobile-align-justify elementor-widget-mobile__width-inherit btn sm-text-left e-transform elementor-widget elementor-widget-button\" data-id=\"af57317\" data-element_type=\"widget\" data-e-type=\"widget\" data-settings=\"{&quot;_transform_translateY_effect_hover&quot;:{&quot;unit&quot;:&quot;px&quot;,&quot;size&quot;:-1,&quot;sizes&quot;:[]},&quot;_transform_translateX_effect_hover&quot;:{&quot;unit&quot;:&quot;px&quot;,&quot;size&quot;:&quot;&quot;,&quot;sizes&quot;:[]},&quot;_transform_translateX_effect_hover_tablet_extra&quot;:{&quot;unit&quot;:&quot;px&quot;,&quot;size&quot;:&quot;&quot;,&quot;sizes&quot;:[]},&quot;_transform_translateX_effect_hover_tablet&quot;:{&quot;unit&quot;:&quot;px&quot;,&quot;size&quot;:&quot;&quot;,&quot;sizes&quot;:[]},&quot;_transform_translateX_effect_hover_mobile&quot;:{&quot;unit&quot;:&quot;px&quot;,&quot;size&quot;:&quot;&quot;,&quot;sizes&quot;:[]},&quot;_transform_translateY_effect_hover_tablet_extra&quot;:{&quot;unit&quot;:&quot;px&quot;,&quot;size&quot;:&quot;&quot;,&quot;sizes&quot;:[]},&quot;_transform_translateY_effect_hover_tablet&quot;:{&quot;unit&quot;:&quot;px&quot;,&quot;size&quot;:&quot;&quot;,&quot;sizes&quot;:[]},&quot;_transform_translateY_effect_hover_mobile&quot;:{&quot;unit&quot;:&quot;px&quot;,&quot;size&quot;:&quot;&quot;,&quot;sizes&quot;:[]}}\" data-widget_type=\"button.default\">\n\t\t\t\t<div class=\"elementor-widget-container\">\n\t\t\t\t\t\t\t\t\t<div class=\"elementor-button-wrapper\">\n\t\t\t\t\t<a class=\"elementor-button elementor-button-link elementor-size-sm\" href=\"#newsletter-section\">\n\t\t\t\t\t\t<span class=\"elementor-button-content-wrapper\">\n\t\t\t\t\t\t\t\t\t<span class=\"elementor-button-text\">Sign up for newsletter<\/span>\n\t\t\t\t\t<\/span>\n\t\t\t\t\t<\/a>\n\t\t\t\t<\/div>\n\t\t\t\t\t\t\t\t<\/div>\n\t\t\t\t<\/div>\n\t\t\t\t<\/div>\n\t\t<div class=\"elementor-element elementor-element-458f91f e-con-full elementor-hidden-tablet elementor-hidden-mobile e-flex e-con e-child\" data-id=\"458f91f\" data-element_type=\"container\" data-e-type=\"container\">\n\t\t\t\t<\/div>\n\t\t\t\t\t<\/div>\n\t\t\t\t<\/div>\n\t\t<div class=\"elementor-element elementor-element-26eaae7 e-flex e-con-boxed e-con e-parent\" data-id=\"26eaae7\" data-element_type=\"container\" data-e-type=\"container\" id=\"newsletter-section\" data-settings=\"{&quot;background_background&quot;:&quot;classic&quot;}\">\n\t\t\t\t\t<div class=\"e-con-inner\">\n\t\t<div class=\"elementor-element elementor-element-2006ca9 e-con-full e-flex e-con e-child\" data-id=\"2006ca9\" data-element_type=\"container\" data-e-type=\"container\">\n\t\t\t\t<div class=\"elementor-element elementor-element-d18bb9a elementor-widget elementor-widget-heading\" data-id=\"d18bb9a\" data-element_type=\"widget\" data-e-type=\"widget\" data-widget_type=\"heading.default\">\n\t\t\t\t<div class=\"elementor-widget-container\">\n\t\t\t\t\t<span class=\"elementor-heading-title elementor-size-default\"> \nGOOGLE MARKETING<\/span>\t\t\t\t<\/div>\n\t\t\t\t<\/div>\n\t\t\t\t<div class=\"elementor-element elementor-element-ce21c27 elementor-widget elementor-widget-heading\" data-id=\"ce21c27\" data-element_type=\"widget\" data-e-type=\"widget\" data-widget_type=\"heading.default\">\n\t\t\t\t<div class=\"elementor-widget-container\">\n\t\t\t\t\t<h2 class=\"elementor-heading-title elementor-size-default\"> \nSign up for our newsletter<\/h2>\t\t\t\t<\/div>\n\t\t\t\t<\/div>\n\t\t\t\t<div class=\"elementor-element elementor-element-077d563 inbound-text elementor-widget elementor-widget-text-editor\" data-id=\"077d563\" data-element_type=\"widget\" data-e-type=\"widget\" data-widget_type=\"text-editor.default\">\n\t\t\t\t<div class=\"elementor-widget-container\">\n\t\t\t\t\t\t\t\t\t<p>Sign up for our newsletter and stay up to date with news, analysis, events and guides on Inbound Marketing.<\/p><p>We focus on digital marketing and teach you about the things that help grow our customers' businesses every day.<\/p>\t\t\t\t\t\t\t\t<\/div>\n\t\t\t\t<\/div>\n\t\t\t\t<\/div>\n\t\t<div class=\"elementor-element elementor-element-2c7549c e-con-full e-flex e-con e-child\" data-id=\"2c7549c\" data-element_type=\"container\" data-e-type=\"container\">\n\t\t\t\t<div class=\"elementor-element elementor-element-87b0a55 mtt-contact-form elementor-widget elementor-widget-shortcode\" data-id=\"87b0a55\" data-element_type=\"widget\" data-e-type=\"widget\" data-widget_type=\"shortcode.default\">\n\t\t\t\t<div class=\"elementor-widget-container\">\n\t\t\t\t\t\t\t<div class=\"elementor-shortcode\">\n<div class=\"wpcf7 no-js\" id=\"wpcf7-f4182-o1\" lang=\"en-US\" dir=\"ltr\" data-wpcf7-id=\"4182\">\n<div class=\"screen-reader-response\"><p role=\"status\" aria-live=\"polite\" aria-atomic=\"true\"><\/p> <ul><\/ul><\/div>\n<form action=\"\/en\/wp-json\/wp\/v2\/pages\/18826#wpcf7-f4182-o1\" method=\"post\" class=\"wpcf7-form init\" aria-label=\"Contact form\" novalidate=\"novalidate\" data-status=\"init\" data-trp-original-action=\"\/en\/wp-json\/wp\/v2\/pages\/18826#wpcf7-f4182-o1\">\n<fieldset class=\"hidden-fields-container\"><input type=\"hidden\" name=\"_wpcf7\" value=\"4182\" \/><input type=\"hidden\" name=\"_wpcf7_version\" value=\"6.1.5\" \/><input type=\"hidden\" name=\"_wpcf7_locale\" value=\"en_US\" \/><input type=\"hidden\" name=\"_wpcf7_unit_tag\" value=\"wpcf7-f4182-o1\" \/><input type=\"hidden\" name=\"_wpcf7_container_post\" value=\"0\" \/><input type=\"hidden\" name=\"_wpcf7_posted_data_hash\" value=\"\" \/>\n<\/fieldset>\n<input class=\"wpcf7-form-control wpcf7-hidden\" value=\"Nyhedsbrev\" type=\"hidden\" name=\"event-cat\" \/>\n<input class=\"wpcf7-form-control wpcf7-hidden\" value=\"Tilmeld Nyhedsbrev\" type=\"hidden\" name=\"event-name\" \/>\n<p><label>Name <span class=\"wpcf7-form-control-wrap\" data-name=\"your-name\"><input size=\"40\" maxlength=\"400\" class=\"wpcf7-form-control wpcf7-text wpcf7-validates-as-required\" aria-required=\"true\" aria-invalid=\"false\" value=\"\" type=\"text\" name=\"your-name\" \/><\/span><\/label><br \/>\n<label>Position <span class=\"wpcf7-form-control-wrap\" data-name=\"Titel\"><input size=\"40\" maxlength=\"400\" class=\"wpcf7-form-control wpcf7-text wpcf7-validates-as-required\" aria-required=\"true\" aria-invalid=\"false\" value=\"\" type=\"text\" name=\"Titel\" \/><\/span><\/label><br \/>\n<label>The company <span class=\"wpcf7-form-control-wrap\" data-name=\"Virksomhed\"><input size=\"40\" maxlength=\"400\" class=\"wpcf7-form-control wpcf7-text wpcf7-validates-as-required\" aria-required=\"true\" aria-invalid=\"false\" value=\"\" type=\"text\" name=\"Virksomhed\" \/><\/span><\/label><br \/>\n<label>E-mail <span class=\"wpcf7-form-control-wrap\" data-name=\"your-email\"><input size=\"40\" maxlength=\"400\" class=\"wpcf7-form-control wpcf7-email wpcf7-validates-as-required wpcf7-text wpcf7-validates-as-email\" aria-required=\"true\" aria-invalid=\"false\" value=\"\" type=\"email\" name=\"your-email\" \/><\/span><\/label>\n<\/p>\n<div align=\"center\">\n\t<p><input class=\"wpcf7-form-control wpcf7-submit has-spinner\" type=\"submit\" value=\"Sign up\" \/>\n\t<\/p>\n<\/div>\n<input class=\"wpcf7-form-control wpcf7-hidden\" id=\"formsubmiturl\" value=\"\" type=\"hidden\" name=\"formsubmiturl\" \/>\n<input class=\"wpcf7-form-control wpcf7-hidden\" value=\"\" type=\"hidden\" name=\"utm_id\" \/>\n<input class=\"wpcf7-form-control wpcf7-hidden\" value=\"\" type=\"hidden\" name=\"utm_source\" \/>\n<input class=\"wpcf7-form-control wpcf7-hidden\" value=\"\" type=\"hidden\" name=\"utm_campaign\" \/>\n<input class=\"wpcf7-form-control wpcf7-hidden\" value=\"\" type=\"hidden\" name=\"utm_medium\" \/>\n<input class=\"wpcf7-form-control wpcf7-hidden\" value=\"\" type=\"hidden\" name=\"utm_term\" \/>\n<input class=\"wpcf7-form-control wpcf7-hidden\" value=\"\" type=\"hidden\" name=\"utm_content\" \/>\n<input class=\"wpcf7-form-control wpcf7-hidden\" value=\"\" type=\"hidden\" name=\"gclid\" \/><div class=\"wpcf7-response-output\" aria-hidden=\"true\"><\/div>\n<input type=\"hidden\" name=\"trp-form-language\" value=\"en\"\/><\/form>\n<\/div>\n<\/div>\n\t\t\t\t\t\t<\/div>\n\t\t\t\t<\/div>\n\t\t\t\t<\/div>\n\t\t\t\t\t<\/div>\n\t\t\t\t<\/div>\n\t\t\t\t<\/div>","protected":false},"excerpt":{"rendered":"<p>GOOGLE MARKETING Stay up to date on Google Marketing Subscribe to our newsletter GOOGLE MARKETING Subscribe to our newsletter and stay up to date with news, analysis, events and application-oriented guides on Inbound Marketing. We focus on digital marketing and teach you about the things that help grow our customers' businesses every day.<\/p>","protected":false},"author":2,"featured_media":0,"parent":18134,"menu_order":0,"comment_status":"closed","ping_status":"closed","template":"elementor_header_footer","meta":{"_acf_changed":false,"footnotes":""},"class_list":["post-18826","page","type-page","status-publish","hentry"],"acf":[],"yoast_head":"<!-- This site is optimized with the Yoast SEO Premium plugin v27.3 (Yoast SEO v27.4) - https:\/\/yoast.com\/product\/yoast-seo-premium-wordpress\/ -->\n<title>Nyhedsbrev | F\u00e5 nyheder om Google Marketing \u2013 InboundCPH<\/title>\n<meta name=\"description\" content=\"Vi stiller skarpt p\u00e5 s\u00f8gemaskineoptimering (SEO) og Google Ads og l\u00e6rer dig om det, der dagligt er med til at v\u00e6kste vores kunders forretning. Tilmeld her.\" \/>\n<meta name=\"robots\" content=\"index, follow, max-snippet:-1, max-image-preview:large, max-video-preview:-1\" \/>\n<link rel=\"canonical\" href=\"https:\/\/inboundcph.dk\/en\/giveaways\/newsletter-copy\/\" \/>\n<meta property=\"og:locale\" content=\"en_US\" \/>\n<meta property=\"og:type\" content=\"article\" \/>\n<meta property=\"og:title\" content=\"Nyhedsbrev Copy\" \/>\n<meta property=\"og:description\" content=\"Vi stiller skarpt p\u00e5 s\u00f8gemaskineoptimering (SEO) og Google Ads og l\u00e6rer dig om det, der dagligt er med til at v\u00e6kste vores kunders forretning. Tilmeld her.\" \/>\n<meta property=\"og:url\" content=\"https:\/\/inboundcph.dk\/en\/giveaways\/newsletter-copy\/\" \/>\n<meta property=\"og:site_name\" content=\"InboundCPH\" \/>\n<meta property=\"article:publisher\" content=\"https:\/\/www.facebook.com\/inboundcph\" \/>\n<meta property=\"article:modified_time\" content=\"2024-07-08T04:05:32+00:00\" \/>\n<meta property=\"og:image\" content=\"https:\/\/inboundcph.dk\/wp-content\/uploads\/2024\/05\/Kontakt-os.jpg\" \/>\n\t<meta property=\"og:image:width\" content=\"1200\" \/>\n\t<meta property=\"og:image:height\" content=\"628\" \/>\n\t<meta property=\"og:image:type\" content=\"image\/jpeg\" \/>\n<meta name=\"twitter:card\" content=\"summary_large_image\" \/>\n<meta name=\"twitter:label1\" content=\"Est. reading time\" \/>\n\t<meta name=\"twitter:data1\" content=\"1 minute\" \/>\n<script type=\"application\/ld+json\" class=\"yoast-schema-graph\">{\"@context\":\"https:\\\/\\\/schema.org\",\"@graph\":[{\"@type\":\"WebPage\",\"@id\":\"https:\\\/\\\/inboundcph.dk\\\/giveaways\\\/nyhedsbrev-copy\\\/\",\"url\":\"https:\\\/\\\/inboundcph.dk\\\/giveaways\\\/nyhedsbrev-copy\\\/\",\"name\":\"Nyhedsbrev | F\u00e5 nyheder om Google Marketing \u2013 InboundCPH\",\"isPartOf\":{\"@id\":\"https:\\\/\\\/inboundcph.dk\\\/#website\"},\"datePublished\":\"2024-05-30T13:41:24+00:00\",\"dateModified\":\"2024-07-08T04:05:32+00:00\",\"description\":\"Vi stiller skarpt p\u00e5 s\u00f8gemaskineoptimering (SEO) og Google Ads og l\u00e6rer dig om det, der dagligt er med til at v\u00e6kste vores kunders forretning. Tilmeld her.\",\"breadcrumb\":{\"@id\":\"https:\\\/\\\/inboundcph.dk\\\/giveaways\\\/nyhedsbrev-copy\\\/#breadcrumb\"},\"inLanguage\":\"en-US\",\"potentialAction\":[{\"@type\":\"ReadAction\",\"target\":[\"https:\\\/\\\/inboundcph.dk\\\/giveaways\\\/nyhedsbrev-copy\\\/\"]}]},{\"@type\":\"BreadcrumbList\",\"@id\":\"https:\\\/\\\/inboundcph.dk\\\/giveaways\\\/nyhedsbrev-copy\\\/#breadcrumb\",\"itemListElement\":[{\"@type\":\"ListItem\",\"position\":1,\"name\":\"Home\",\"item\":\"https:\\\/\\\/inboundcph.dk\\\/\"},{\"@type\":\"ListItem\",\"position\":2,\"name\":\"Giveaways\",\"item\":\"https:\\\/\\\/inboundcph.dk\\\/giveaways\\\/\"},{\"@type\":\"ListItem\",\"position\":3,\"name\":\"Nyhedsbrev Copy\"}]},{\"@type\":\"WebSite\",\"@id\":\"https:\\\/\\\/inboundcph.dk\\\/#website\",\"url\":\"https:\\\/\\\/inboundcph.dk\\\/\",\"name\":\"InboundCPH\",\"description\":\"Specialister i digital marketing\",\"publisher\":{\"@id\":\"https:\\\/\\\/inboundcph.dk\\\/#organization\"},\"potentialAction\":[{\"@type\":\"SearchAction\",\"target\":{\"@type\":\"EntryPoint\",\"urlTemplate\":\"https:\\\/\\\/inboundcph.dk\\\/?s={search_term_string}\"},\"query-input\":{\"@type\":\"PropertyValueSpecification\",\"valueRequired\":true,\"valueName\":\"search_term_string\"}}],\"inLanguage\":\"en-US\"},{\"@type\":\"Organization\",\"@id\":\"https:\\\/\\\/inboundcph.dk\\\/#organization\",\"name\":\"InboundCPH A\\\/S\",\"alternateName\":\"InboundCPH\",\"url\":\"https:\\\/\\\/inboundcph.dk\\\/\",\"logo\":{\"@type\":\"ImageObject\",\"inLanguage\":\"en-US\",\"@id\":\"https:\\\/\\\/inboundcph.dk\\\/#\\\/schema\\\/logo\\\/image\\\/\",\"url\":\"https:\\\/\\\/inboundcph.dk\\\/wp-content\\\/uploads\\\/2024\\\/04\\\/logo-dark-med-ikon_20211_new.webp\",\"contentUrl\":\"https:\\\/\\\/inboundcph.dk\\\/wp-content\\\/uploads\\\/2024\\\/04\\\/logo-dark-med-ikon_20211_new.webp\",\"width\":550,\"height\":109,\"caption\":\"InboundCPH A\\\/S\"},\"image\":{\"@id\":\"https:\\\/\\\/inboundcph.dk\\\/#\\\/schema\\\/logo\\\/image\\\/\"},\"sameAs\":[\"https:\\\/\\\/www.facebook.com\\\/inboundcph\",\"https:\\\/\\\/dk.linkedin.com\\\/company\\\/inbound-cph\"],\"email\":\"ir@inboundcph.dk\",\"telephone\":\"27297720\",\"legalName\":\"InboundCPH A\\\/S\",\"foundingDate\":\"2013-02-03\",\"vatID\":\"DK39607255\",\"numberOfEmployees\":{\"@type\":\"QuantitativeValue\",\"value\":\"30\"}}]}<\/script>\n<!-- \/ Yoast SEO Premium plugin. -->","yoast_head_json":{"title":"Newsletter | Get news about Google Marketing - InboundCPH","description":"We focus on search engine optimization (SEO) and Google Ads and teach you about the things that help grow our customers' businesses every day. Sign up here.","robots":{"index":"index","follow":"follow","max-snippet":"max-snippet:-1","max-image-preview":"max-image-preview:large","max-video-preview":"max-video-preview:-1"},"canonical":"https:\/\/inboundcph.dk\/en\/giveaways\/newsletter-copy\/","og_locale":"en_US","og_type":"article","og_title":"Nyhedsbrev Copy","og_description":"Vi stiller skarpt p\u00e5 s\u00f8gemaskineoptimering (SEO) og Google Ads og l\u00e6rer dig om det, der dagligt er med til at v\u00e6kste vores kunders forretning. Tilmeld her.","og_url":"https:\/\/inboundcph.dk\/en\/giveaways\/newsletter-copy\/","og_site_name":"InboundCPH","article_publisher":"https:\/\/www.facebook.com\/inboundcph","article_modified_time":"2024-07-08T04:05:32+00:00","og_image":[{"width":1200,"height":628,"url":"https:\/\/inboundcph.dk\/wp-content\/uploads\/2024\/05\/Kontakt-os.jpg","type":"image\/jpeg"}],"twitter_card":"summary_large_image","twitter_misc":{"Est. reading time":"1 minute"},"schema":{"@context":"https:\/\/schema.org","@graph":[{"@type":"WebPage","@id":"https:\/\/inboundcph.dk\/giveaways\/nyhedsbrev-copy\/","url":"https:\/\/inboundcph.dk\/giveaways\/nyhedsbrev-copy\/","name":"Newsletter | Get news about Google Marketing - InboundCPH","isPartOf":{"@id":"https:\/\/inboundcph.dk\/#website"},"datePublished":"2024-05-30T13:41:24+00:00","dateModified":"2024-07-08T04:05:32+00:00","description":"We focus on search engine optimization (SEO) and Google Ads and teach you about the things that help grow our customers' businesses every day. Sign up here.","breadcrumb":{"@id":"https:\/\/inboundcph.dk\/giveaways\/nyhedsbrev-copy\/#breadcrumb"},"inLanguage":"en-US","potentialAction":[{"@type":"ReadAction","target":["https:\/\/inboundcph.dk\/giveaways\/nyhedsbrev-copy\/"]}]},{"@type":"BreadcrumbList","@id":"https:\/\/inboundcph.dk\/giveaways\/nyhedsbrev-copy\/#breadcrumb","itemListElement":[{"@type":"ListItem","position":1,"name":"Home","item":"https:\/\/inboundcph.dk\/"},{"@type":"ListItem","position":2,"name":"Giveaways","item":"https:\/\/inboundcph.dk\/giveaways\/"},{"@type":"ListItem","position":3,"name":"Nyhedsbrev Copy"}]},{"@type":"WebSite","@id":"https:\/\/inboundcph.dk\/#website","url":"https:\/\/inboundcph.dk\/","name":"InboundCPH","description":"Digital marketing specialists","publisher":{"@id":"https:\/\/inboundcph.dk\/#organization"},"potentialAction":[{"@type":"SearchAction","target":{"@type":"EntryPoint","urlTemplate":"https:\/\/inboundcph.dk\/?s={search_term_string}"},"query-input":{"@type":"PropertyValueSpecification","valueRequired":true,"valueName":"search_term_string"}}],"inLanguage":"en-US"},{"@type":"Organization","@id":"https:\/\/inboundcph.dk\/#organization","name":"InboundCPH A\/S","alternateName":"InboundCPH","url":"https:\/\/inboundcph.dk\/","logo":{"@type":"ImageObject","inLanguage":"en-US","@id":"https:\/\/inboundcph.dk\/#\/schema\/logo\/image\/","url":"https:\/\/inboundcph.dk\/wp-content\/uploads\/2024\/04\/logo-dark-med-ikon_20211_new.webp","contentUrl":"https:\/\/inboundcph.dk\/wp-content\/uploads\/2024\/04\/logo-dark-med-ikon_20211_new.webp","width":550,"height":109,"caption":"InboundCPH A\/S"},"image":{"@id":"https:\/\/inboundcph.dk\/#\/schema\/logo\/image\/"},"sameAs":["https:\/\/www.facebook.com\/inboundcph","https:\/\/dk.linkedin.com\/company\/inbound-cph"],"email":"ir@inboundcph.dk","telephone":"27297720","legalName":"InboundCPH A\/S","foundingDate":"2013-02-03","vatID":"DK39607255","numberOfEmployees":{"@type":"QuantitativeValue","value":"30"}}]}},"_links":{"self":[{"href":"https:\/\/inboundcph.dk\/en\/wp-json\/wp\/v2\/pages\/18826","targetHints":{"allow":["GET"]}}],"collection":[{"href":"https:\/\/inboundcph.dk\/en\/wp-json\/wp\/v2\/pages"}],"about":[{"href":"https:\/\/inboundcph.dk\/en\/wp-json\/wp\/v2\/types\/page"}],"author":[{"embeddable":true,"href":"https:\/\/inboundcph.dk\/en\/wp-json\/wp\/v2\/users\/2"}],"replies":[{"embeddable":true,"href":"https:\/\/inboundcph.dk\/en\/wp-json\/wp\/v2\/comments?post=18826"}],"version-history":[{"count":0,"href":"https:\/\/inboundcph.dk\/en\/wp-json\/wp\/v2\/pages\/18826\/revisions"}],"up":[{"embeddable":true,"href":"https:\/\/inboundcph.dk\/en\/wp-json\/wp\/v2\/pages\/18134"}],"wp:attachment":[{"href":"https:\/\/inboundcph.dk\/en\/wp-json\/wp\/v2\/media?parent=18826"}],"curies":[{"name":"wp","href":"https:\/\/api.w.org\/{rel}","templated":true}]}}