{"id":18247,"date":"2024-04-30T12:29:23","date_gmt":"2024-04-30T11:29:23","guid":{"rendered":"https:\/\/inboundcph.dk\/?page_id=18247"},"modified":"2026-03-27T15:19:59","modified_gmt":"2026-03-27T14:19:59","slug":"dashboard-guide-2","status":"publish","type":"page","link":"https:\/\/inboundcph.dk\/en\/giveaways\/dashboard-guide\/","title":{"rendered":"Download Dashboard Guide"},"content":{"rendered":"\t\t<div data-elementor-type=\"wp-page\" data-elementor-id=\"18247\" class=\"elementor elementor-18247\" data-elementor-post-type=\"page\">\n\t\t\t\t<div class=\"elementor-element elementor-element-3e53704d e-con-full inbound-vertical-line elementor-hidden-tablet_extra elementor-hidden-tablet elementor-hidden-mobile e-flex e-con e-parent\" data-id=\"3e53704d\" data-element_type=\"container\" data-e-type=\"container\" data-settings=\"{&quot;position&quot;:&quot;absolute&quot;}\">\n\t\t\t\t<div class=\"elementor-element elementor-element-66c13ffb elementor-widget__width-auto elementor-widget-divider--view-line elementor-widget elementor-widget-divider\" data-id=\"66c13ffb\" data-element_type=\"widget\" data-e-type=\"widget\" data-widget_type=\"divider.default\">\n\t\t\t\t<div class=\"elementor-widget-container\">\n\t\t\t\t\t\t\t<div class=\"elementor-divider\">\n\t\t\t<span class=\"elementor-divider-separator\">\n\t\t\t\t\t\t<\/span>\n\t\t<\/div>\n\t\t\t\t\t\t<\/div>\n\t\t\t\t<\/div>\n\t\t\t\t<\/div>\n\t\t<div class=\"elementor-element elementor-element-00fb112 e-flex e-con-boxed e-con e-parent\" data-id=\"00fb112\" data-element_type=\"container\" data-e-type=\"container\" data-settings=\"{&quot;background_background&quot;:&quot;classic&quot;}\">\n\t\t\t\t\t<div class=\"e-con-inner\">\n\t\t<div class=\"elementor-element elementor-element-01398b2 e-con-full e-flex e-con e-child\" data-id=\"01398b2\" data-element_type=\"container\" data-e-type=\"container\">\n\t\t\t\t<div class=\"elementor-element elementor-element-293bd85 elementor-widget elementor-widget-heading\" data-id=\"293bd85\" data-element_type=\"widget\" data-e-type=\"widget\" data-widget_type=\"heading.default\">\n\t\t\t\t<div class=\"elementor-widget-container\">\n\t\t\t\t\t<span class=\"elementor-heading-title elementor-size-default\"> Dashboard Guide<\/span>\t\t\t\t<\/div>\n\t\t\t\t<\/div>\n\t\t\t\t<div class=\"elementor-element elementor-element-459a4ed elementor-widget elementor-widget-heading\" data-id=\"459a4ed\" data-element_type=\"widget\" data-e-type=\"widget\" data-widget_type=\"heading.default\">\n\t\t\t\t<div class=\"elementor-widget-container\">\n\t\t\t\t\t<h1 class=\"elementor-heading-title elementor-size-default\"> F\u00e5 en guide til dashboards<\/h1>\t\t\t\t<\/div>\n\t\t\t\t<\/div>\n\t\t\t\t<\/div>\n\t\t<div class=\"elementor-element elementor-element-0cd7769 e-con-full elementor-hidden-tablet elementor-hidden-mobile e-flex e-con e-child\" data-id=\"0cd7769\" data-element_type=\"container\" data-e-type=\"container\">\n\t\t\t\t<\/div>\n\t\t\t\t\t<\/div>\n\t\t\t\t<\/div>\n\t\t<div class=\"elementor-element elementor-element-ca25974 e-flex e-con-boxed e-con e-parent\" data-id=\"ca25974\" data-element_type=\"container\" data-e-type=\"container\">\n\t\t\t\t\t<div class=\"e-con-inner\">\n\t\t<div class=\"elementor-element elementor-element-f397142 e-con-full e-flex e-con e-child\" data-id=\"f397142\" data-element_type=\"container\" data-e-type=\"container\">\n\t\t\t\t<div class=\"elementor-element elementor-element-0196dc7 elementor-widget elementor-widget-heading\" data-id=\"0196dc7\" data-element_type=\"widget\" data-e-type=\"widget\" data-widget_type=\"heading.default\">\n\t\t\t\t<div class=\"elementor-widget-container\">\n\t\t\t\t\t<span class=\"elementor-heading-title elementor-size-default\">DASHBOARD-GUIDE<\/span>\t\t\t\t<\/div>\n\t\t\t\t<\/div>\n\t\t\t\t<div class=\"elementor-element elementor-element-6a7d653 elementor-widget elementor-widget-heading\" data-id=\"6a7d653\" data-element_type=\"widget\" data-e-type=\"widget\" data-widget_type=\"heading.default\">\n\t\t\t\t<div class=\"elementor-widget-container\">\n\t\t\t\t\t<h2 class=\"elementor-heading-title elementor-size-default\">Download dashboard-guiden<\/h2>\t\t\t\t<\/div>\n\t\t\t\t<\/div>\n\t\t\t\t<div class=\"elementor-element elementor-element-58991c6 elementor-widget elementor-widget-text-editor\" data-id=\"58991c6\" data-element_type=\"widget\" data-e-type=\"widget\" data-widget_type=\"text-editor.default\">\n\t\t\t\t<div class=\"elementor-widget-container\">\n\t\t\t\t\t\t\t\t\t<p>Det kan v\u00e6re en rigtig god id\u00e9 at investere i et dashboard. Et godt dashboard er med til at sikre, at man altid har forretningskritisk data til r\u00e5dighed, samt at din data er visualiseret og dermed nemmere at tolke.<\/p><p>Men inden du selv g\u00e5r i gang med at s\u00e6tte et dashboard op, eller investerer penge i at f\u00e5 andre til det, er der syv sp\u00f8rgsm\u00e5l, som du skal stille dig selv. For hvorfor var det nu liiige, at du skulle have et dashboard?<\/p><p>Dashboards der ikke har et form\u00e5l ender oftest med at blive bygget til en version 1.0 og bliver dern\u00e6st glemt. Et dashboard uden et hvorfor, ved ikke hvilket problem det pr\u00f8ver at l\u00f8se, og lander ofte et sted midt imellem ligegyldigt og ubrugeligt.<\/p><p>Udfyld formularen her for at downloade Dashboard guiden. Ved download tilmelder du dig samtidig vores nyhedsbrev (kan afmeldes til enhver tid).<\/p>\t\t\t\t\t\t\t\t<\/div>\n\t\t\t\t<\/div>\n\t\t\t\t<\/div>\n\t\t<div class=\"elementor-element elementor-element-fede8b9 e-con-full e-flex e-con e-child\" data-id=\"fede8b9\" data-element_type=\"container\" data-e-type=\"container\">\n\t\t\t\t<div class=\"elementor-element elementor-element-87bf964 hubspot-form elementor-widget elementor-widget-html\" data-id=\"87bf964\" data-element_type=\"widget\" data-e-type=\"widget\" data-widget_type=\"html.default\">\n\t\t\t\t<div class=\"elementor-widget-container\">\n\t\t\t\t\t<script charset=\"utf-8\" type=\"text\/javascript\" src=\"https:\/\/js-eu1.hsforms.net\/forms\/embed\/v2.js\"><\/script>\n<script>\n  hbspt.forms.create({\n    region: \"eu1\",\n    portalId: \"25852745\",\n    formId: \"1b6f9844-2c60-4c67-83b5-3a77902fb443\"\n  });\n<\/script>\n\n<script>\n\t\n\tsetTimeout(function() {\n\t\tlet currentURL = window.location.href;\n\t\tconsole.log(currentURL);\n\t\n\t\tvar inputField = document.querySelector('input[name=\"inboundcph_form_submit_url\"]');\n\t\tinputField.value = currentURL;\n\t}, 2000);\n\t\n<\/script>\t\t\t\t<\/div>\n\t\t\t\t<\/div>\n\t\t\t\t<\/div>\n\t\t\t\t\t<\/div>\n\t\t\t\t<\/div>\n\t\t\t\t<\/div>\n\t\t","protected":false},"excerpt":{"rendered":"<p>Dashboard Guide F\u00e5 en guide til dashboards DASHBOARD-GUIDE Download dashboard-guiden Det kan v\u00e6re en rigtig god id\u00e9 at investere i et dashboard. Et godt dashboard er med til at sikre, at man altid har forretningskritisk data til r\u00e5dighed, samt at din data er visualiseret og dermed nemmere at tolke. Men inden du selv g\u00e5r i [&hellip;]<\/p>\n","protected":false},"author":2,"featured_media":0,"parent":18134,"menu_order":0,"comment_status":"closed","ping_status":"closed","template":"elementor_header_footer","meta":{"_acf_changed":false,"footnotes":""},"class_list":["post-18247","page","type-page","status-publish","hentry"],"acf":[],"yoast_head":"<!-- This site is optimized with the Yoast SEO Premium plugin v27.3 (Yoast SEO v27.4) - https:\/\/yoast.com\/product\/yoast-seo-premium-wordpress\/ -->\n<title>Dashboard Guide | Download vores guide her \u2013 InboundCPH<\/title>\n<meta name=\"description\" content=\"Download et gratis eksemplar af vores Dashboard Guide. En anvendelsesorienteret guide til dig der vil starte arbejdet med et Dashboard.\" \/>\n<meta name=\"robots\" content=\"index, follow, max-snippet:-1, max-image-preview:large, max-video-preview:-1\" \/>\n<link rel=\"canonical\" href=\"https:\/\/inboundcph.dk\/en\/giveaways\/dashboard-guide-2\/\" \/>\n<meta property=\"og:locale\" content=\"en_US\" \/>\n<meta property=\"og:type\" content=\"article\" \/>\n<meta property=\"og:title\" content=\"Download Dashboard Guide\" \/>\n<meta property=\"og:description\" content=\"Download et gratis eksemplar af vores Dashboard Guide. En anvendelsesorienteret guide til dig der vil starte arbejdet med et Dashboard.\" \/>\n<meta property=\"og:url\" content=\"https:\/\/inboundcph.dk\/en\/giveaways\/dashboard-guide-2\/\" \/>\n<meta property=\"og:site_name\" content=\"InboundCPH\" \/>\n<meta property=\"article:publisher\" content=\"https:\/\/www.facebook.com\/inboundcph\" \/>\n<meta property=\"article:modified_time\" content=\"2026-03-27T14:19:59+00:00\" \/>\n<meta property=\"og:image\" content=\"https:\/\/inboundcph.dk\/wp-content\/uploads\/2024\/05\/Kontakt-os.jpg\" \/>\n\t<meta property=\"og:image:width\" content=\"1200\" \/>\n\t<meta property=\"og:image:height\" content=\"628\" \/>\n\t<meta property=\"og:image:type\" content=\"image\/jpeg\" \/>\n<meta name=\"twitter:card\" content=\"summary_large_image\" \/>\n<meta name=\"twitter:label1\" content=\"Est. reading time\" \/>\n\t<meta name=\"twitter:data1\" content=\"1 minute\" \/>\n<script type=\"application\/ld+json\" class=\"yoast-schema-graph\">{\"@context\":\"https:\\\/\\\/schema.org\",\"@graph\":[{\"@type\":\"WebPage\",\"@id\":\"https:\\\/\\\/inboundcph.dk\\\/giveaways\\\/dashboard-guide\\\/\",\"url\":\"https:\\\/\\\/inboundcph.dk\\\/giveaways\\\/dashboard-guide\\\/\",\"name\":\"Dashboard Guide | Download vores guide her \u2013 InboundCPH\",\"isPartOf\":{\"@id\":\"https:\\\/\\\/inboundcph.dk\\\/#website\"},\"datePublished\":\"2024-04-30T11:29:23+00:00\",\"dateModified\":\"2026-03-27T14:19:59+00:00\",\"description\":\"Download et gratis eksemplar af vores Dashboard Guide. En anvendelsesorienteret guide til dig der vil starte arbejdet med et Dashboard.\",\"breadcrumb\":{\"@id\":\"https:\\\/\\\/inboundcph.dk\\\/giveaways\\\/dashboard-guide\\\/#breadcrumb\"},\"inLanguage\":\"en-US\",\"potentialAction\":[{\"@type\":\"ReadAction\",\"target\":[\"https:\\\/\\\/inboundcph.dk\\\/giveaways\\\/dashboard-guide\\\/\"]}]},{\"@type\":\"BreadcrumbList\",\"@id\":\"https:\\\/\\\/inboundcph.dk\\\/giveaways\\\/dashboard-guide\\\/#breadcrumb\",\"itemListElement\":[{\"@type\":\"ListItem\",\"position\":1,\"name\":\"Home\",\"item\":\"https:\\\/\\\/inboundcph.dk\\\/\"},{\"@type\":\"ListItem\",\"position\":2,\"name\":\"Giveaways\",\"item\":\"https:\\\/\\\/inboundcph.dk\\\/giveaways\\\/\"},{\"@type\":\"ListItem\",\"position\":3,\"name\":\"Download Dashboard Guide\"}]},{\"@type\":\"WebSite\",\"@id\":\"https:\\\/\\\/inboundcph.dk\\\/#website\",\"url\":\"https:\\\/\\\/inboundcph.dk\\\/\",\"name\":\"InboundCPH\",\"description\":\"Specialister i digital marketing\",\"publisher\":{\"@id\":\"https:\\\/\\\/inboundcph.dk\\\/#organization\"},\"potentialAction\":[{\"@type\":\"SearchAction\",\"target\":{\"@type\":\"EntryPoint\",\"urlTemplate\":\"https:\\\/\\\/inboundcph.dk\\\/?s={search_term_string}\"},\"query-input\":{\"@type\":\"PropertyValueSpecification\",\"valueRequired\":true,\"valueName\":\"search_term_string\"}}],\"inLanguage\":\"en-US\"},{\"@type\":\"Organization\",\"@id\":\"https:\\\/\\\/inboundcph.dk\\\/#organization\",\"name\":\"InboundCPH A\\\/S\",\"alternateName\":\"InboundCPH\",\"url\":\"https:\\\/\\\/inboundcph.dk\\\/\",\"logo\":{\"@type\":\"ImageObject\",\"inLanguage\":\"en-US\",\"@id\":\"https:\\\/\\\/inboundcph.dk\\\/#\\\/schema\\\/logo\\\/image\\\/\",\"url\":\"https:\\\/\\\/inboundcph.dk\\\/wp-content\\\/uploads\\\/2024\\\/04\\\/logo-dark-med-ikon_20211_new.webp\",\"contentUrl\":\"https:\\\/\\\/inboundcph.dk\\\/wp-content\\\/uploads\\\/2024\\\/04\\\/logo-dark-med-ikon_20211_new.webp\",\"width\":550,\"height\":109,\"caption\":\"InboundCPH A\\\/S\"},\"image\":{\"@id\":\"https:\\\/\\\/inboundcph.dk\\\/#\\\/schema\\\/logo\\\/image\\\/\"},\"sameAs\":[\"https:\\\/\\\/www.facebook.com\\\/inboundcph\",\"https:\\\/\\\/dk.linkedin.com\\\/company\\\/inbound-cph\"],\"email\":\"ir@inboundcph.dk\",\"telephone\":\"27297720\",\"legalName\":\"InboundCPH A\\\/S\",\"foundingDate\":\"2013-02-03\",\"vatID\":\"DK39607255\",\"numberOfEmployees\":{\"@type\":\"QuantitativeValue\",\"value\":\"30\"}}]}<\/script>\n<!-- \/ Yoast SEO Premium plugin. -->","yoast_head_json":{"title":"Dashboard Guide | Download our guide here - InboundCPH","description":"Download a free copy of our Dashboard Guide. An application-oriented guide for those who want to start working with a Dashboard.","robots":{"index":"index","follow":"follow","max-snippet":"max-snippet:-1","max-image-preview":"max-image-preview:large","max-video-preview":"max-video-preview:-1"},"canonical":"https:\/\/inboundcph.dk\/en\/giveaways\/dashboard-guide-2\/","og_locale":"en_US","og_type":"article","og_title":"Download Dashboard Guide","og_description":"Download et gratis eksemplar af vores Dashboard Guide. En anvendelsesorienteret guide til dig der vil starte arbejdet med et Dashboard.","og_url":"https:\/\/inboundcph.dk\/en\/giveaways\/dashboard-guide-2\/","og_site_name":"InboundCPH","article_publisher":"https:\/\/www.facebook.com\/inboundcph","article_modified_time":"2026-03-27T14:19:59+00:00","og_image":[{"width":1200,"height":628,"url":"https:\/\/inboundcph.dk\/wp-content\/uploads\/2024\/05\/Kontakt-os.jpg","type":"image\/jpeg"}],"twitter_card":"summary_large_image","twitter_misc":{"Est. reading time":"1 minute"},"schema":{"@context":"https:\/\/schema.org","@graph":[{"@type":"WebPage","@id":"https:\/\/inboundcph.dk\/giveaways\/dashboard-guide\/","url":"https:\/\/inboundcph.dk\/giveaways\/dashboard-guide\/","name":"Dashboard Guide | Download our guide here - InboundCPH","isPartOf":{"@id":"https:\/\/inboundcph.dk\/#website"},"datePublished":"2024-04-30T11:29:23+00:00","dateModified":"2026-03-27T14:19:59+00:00","description":"Download a free copy of our Dashboard Guide. An application-oriented guide for those who want to start working with a Dashboard.","breadcrumb":{"@id":"https:\/\/inboundcph.dk\/giveaways\/dashboard-guide\/#breadcrumb"},"inLanguage":"en-US","potentialAction":[{"@type":"ReadAction","target":["https:\/\/inboundcph.dk\/giveaways\/dashboard-guide\/"]}]},{"@type":"BreadcrumbList","@id":"https:\/\/inboundcph.dk\/giveaways\/dashboard-guide\/#breadcrumb","itemListElement":[{"@type":"ListItem","position":1,"name":"Home","item":"https:\/\/inboundcph.dk\/"},{"@type":"ListItem","position":2,"name":"Giveaways","item":"https:\/\/inboundcph.dk\/giveaways\/"},{"@type":"ListItem","position":3,"name":"Download Dashboard Guide"}]},{"@type":"WebSite","@id":"https:\/\/inboundcph.dk\/#website","url":"https:\/\/inboundcph.dk\/","name":"InboundCPH","description":"Digital marketing specialists","publisher":{"@id":"https:\/\/inboundcph.dk\/#organization"},"potentialAction":[{"@type":"SearchAction","target":{"@type":"EntryPoint","urlTemplate":"https:\/\/inboundcph.dk\/?s={search_term_string}"},"query-input":{"@type":"PropertyValueSpecification","valueRequired":true,"valueName":"search_term_string"}}],"inLanguage":"en-US"},{"@type":"Organization","@id":"https:\/\/inboundcph.dk\/#organization","name":"InboundCPH A\/S","alternateName":"InboundCPH","url":"https:\/\/inboundcph.dk\/","logo":{"@type":"ImageObject","inLanguage":"en-US","@id":"https:\/\/inboundcph.dk\/#\/schema\/logo\/image\/","url":"https:\/\/inboundcph.dk\/wp-content\/uploads\/2024\/04\/logo-dark-med-ikon_20211_new.webp","contentUrl":"https:\/\/inboundcph.dk\/wp-content\/uploads\/2024\/04\/logo-dark-med-ikon_20211_new.webp","width":550,"height":109,"caption":"InboundCPH A\/S"},"image":{"@id":"https:\/\/inboundcph.dk\/#\/schema\/logo\/image\/"},"sameAs":["https:\/\/www.facebook.com\/inboundcph","https:\/\/dk.linkedin.com\/company\/inbound-cph"],"email":"ir@inboundcph.dk","telephone":"27297720","legalName":"InboundCPH A\/S","foundingDate":"2013-02-03","vatID":"DK39607255","numberOfEmployees":{"@type":"QuantitativeValue","value":"30"}}]}},"_links":{"self":[{"href":"https:\/\/inboundcph.dk\/en\/wp-json\/wp\/v2\/pages\/18247","targetHints":{"allow":["GET"]}}],"collection":[{"href":"https:\/\/inboundcph.dk\/en\/wp-json\/wp\/v2\/pages"}],"about":[{"href":"https:\/\/inboundcph.dk\/en\/wp-json\/wp\/v2\/types\/page"}],"author":[{"embeddable":true,"href":"https:\/\/inboundcph.dk\/en\/wp-json\/wp\/v2\/users\/2"}],"replies":[{"embeddable":true,"href":"https:\/\/inboundcph.dk\/en\/wp-json\/wp\/v2\/comments?post=18247"}],"version-history":[{"count":3,"href":"https:\/\/inboundcph.dk\/en\/wp-json\/wp\/v2\/pages\/18247\/revisions"}],"predecessor-version":[{"id":23949,"href":"https:\/\/inboundcph.dk\/en\/wp-json\/wp\/v2\/pages\/18247\/revisions\/23949"}],"up":[{"embeddable":true,"href":"https:\/\/inboundcph.dk\/en\/wp-json\/wp\/v2\/pages\/18134"}],"wp:attachment":[{"href":"https:\/\/inboundcph.dk\/en\/wp-json\/wp\/v2\/media?parent=18247"}],"curies":[{"name":"wp","href":"https:\/\/api.w.org\/{rel}","templated":true}]}}